{"id":8050,"date":"2024-02-17T15:23:08","date_gmt":"2024-02-17T13:23:08","guid":{"rendered":"https:\/\/grigiskiukc.lt\/?page_id=8050"},"modified":"2026-04-02T15:02:01","modified_gmt":"2026-04-02T12:02:01","slug":"parodos","status":"publish","type":"page","link":"https:\/\/grigiskiukc.lt\/en\/parodos\/","title":{"rendered":"Veikian\u010dios parodos"},"content":{"rendered":"<div data-elementor-type=\"wp-page\" data-elementor-id=\"8050\" class=\"elementor elementor-8050\">\n\t\t\t\t\t\t<section class=\"elementor-section elementor-top-section elementor-element elementor-element-437c4d6 elementor-section-boxed elementor-section-height-default elementor-section-height-default sc_fly_static\" data-id=\"437c4d6\" data-element_type=\"section\">\n\t\t\t\t\t\t<div class=\"elementor-container elementor-column-gap-extended\">\n\t\t\t\t\t<div class=\"elementor-column elementor-col-100 elementor-top-column elementor-element elementor-element-39810e1 sc_content_align_inherit sc_layouts_column_icons_position_left sc_fly_static\" data-id=\"39810e1\" data-element_type=\"column\">\n\t\t\t<div class=\"elementor-widget-wrap elementor-element-populated\">\n\t\t\t\t\t\t<div class=\"elementor-element elementor-element-d441303 sc_height_huge sc_fly_static elementor-widget elementor-widget-spacer\" data-id=\"d441303\" data-element_type=\"widget\" data-widget_type=\"spacer.default\">\n\t\t\t\t<div class=\"elementor-widget-container\">\n\t\t\t\t\t\t\t<div class=\"elementor-spacer\">\n\t\t\t<div class=\"elementor-spacer-inner\"><\/div>\n\t\t<\/div>\n\t\t\t\t\t\t<\/div>\n\t\t\t\t<\/div>\n\t\t\t\t\t<\/div>\n\t\t<\/div>\n\t\t\t\t\t<\/div>\n\t\t<\/section>\n\t\t\t\t<section class=\"elementor-section elementor-top-section elementor-element elementor-element-ab3dbd5 elementor-section-boxed elementor-section-height-default elementor-section-height-default sc_fly_static\" data-id=\"ab3dbd5\" data-element_type=\"section\">\n\t\t\t\t\t\t<div class=\"elementor-container elementor-column-gap-extended\">\n\t\t\t\t\t<div class=\"elementor-column elementor-col-100 elementor-top-column elementor-element elementor-element-1c7035d sc_content_align_inherit sc_layouts_column_icons_position_left sc_fly_static\" data-id=\"1c7035d\" data-element_type=\"column\">\n\t\t\t<div class=\"elementor-widget-wrap elementor-element-populated\">\n\t\t\t\t\t\t<div class=\"elementor-element elementor-element-7133f4e sc_fly_static elementor-widget elementor-widget-spacer\" data-id=\"7133f4e\" data-element_type=\"widget\" data-widget_type=\"spacer.default\">\n\t\t\t\t<div class=\"elementor-widget-container\">\n\t\t\t\t\t\t\t<div class=\"elementor-spacer\">\n\t\t\t<div class=\"elementor-spacer-inner\"><\/div>\n\t\t<\/div>\n\t\t\t\t\t\t<\/div>\n\t\t\t\t<\/div>\n\t\t\t\t\t<\/div>\n\t\t<\/div>\n\t\t\t\t\t<\/div>\n\t\t<\/section>\n\t\t\t\t<section class=\"elementor-section elementor-top-section elementor-element elementor-element-cd6be7d elementor-section-boxed elementor-section-height-default elementor-section-height-default sc_fly_static\" data-id=\"cd6be7d\" data-element_type=\"section\">\n\t\t\t\t\t\t<div class=\"elementor-container elementor-column-gap-extended\">\n\t\t\t\t\t<div class=\"elementor-column elementor-col-100 elementor-top-column elementor-element elementor-element-55f99a4 sc_content_align_inherit sc_layouts_column_icons_position_left sc_fly_static\" data-id=\"55f99a4\" data-element_type=\"column\">\n\t\t\t<div class=\"elementor-widget-wrap elementor-element-populated\">\n\t\t\t\t\t\t<section class=\"elementor-section elementor-inner-section elementor-element elementor-element-d14ae29 elementor-section-boxed elementor-section-height-default elementor-section-height-default sc_fly_static\" data-id=\"d14ae29\" data-element_type=\"section\">\n\t\t\t\t\t\t<div class=\"elementor-container elementor-column-gap-extended\">\n\t\t\t\t\t<div class=\"elementor-column elementor-col-50 elementor-inner-column elementor-element elementor-element-eef59cd sc_content_align_inherit sc_layouts_column_icons_position_left sc_fly_static\" data-id=\"eef59cd\" data-element_type=\"column\">\n\t\t\t<div class=\"elementor-widget-wrap elementor-element-populated\">\n\t\t\t\t\t\t<div class=\"elementor-element elementor-element-df440fc sc_fly_static elementor-widget elementor-widget-heading\" data-id=\"df440fc\" data-element_type=\"widget\" data-widget_type=\"heading.default\">\n\t\t\t\t<div class=\"elementor-widget-container\">\n\t\t\t\t\t<h1 class=\"elementor-heading-title elementor-size-default\">\u0160iuo metu eksponuojama:<\/h1>\t\t\t\t<\/div>\n\t\t\t\t<\/div>\n\t\t\t\t<div class=\"elementor-element elementor-element-7f7b7c9 sc_fly_static elementor-widget elementor-widget-spacer\" data-id=\"7f7b7c9\" data-element_type=\"widget\" data-widget_type=\"spacer.default\">\n\t\t\t\t<div class=\"elementor-widget-container\">\n\t\t\t\t\t\t\t<div class=\"elementor-spacer\">\n\t\t\t<div class=\"elementor-spacer-inner\"><\/div>\n\t\t<\/div>\n\t\t\t\t\t\t<\/div>\n\t\t\t\t<\/div>\n\t\t\t\t<div class=\"elementor-element elementor-element-c0e682c sc_fly_static elementor-widget elementor-widget-heading\" data-id=\"c0e682c\" data-element_type=\"widget\" data-widget_type=\"heading.default\">\n\t\t\t\t<div class=\"elementor-widget-container\">\n\t\t\t\t\t<h2 class=\"elementor-heading-title elementor-size-default\">Grigi\u0161ki\u0173 kult\u016bros centro moter\u0173 klubo studijos \u201eArtbaltica\u201c darb\u0173 paroda \u201ePavasario nuotaika\u201c.<\/h2>\t\t\t\t<\/div>\n\t\t\t\t<\/div>\n\t\t\t\t<div class=\"elementor-element elementor-element-66280fb sc_fly_static elementor-widget elementor-widget-spacer\" data-id=\"66280fb\" data-element_type=\"widget\" data-widget_type=\"spacer.default\">\n\t\t\t\t<div class=\"elementor-widget-container\">\n\t\t\t\t\t\t\t<div class=\"elementor-spacer\">\n\t\t\t<div class=\"elementor-spacer-inner\"><\/div>\n\t\t<\/div>\n\t\t\t\t\t\t<\/div>\n\t\t\t\t<\/div>\n\t\t\t\t<div class=\"elementor-element elementor-element-1a58537 elementor-position-left elementor-vertical-align-middle elementor-view-default elementor-mobile-position-top sc_fly_static elementor-widget elementor-widget-icon-box\" data-id=\"1a58537\" data-element_type=\"widget\" data-widget_type=\"icon-box.default\">\n\t\t\t\t<div class=\"elementor-widget-container\">\n\t\t\t\t\t\t\t<div class=\"elementor-icon-box-wrapper\">\n\n\t\t\t\t\t\t<div class=\"elementor-icon-box-icon\">\n\t\t\t\t<span  class=\"elementor-icon\">\n\t\t\t\t<i aria-hidden=\"true\" class=\"fas fa-map-marker-alt\"><\/i>\t\t\t\t<\/span>\n\t\t\t<\/div>\n\t\t\t\n\t\t\t\t\t\t<div class=\"elementor-icon-box-content\">\n\n\t\t\t\t\t\t\t\t\t<h3 class=\"elementor-icon-box-title\">\n\t\t\t\t\t\t<span  >\n\t\t\t\t\t\t\tVieta:\t\t\t\t\t\t<\/span>\n\t\t\t\t\t<\/h3>\n\t\t\t\t\n\t\t\t\t\t\t\t\t\t<p class=\"elementor-icon-box-description\">\n\t\t\t\t\t\tGrigi\u0161ki\u0173 kult\u016bros centro ma\u017eoji sal\u0117 <br> Vilniaus g. 12, Grigi\u0161k\u0117s\t\t\t\t\t<\/p>\n\t\t\t\t\n\t\t\t<\/div>\n\t\t\t\n\t\t<\/div>\n\t\t\t\t\t\t<\/div>\n\t\t\t\t<\/div>\n\t\t\t\t<div class=\"elementor-element elementor-element-1fed76c elementor-widget-divider--view-line sc_fly_static elementor-widget elementor-widget-divider\" data-id=\"1fed76c\" data-element_type=\"widget\" data-widget_type=\"divider.default\">\n\t\t\t\t<div class=\"elementor-widget-container\">\n\t\t\t\t\t\t\t<div class=\"elementor-divider\">\n\t\t\t<span class=\"elementor-divider-separator\">\n\t\t\t\t\t\t<\/span>\n\t\t<\/div>\n\t\t\t\t\t\t<\/div>\n\t\t\t\t<\/div>\n\t\t\t\t<div class=\"elementor-element elementor-element-14e7082 elementor-position-left elementor-vertical-align-middle elementor-view-default elementor-mobile-position-top sc_fly_static elementor-widget elementor-widget-icon-box\" data-id=\"14e7082\" data-element_type=\"widget\" data-widget_type=\"icon-box.default\">\n\t\t\t\t<div class=\"elementor-widget-container\">\n\t\t\t\t\t\t\t<div class=\"elementor-icon-box-wrapper\">\n\n\t\t\t\t\t\t<div class=\"elementor-icon-box-icon\">\n\t\t\t\t<span  class=\"elementor-icon\">\n\t\t\t\t<i aria-hidden=\"true\" class=\"far fa-calendar-plus\"><\/i>\t\t\t\t<\/span>\n\t\t\t<\/div>\n\t\t\t\n\t\t\t\t\t\t<div class=\"elementor-icon-box-content\">\n\n\t\t\t\t\t\t\t\t\t<h3 class=\"elementor-icon-box-title\">\n\t\t\t\t\t\t<span  >\n\t\t\t\t\t\t\tAtidarymas:\t\t\t\t\t\t<\/span>\n\t\t\t\t\t<\/h3>\n\t\t\t\t\n\t\t\t\t\t\t\t\t\t<p class=\"elementor-icon-box-description\">\n\t\t\t\t\t\t2026 m. baland\u017eio 2 d.\t\t\t\t\t<\/p>\n\t\t\t\t\n\t\t\t<\/div>\n\t\t\t\n\t\t<\/div>\n\t\t\t\t\t\t<\/div>\n\t\t\t\t<\/div>\n\t\t\t\t<div class=\"elementor-element elementor-element-31adb87 elementor-widget-divider--view-line sc_fly_static elementor-widget elementor-widget-divider\" data-id=\"31adb87\" data-element_type=\"widget\" data-widget_type=\"divider.default\">\n\t\t\t\t<div class=\"elementor-widget-container\">\n\t\t\t\t\t\t\t<div class=\"elementor-divider\">\n\t\t\t<span class=\"elementor-divider-separator\">\n\t\t\t\t\t\t<\/span>\n\t\t<\/div>\n\t\t\t\t\t\t<\/div>\n\t\t\t\t<\/div>\n\t\t\t\t<div class=\"elementor-element elementor-element-2fc8861 elementor-position-left elementor-vertical-align-middle elementor-view-default elementor-mobile-position-top sc_fly_static elementor-widget elementor-widget-icon-box\" data-id=\"2fc8861\" data-element_type=\"widget\" data-widget_type=\"icon-box.default\">\n\t\t\t\t<div class=\"elementor-widget-container\">\n\t\t\t\t\t\t\t<div class=\"elementor-icon-box-wrapper\">\n\n\t\t\t\t\t\t<div class=\"elementor-icon-box-icon\">\n\t\t\t\t<span  class=\"elementor-icon\">\n\t\t\t\t<i aria-hidden=\"true\" class=\"far fa-calendar-minus\"><\/i>\t\t\t\t<\/span>\n\t\t\t<\/div>\n\t\t\t\n\t\t\t\t\t\t<div class=\"elementor-icon-box-content\">\n\n\t\t\t\t\t\t\t\t\t<h3 class=\"elementor-icon-box-title\">\n\t\t\t\t\t\t<span  >\n\t\t\t\t\t\t\tVeikia iki:\t\t\t\t\t\t<\/span>\n\t\t\t\t\t<\/h3>\n\t\t\t\t\n\t\t\t\t\t\t\t\t\t<p class=\"elementor-icon-box-description\">\n\t\t\t\t\t\t2026 m. baland\u017eio 30 d.\t\t\t\t\t<\/p>\n\t\t\t\t\n\t\t\t<\/div>\n\t\t\t\n\t\t<\/div>\n\t\t\t\t\t\t<\/div>\n\t\t\t\t<\/div>\n\t\t\t\t<div class=\"elementor-element elementor-element-0a0d902 elementor-widget-divider--view-line sc_fly_static elementor-widget elementor-widget-divider\" data-id=\"0a0d902\" data-element_type=\"widget\" data-widget_type=\"divider.default\">\n\t\t\t\t<div class=\"elementor-widget-container\">\n\t\t\t\t\t\t\t<div class=\"elementor-divider\">\n\t\t\t<span class=\"elementor-divider-separator\">\n\t\t\t\t\t\t<\/span>\n\t\t<\/div>\n\t\t\t\t\t\t<\/div>\n\t\t\t\t<\/div>\n\t\t\t\t<div class=\"elementor-element elementor-element-3e30c43 elementor-position-left elementor-vertical-align-middle elementor-view-default elementor-mobile-position-top sc_fly_static elementor-widget elementor-widget-icon-box\" data-id=\"3e30c43\" data-element_type=\"widget\" data-widget_type=\"icon-box.default\">\n\t\t\t\t<div class=\"elementor-widget-container\">\n\t\t\t\t\t\t\t<div class=\"elementor-icon-box-wrapper\">\n\n\t\t\t\t\t\t<div class=\"elementor-icon-box-icon\">\n\t\t\t\t<span  class=\"elementor-icon\">\n\t\t\t\t<i aria-hidden=\"true\" class=\"far fa-clock\"><\/i>\t\t\t\t<\/span>\n\t\t\t<\/div>\n\t\t\t\n\t\t\t\t\t\t<div class=\"elementor-icon-box-content\">\n\n\t\t\t\t\t\t\t\t\t<h3 class=\"elementor-icon-box-title\">\n\t\t\t\t\t\t<span  >\n\t\t\t\t\t\t\tLankymo valandos:\t\t\t\t\t\t<\/span>\n\t\t\t\t\t<\/h3>\n\t\t\t\t\n\t\t\t\t\t\t\t\t\t<p class=\"elementor-icon-box-description\">\n\t\t\t\t\t\tI-V:  09:00 \u2013 17:00\t\t\t\t\t<\/p>\n\t\t\t\t\n\t\t\t<\/div>\n\t\t\t\n\t\t<\/div>\n\t\t\t\t\t\t<\/div>\n\t\t\t\t<\/div>\n\t\t\t\t\t<\/div>\n\t\t<\/div>\n\t\t\t\t<div class=\"elementor-column elementor-col-50 elementor-inner-column elementor-element elementor-element-7f92749 sc_content_align_inherit sc_layouts_column_icons_position_left sc_fly_static\" data-id=\"7f92749\" data-element_type=\"column\">\n\t\t\t<div class=\"elementor-widget-wrap elementor-element-populated\">\n\t\t\t\t\t\t<div class=\"elementor-element elementor-element-c5483f0 sc_layouts_hide_on_wide sc_layouts_hide_on_desktop sc_layouts_hide_on_notebook sc_layouts_hide_on_tablet sc_fly_static elementor-widget elementor-widget-spacer\" data-id=\"c5483f0\" data-element_type=\"widget\" data-widget_type=\"spacer.default\">\n\t\t\t\t<div class=\"elementor-widget-container\">\n\t\t\t\t\t\t\t<div class=\"elementor-spacer\">\n\t\t\t<div class=\"elementor-spacer-inner\"><\/div>\n\t\t<\/div>\n\t\t\t\t\t\t<\/div>\n\t\t\t\t<\/div>\n\t\t\t\t<div class=\"elementor-element elementor-element-8e27346 sc_fly_static elementor-widget elementor-widget-image\" data-id=\"8e27346\" data-element_type=\"widget\" data-widget_type=\"image.default\">\n\t\t\t\t<div class=\"elementor-widget-container\">\n\t\t\t\t\t\t\t\t\t\t\t\t\t\t\t<img fetchpriority=\"high\" decoding=\"async\" width=\"1080\" height=\"1350\" src=\"https:\/\/grigiskiukc.lt\/wp-content\/uploads\/2026\/04\/Welcome-to-2.jpg\" class=\"attachment-full size-full wp-image-12253\" alt=\"\" srcset=\"https:\/\/grigiskiukc.lt\/wp-content\/uploads\/2026\/04\/Welcome-to-2.jpg 1080w, https:\/\/grigiskiukc.lt\/wp-content\/uploads\/2026\/04\/Welcome-to-2-240x300.jpg 240w, https:\/\/grigiskiukc.lt\/wp-content\/uploads\/2026\/04\/Welcome-to-2-819x1024.jpg 819w, https:\/\/grigiskiukc.lt\/wp-content\/uploads\/2026\/04\/Welcome-to-2-768x960.jpg 768w, https:\/\/grigiskiukc.lt\/wp-content\/uploads\/2026\/04\/Welcome-to-2-10x12.jpg 10w, https:\/\/grigiskiukc.lt\/wp-content\/uploads\/2026\/04\/Welcome-to-2-370x463.jpg 370w, https:\/\/grigiskiukc.lt\/wp-content\/uploads\/2026\/04\/Welcome-to-2-840x1050.jpg 840w, https:\/\/grigiskiukc.lt\/wp-content\/uploads\/2026\/04\/Welcome-to-2-410x513.jpg 410w, https:\/\/grigiskiukc.lt\/wp-content\/uploads\/2026\/04\/Welcome-to-2-160x200.jpg 160w\" sizes=\"(max-width: 1080px) 100vw, 1080px\" \/>\t\t\t\t\t\t\t\t\t\t\t\t\t\t\t<\/div>\n\t\t\t\t<\/div>\n\t\t\t\t\t<\/div>\n\t\t<\/div>\n\t\t\t\t\t<\/div>\n\t\t<\/section>\n\t\t\t\t\t<\/div>\n\t\t<\/div>\n\t\t\t\t\t<\/div>\n\t\t<\/section>\n\t\t\t\t<\/div>","protected":false},"excerpt":{"rendered":"<p>\u0160iuo metu eksponuojama: Grigi\u0161ki\u0173 kult\u016bros centro moter\u0173 klubo studijos \u201eArtbaltica\u201c darb\u0173 paroda \u201ePavasario nuotaika\u201c. Vieta: Grigi\u0161ki\u0173 kult\u016bros centro ma\u017eoji sal\u0117 Vilniaus g. 12, Grigi\u0161k\u0117s Atidarymas: 2026 m. baland\u017eio 2 d.&hellip;<\/p>","protected":false},"author":1,"featured_media":0,"parent":0,"menu_order":0,"comment_status":"closed","ping_status":"closed","template":"","meta":{"footnotes":""},"yoast_head":"<!-- This site is optimized with the Yoast SEO plugin v24.5 - https:\/\/yoast.com\/wordpress\/plugins\/seo\/ -->\n<title>Veikian\u010dios parodos &#8211; Grigi\u0161ki\u0173 kult\u016bros centras<\/title>\n<meta name=\"robots\" content=\"index, follow, max-snippet:-1, max-image-preview:large, max-video-preview:-1\" \/>\n<link rel=\"canonical\" href=\"https:\/\/grigiskiukc.lt\/en\/parodos\/\" \/>\n<meta property=\"og:locale\" content=\"en_GB\" \/>\n<meta property=\"og:type\" content=\"article\" \/>\n<meta property=\"og:title\" content=\"Veikian\u010dios parodos &#8211; Grigi\u0161ki\u0173 kult\u016bros centras\" \/>\n<meta property=\"og:description\" content=\"\u0160iuo metu eksponuojama: Grigi\u0161ki\u0173 kult\u016bros centro moter\u0173 klubo studijos \u201eArtbaltica\u201c darb\u0173 paroda \u201ePavasario nuotaika\u201c. Vieta: Grigi\u0161ki\u0173 kult\u016bros centro ma\u017eoji sal\u0117 Vilniaus g. 12, Grigi\u0161k\u0117s Atidarymas: 2026 m. baland\u017eio 2 d.&hellip;\" \/>\n<meta property=\"og:url\" content=\"https:\/\/grigiskiukc.lt\/en\/parodos\/\" \/>\n<meta property=\"og:site_name\" content=\"Grigi\u0161ki\u0173 kult\u016bros centras\" \/>\n<meta property=\"article:publisher\" content=\"https:\/\/www.facebook.com\/GrigiskiuKC\" \/>\n<meta property=\"article:modified_time\" content=\"2026-04-02T12:02:01+00:00\" \/>\n<meta property=\"og:image\" content=\"https:\/\/grigiskiukc.lt\/wp-content\/uploads\/2026\/04\/Welcome-to-2.jpg\" \/>\n\t<meta property=\"og:image:width\" content=\"1080\" \/>\n\t<meta property=\"og:image:height\" content=\"1350\" \/>\n\t<meta property=\"og:image:type\" content=\"image\/jpeg\" \/>\n<meta name=\"twitter:card\" content=\"summary_large_image\" \/>\n<meta name=\"twitter:label1\" content=\"Estimated reading time\" \/>\n\t<meta name=\"twitter:data1\" content=\"1 minute\" \/>\n<script type=\"application\/ld+json\" class=\"yoast-schema-graph\">{\"@context\":\"https:\/\/schema.org\",\"@graph\":[{\"@type\":\"WebPage\",\"@id\":\"https:\/\/grigiskiukc.lt\/parodos\/\",\"url\":\"https:\/\/grigiskiukc.lt\/parodos\/\",\"name\":\"Veikian\u010dios parodos &#8211; Grigi\u0161ki\u0173 kult\u016bros centras\",\"isPartOf\":{\"@id\":\"https:\/\/grigiskiukc.lt\/#website\"},\"primaryImageOfPage\":{\"@id\":\"https:\/\/grigiskiukc.lt\/parodos\/#primaryimage\"},\"image\":{\"@id\":\"https:\/\/grigiskiukc.lt\/parodos\/#primaryimage\"},\"thumbnailUrl\":\"http:\/\/grigiskiukc.lt\/wp-content\/uploads\/2026\/04\/Welcome-to-2.jpg\",\"datePublished\":\"2024-02-17T13:23:08+00:00\",\"dateModified\":\"2026-04-02T12:02:01+00:00\",\"breadcrumb\":{\"@id\":\"https:\/\/grigiskiukc.lt\/parodos\/#breadcrumb\"},\"inLanguage\":\"en-GB\",\"potentialAction\":[{\"@type\":\"ReadAction\",\"target\":[\"https:\/\/grigiskiukc.lt\/parodos\/\"]}]},{\"@type\":\"ImageObject\",\"inLanguage\":\"en-GB\",\"@id\":\"https:\/\/grigiskiukc.lt\/parodos\/#primaryimage\",\"url\":\"http:\/\/grigiskiukc.lt\/wp-content\/uploads\/2026\/04\/Welcome-to-2.jpg\",\"contentUrl\":\"http:\/\/grigiskiukc.lt\/wp-content\/uploads\/2026\/04\/Welcome-to-2.jpg\"},{\"@type\":\"BreadcrumbList\",\"@id\":\"https:\/\/grigiskiukc.lt\/parodos\/#breadcrumb\",\"itemListElement\":[{\"@type\":\"ListItem\",\"position\":1,\"name\":\"Pagrindinis\",\"item\":\"https:\/\/grigiskiukc.lt\/\"},{\"@type\":\"ListItem\",\"position\":2,\"name\":\"Veikian\u010dios parodos\"}]},{\"@type\":\"WebSite\",\"@id\":\"https:\/\/grigiskiukc.lt\/#website\",\"url\":\"https:\/\/grigiskiukc.lt\/\",\"name\":\"Grigi\u0161ki\u0173 kult\u016bros centras\",\"description\":\"\",\"publisher\":{\"@id\":\"https:\/\/grigiskiukc.lt\/#organization\"},\"alternateName\":\"Grigi\u0161ki\u0173 kult\u016bros centras\",\"potentialAction\":[{\"@type\":\"SearchAction\",\"target\":{\"@type\":\"EntryPoint\",\"urlTemplate\":\"https:\/\/grigiskiukc.lt\/?s={search_term_string}\"},\"query-input\":{\"@type\":\"PropertyValueSpecification\",\"valueRequired\":true,\"valueName\":\"search_term_string\"}}],\"inLanguage\":\"en-GB\"},{\"@type\":\"Organization\",\"@id\":\"https:\/\/grigiskiukc.lt\/#organization\",\"name\":\"Grigi\u0161ki\u0173 kult\u016bros centras\",\"url\":\"https:\/\/grigiskiukc.lt\/\",\"logo\":{\"@type\":\"ImageObject\",\"inLanguage\":\"en-GB\",\"@id\":\"https:\/\/grigiskiukc.lt\/#\/schema\/logo\/image\/\",\"url\":\"https:\/\/grigiskiukc.lt\/wp-content\/uploads\/2022\/09\/GKC-logo1.png\",\"contentUrl\":\"https:\/\/grigiskiukc.lt\/wp-content\/uploads\/2022\/09\/GKC-logo1.png\",\"width\":702,\"height\":261,\"caption\":\"Grigi\u0161ki\u0173 kult\u016bros centras\"},\"image\":{\"@id\":\"https:\/\/grigiskiukc.lt\/#\/schema\/logo\/image\/\"},\"sameAs\":[\"https:\/\/www.facebook.com\/GrigiskiuKC\"]}]}<\/script>\n<!-- \/ Yoast SEO plugin. -->","yoast_head_json":{"title":"Veikian\u010dios parodos &#8211; Grigi\u0161ki\u0173 kult\u016bros centras","robots":{"index":"index","follow":"follow","max-snippet":"max-snippet:-1","max-image-preview":"max-image-preview:large","max-video-preview":"max-video-preview:-1"},"canonical":"https:\/\/grigiskiukc.lt\/en\/parodos\/","og_locale":"en_GB","og_type":"article","og_title":"Veikian\u010dios parodos &#8211; Grigi\u0161ki\u0173 kult\u016bros centras","og_description":"\u0160iuo metu eksponuojama: Grigi\u0161ki\u0173 kult\u016bros centro moter\u0173 klubo studijos \u201eArtbaltica\u201c darb\u0173 paroda \u201ePavasario nuotaika\u201c. Vieta: Grigi\u0161ki\u0173 kult\u016bros centro ma\u017eoji sal\u0117 Vilniaus g. 12, Grigi\u0161k\u0117s Atidarymas: 2026 m. baland\u017eio 2 d.&hellip;","og_url":"https:\/\/grigiskiukc.lt\/en\/parodos\/","og_site_name":"Grigi\u0161ki\u0173 kult\u016bros centras","article_publisher":"https:\/\/www.facebook.com\/GrigiskiuKC","article_modified_time":"2026-04-02T12:02:01+00:00","og_image":[{"width":1080,"height":1350,"url":"https:\/\/grigiskiukc.lt\/wp-content\/uploads\/2026\/04\/Welcome-to-2.jpg","type":"image\/jpeg"}],"twitter_card":"summary_large_image","twitter_misc":{"Estimated reading time":"1 minute"},"schema":{"@context":"https:\/\/schema.org","@graph":[{"@type":"WebPage","@id":"https:\/\/grigiskiukc.lt\/parodos\/","url":"https:\/\/grigiskiukc.lt\/parodos\/","name":"Veikian\u010dios parodos &#8211; Grigi\u0161ki\u0173 kult\u016bros centras","isPartOf":{"@id":"https:\/\/grigiskiukc.lt\/#website"},"primaryImageOfPage":{"@id":"https:\/\/grigiskiukc.lt\/parodos\/#primaryimage"},"image":{"@id":"https:\/\/grigiskiukc.lt\/parodos\/#primaryimage"},"thumbnailUrl":"http:\/\/grigiskiukc.lt\/wp-content\/uploads\/2026\/04\/Welcome-to-2.jpg","datePublished":"2024-02-17T13:23:08+00:00","dateModified":"2026-04-02T12:02:01+00:00","breadcrumb":{"@id":"https:\/\/grigiskiukc.lt\/parodos\/#breadcrumb"},"inLanguage":"en-GB","potentialAction":[{"@type":"ReadAction","target":["https:\/\/grigiskiukc.lt\/parodos\/"]}]},{"@type":"ImageObject","inLanguage":"en-GB","@id":"https:\/\/grigiskiukc.lt\/parodos\/#primaryimage","url":"http:\/\/grigiskiukc.lt\/wp-content\/uploads\/2026\/04\/Welcome-to-2.jpg","contentUrl":"http:\/\/grigiskiukc.lt\/wp-content\/uploads\/2026\/04\/Welcome-to-2.jpg"},{"@type":"BreadcrumbList","@id":"https:\/\/grigiskiukc.lt\/parodos\/#breadcrumb","itemListElement":[{"@type":"ListItem","position":1,"name":"Pagrindinis","item":"https:\/\/grigiskiukc.lt\/"},{"@type":"ListItem","position":2,"name":"Veikian\u010dios parodos"}]},{"@type":"WebSite","@id":"https:\/\/grigiskiukc.lt\/#website","url":"https:\/\/grigiskiukc.lt\/","name":"Grigi\u0161ki\u0173 kult\u016bros centras","description":"","publisher":{"@id":"https:\/\/grigiskiukc.lt\/#organization"},"alternateName":"Grigi\u0161ki\u0173 kult\u016bros centras","potentialAction":[{"@type":"SearchAction","target":{"@type":"EntryPoint","urlTemplate":"https:\/\/grigiskiukc.lt\/?s={search_term_string}"},"query-input":{"@type":"PropertyValueSpecification","valueRequired":true,"valueName":"search_term_string"}}],"inLanguage":"en-GB"},{"@type":"Organization","@id":"https:\/\/grigiskiukc.lt\/#organization","name":"Grigi\u0161ki\u0173 kult\u016bros centras","url":"https:\/\/grigiskiukc.lt\/","logo":{"@type":"ImageObject","inLanguage":"en-GB","@id":"https:\/\/grigiskiukc.lt\/#\/schema\/logo\/image\/","url":"https:\/\/grigiskiukc.lt\/wp-content\/uploads\/2022\/09\/GKC-logo1.png","contentUrl":"https:\/\/grigiskiukc.lt\/wp-content\/uploads\/2022\/09\/GKC-logo1.png","width":702,"height":261,"caption":"Grigi\u0161ki\u0173 kult\u016bros centras"},"image":{"@id":"https:\/\/grigiskiukc.lt\/#\/schema\/logo\/image\/"},"sameAs":["https:\/\/www.facebook.com\/GrigiskiuKC"]}]}},"_links":{"self":[{"href":"https:\/\/grigiskiukc.lt\/en\/wp-json\/wp\/v2\/pages\/8050"}],"collection":[{"href":"https:\/\/grigiskiukc.lt\/en\/wp-json\/wp\/v2\/pages"}],"about":[{"href":"https:\/\/grigiskiukc.lt\/en\/wp-json\/wp\/v2\/types\/page"}],"author":[{"embeddable":true,"href":"https:\/\/grigiskiukc.lt\/en\/wp-json\/wp\/v2\/users\/1"}],"replies":[{"embeddable":true,"href":"https:\/\/grigiskiukc.lt\/en\/wp-json\/wp\/v2\/comments?post=8050"}],"version-history":[{"count":143,"href":"https:\/\/grigiskiukc.lt\/en\/wp-json\/wp\/v2\/pages\/8050\/revisions"}],"predecessor-version":[{"id":12268,"href":"https:\/\/grigiskiukc.lt\/en\/wp-json\/wp\/v2\/pages\/8050\/revisions\/12268"}],"wp:attachment":[{"href":"https:\/\/grigiskiukc.lt\/en\/wp-json\/wp\/v2\/media?parent=8050"}],"curies":[{"name":"wp","href":"https:\/\/api.w.org\/{rel}","templated":true}]}}