{"id":7966,"date":"2024-02-14T15:47:22","date_gmt":"2024-02-14T13:47:22","guid":{"rendered":"https:\/\/grigiskiukc.lt\/?page_id=7966"},"modified":"2025-04-10T16:52:24","modified_gmt":"2025-04-10T13:52:24","slug":"parama","status":"publish","type":"page","link":"https:\/\/grigiskiukc.lt\/en\/parama\/","title":{"rendered":"Finansin\u0117s paramos skyrimas"},"content":{"rendered":"<div data-elementor-type=\"wp-page\" data-elementor-id=\"7966\" class=\"elementor elementor-7966\">\n\t\t\t\t\t\t<section class=\"elementor-section elementor-top-section elementor-element elementor-element-437c4d6 elementor-section-boxed elementor-section-height-default elementor-section-height-default sc_fly_static\" data-id=\"437c4d6\" data-element_type=\"section\">\n\t\t\t\t\t\t<div class=\"elementor-container elementor-column-gap-extended\">\n\t\t\t\t\t<div class=\"elementor-column elementor-col-100 elementor-top-column elementor-element elementor-element-39810e1 sc_content_align_inherit sc_layouts_column_icons_position_left sc_fly_static\" data-id=\"39810e1\" data-element_type=\"column\">\n\t\t\t<div class=\"elementor-widget-wrap elementor-element-populated\">\n\t\t\t\t\t\t<div class=\"elementor-element elementor-element-d441303 sc_height_huge sc_fly_static elementor-widget elementor-widget-spacer\" data-id=\"d441303\" data-element_type=\"widget\" data-widget_type=\"spacer.default\">\n\t\t\t\t<div class=\"elementor-widget-container\">\n\t\t\t\t\t\t\t<div class=\"elementor-spacer\">\n\t\t\t<div class=\"elementor-spacer-inner\"><\/div>\n\t\t<\/div>\n\t\t\t\t\t\t<\/div>\n\t\t\t\t<\/div>\n\t\t\t\t<div class=\"elementor-element elementor-element-cd5f40c sc_layouts_hide_on_notebook sc_layouts_hide_on_tablet sc_layouts_hide_on_mobile sc_fly_static elementor-widget elementor-widget-spacer\" data-id=\"cd5f40c\" data-element_type=\"widget\" data-widget_type=\"spacer.default\">\n\t\t\t\t<div class=\"elementor-widget-container\">\n\t\t\t\t\t\t\t<div class=\"elementor-spacer\">\n\t\t\t<div class=\"elementor-spacer-inner\"><\/div>\n\t\t<\/div>\n\t\t\t\t\t\t<\/div>\n\t\t\t\t<\/div>\n\t\t\t\t\t<\/div>\n\t\t<\/div>\n\t\t\t\t\t<\/div>\n\t\t<\/section>\n\t\t\t\t<section class=\"elementor-section elementor-top-section elementor-element elementor-element-ab3dbd5 elementor-section-boxed elementor-section-height-default elementor-section-height-default sc_fly_static\" data-id=\"ab3dbd5\" data-element_type=\"section\">\n\t\t\t\t\t\t<div class=\"elementor-container elementor-column-gap-extended\">\n\t\t\t\t\t<div class=\"elementor-column elementor-col-100 elementor-top-column elementor-element elementor-element-1c7035d sc_content_align_inherit sc_layouts_column_icons_position_left sc_fly_static\" data-id=\"1c7035d\" data-element_type=\"column\">\n\t\t\t<div class=\"elementor-widget-wrap elementor-element-populated\">\n\t\t\t\t\t\t<div class=\"elementor-element elementor-element-1a39a4f sc_fly_static elementor-widget elementor-widget-text-editor\" data-id=\"1a39a4f\" data-element_type=\"widget\" data-widget_type=\"text-editor.default\">\n\t\t\t\t<div class=\"elementor-widget-container\">\n\t\t\t\t\t\t\t\t\t<p>Gerbiami bendruomen\u0117s nariai,\u00a0<\/p><p>param\u0105 galite pervesti tiesiogiai \u012f \u0161i\u0105 s\u0105skait\u0105:<\/p><p>S\u0105skaitos numeris:\u00a0<strong> LT68 4010 0424 0395 1807\u00a0<\/strong><\/p><p><strong>Gav\u0117jas: B\u012e &#8222;Skaitlis&#8221;<\/strong><\/p><p>Mok\u0117jimo paskirtyje nurodykite \u012fstaigos pavadinim\u0105 (kam skirtos l\u0117\u0161os):<strong> PARAMA GRIGI\u0160KI\u0172 KULT\u016aROS CENTRUI<\/strong><\/p><p><span style=\"color: #ff0000;\">J\u016bs\u0173 parama yra labai svarbi \u2013 surinktos l\u0117\u0161os bus naudojamos kult\u016brini\u0173-socialini\u0173 iniciatyv\u0173,<br \/>edukacij\u0173, koncert\u0173, kit\u0173 kult\u016brini\u0173 program\u0173 organizavimui ir \u012fgyvendinimui.<\/span><\/p><p>\u00a0<\/p><p><del><\/del><strong>M\u016bs\u0173 informacija:<\/strong><\/p><p>Paramos gav\u0117jo identifikacinis numeris (kodas) \u2013 188209748<br \/>Paramos gav\u0117jo pavadinimas \u2013 Grigi\u0161ki\u0173 kult\u016bros centras<br \/>Buvein\u0117s adresas: Vilniaus g. 12, LT-27101, Grigi\u0161k\u0117s, Vilniaus m. sav.<\/p>\t\t\t\t\t\t\t\t<\/div>\n\t\t\t\t<\/div>\n\t\t\t\t<div class=\"elementor-element elementor-element-8981946 elementor-widget-divider--view-line sc_fly_static elementor-widget elementor-widget-divider\" data-id=\"8981946\" data-element_type=\"widget\" data-widget_type=\"divider.default\">\n\t\t\t\t<div class=\"elementor-widget-container\">\n\t\t\t\t\t\t\t<div class=\"elementor-divider\">\n\t\t\t<span class=\"elementor-divider-separator\">\n\t\t\t\t\t\t<\/span>\n\t\t<\/div>\n\t\t\t\t\t\t<\/div>\n\t\t\t\t<\/div>\n\t\t\t\t<div class=\"elementor-element elementor-element-45a9b21 sc_fly_static elementor-widget elementor-widget-spacer\" data-id=\"45a9b21\" data-element_type=\"widget\" data-widget_type=\"spacer.default\">\n\t\t\t\t<div class=\"elementor-widget-container\">\n\t\t\t\t\t\t\t<div class=\"elementor-spacer\">\n\t\t\t<div class=\"elementor-spacer-inner\"><\/div>\n\t\t<\/div>\n\t\t\t\t\t\t<\/div>\n\t\t\t\t<\/div>\n\t\t\t\t\t<\/div>\n\t\t<\/div>\n\t\t\t\t\t<\/div>\n\t\t<\/section>\n\t\t\t\t<\/div>","protected":false},"excerpt":{"rendered":"<p>Gerbiami bendruomen\u0117s nariai,\u00a0 param\u0105 galite pervesti tiesiogiai \u012f \u0161i\u0105 s\u0105skait\u0105: S\u0105skaitos numeris:\u00a0 LT68 4010 0424 0395 1807\u00a0 Gav\u0117jas: B\u012e &#8222;Skaitlis&#8221; Mok\u0117jimo paskirtyje nurodykite \u012fstaigos pavadinim\u0105 (kam skirtos l\u0117\u0161os): PARAMA GRIGI\u0160KI\u0172&hellip;<\/p>","protected":false},"author":1,"featured_media":7252,"parent":0,"menu_order":0,"comment_status":"closed","ping_status":"closed","template":"","meta":{"footnotes":""},"yoast_head":"<!-- This site is optimized with the Yoast SEO plugin v24.5 - https:\/\/yoast.com\/wordpress\/plugins\/seo\/ -->\n<title>Finansin\u0117s paramos skyrimas &#8211; Grigi\u0161ki\u0173 kult\u016bros centras<\/title>\n<meta name=\"robots\" content=\"index, follow, max-snippet:-1, max-image-preview:large, max-video-preview:-1\" \/>\n<link rel=\"canonical\" href=\"https:\/\/grigiskiukc.lt\/en\/parama\/\" \/>\n<meta property=\"og:locale\" content=\"en_GB\" \/>\n<meta property=\"og:type\" content=\"article\" \/>\n<meta property=\"og:title\" content=\"Finansin\u0117s paramos skyrimas &#8211; Grigi\u0161ki\u0173 kult\u016bros centras\" \/>\n<meta property=\"og:description\" content=\"Gerbiami bendruomen\u0117s nariai,\u00a0 param\u0105 galite pervesti tiesiogiai \u012f \u0161i\u0105 s\u0105skait\u0105: S\u0105skaitos numeris:\u00a0 LT68 4010 0424 0395 1807\u00a0 Gav\u0117jas: B\u012e &#8222;Skaitlis&#8221; Mok\u0117jimo paskirtyje nurodykite \u012fstaigos pavadinim\u0105 (kam skirtos l\u0117\u0161os): PARAMA GRIGI\u0160KI\u0172&hellip;\" \/>\n<meta property=\"og:url\" content=\"https:\/\/grigiskiukc.lt\/en\/parama\/\" \/>\n<meta property=\"og:site_name\" content=\"Grigi\u0161ki\u0173 kult\u016bros centras\" \/>\n<meta property=\"article:publisher\" content=\"https:\/\/www.facebook.com\/GrigiskiuKC\" \/>\n<meta property=\"article:modified_time\" content=\"2025-04-10T13:52:24+00:00\" \/>\n<meta property=\"og:image\" content=\"http:\/\/grigiskiukc.lt\/wp-content\/uploads\/2024\/01\/IMG_8833-scaled.jpg\" \/>\n\t<meta property=\"og:image:width\" content=\"2560\" \/>\n\t<meta property=\"og:image:height\" content=\"1703\" \/>\n\t<meta property=\"og:image:type\" content=\"image\/jpeg\" \/>\n<meta name=\"twitter:card\" content=\"summary_large_image\" \/>\n<meta name=\"twitter:label1\" content=\"Estimated reading time\" \/>\n\t<meta name=\"twitter:data1\" content=\"1 minute\" \/>\n<script type=\"application\/ld+json\" class=\"yoast-schema-graph\">{\"@context\":\"https:\/\/schema.org\",\"@graph\":[{\"@type\":\"WebPage\",\"@id\":\"https:\/\/grigiskiukc.lt\/parama\/\",\"url\":\"https:\/\/grigiskiukc.lt\/parama\/\",\"name\":\"Finansin\u0117s paramos skyrimas &#8211; Grigi\u0161ki\u0173 kult\u016bros centras\",\"isPartOf\":{\"@id\":\"https:\/\/grigiskiukc.lt\/#website\"},\"primaryImageOfPage\":{\"@id\":\"https:\/\/grigiskiukc.lt\/parama\/#primaryimage\"},\"image\":{\"@id\":\"https:\/\/grigiskiukc.lt\/parama\/#primaryimage\"},\"thumbnailUrl\":\"https:\/\/grigiskiukc.lt\/wp-content\/uploads\/2024\/01\/IMG_8833-scaled.jpg\",\"datePublished\":\"2024-02-14T13:47:22+00:00\",\"dateModified\":\"2025-04-10T13:52:24+00:00\",\"breadcrumb\":{\"@id\":\"https:\/\/grigiskiukc.lt\/parama\/#breadcrumb\"},\"inLanguage\":\"en-GB\",\"potentialAction\":[{\"@type\":\"ReadAction\",\"target\":[\"https:\/\/grigiskiukc.lt\/parama\/\"]}]},{\"@type\":\"ImageObject\",\"inLanguage\":\"en-GB\",\"@id\":\"https:\/\/grigiskiukc.lt\/parama\/#primaryimage\",\"url\":\"https:\/\/grigiskiukc.lt\/wp-content\/uploads\/2024\/01\/IMG_8833-scaled.jpg\",\"contentUrl\":\"https:\/\/grigiskiukc.lt\/wp-content\/uploads\/2024\/01\/IMG_8833-scaled.jpg\",\"width\":2560,\"height\":1703,\"caption\":\"Grigi\u0161ki\u0173 kult\u016bros centras 2023 m.\"},{\"@type\":\"BreadcrumbList\",\"@id\":\"https:\/\/grigiskiukc.lt\/parama\/#breadcrumb\",\"itemListElement\":[{\"@type\":\"ListItem\",\"position\":1,\"name\":\"Pagrindinis\",\"item\":\"https:\/\/grigiskiukc.lt\/\"},{\"@type\":\"ListItem\",\"position\":2,\"name\":\"Finansin\u0117s paramos skyrimas\"}]},{\"@type\":\"WebSite\",\"@id\":\"https:\/\/grigiskiukc.lt\/#website\",\"url\":\"https:\/\/grigiskiukc.lt\/\",\"name\":\"Grigi\u0161ki\u0173 kult\u016bros centras\",\"description\":\"\",\"publisher\":{\"@id\":\"https:\/\/grigiskiukc.lt\/#organization\"},\"alternateName\":\"Grigi\u0161ki\u0173 kult\u016bros centras\",\"potentialAction\":[{\"@type\":\"SearchAction\",\"target\":{\"@type\":\"EntryPoint\",\"urlTemplate\":\"https:\/\/grigiskiukc.lt\/?s={search_term_string}\"},\"query-input\":{\"@type\":\"PropertyValueSpecification\",\"valueRequired\":true,\"valueName\":\"search_term_string\"}}],\"inLanguage\":\"en-GB\"},{\"@type\":\"Organization\",\"@id\":\"https:\/\/grigiskiukc.lt\/#organization\",\"name\":\"Grigi\u0161ki\u0173 kult\u016bros centras\",\"url\":\"https:\/\/grigiskiukc.lt\/\",\"logo\":{\"@type\":\"ImageObject\",\"inLanguage\":\"en-GB\",\"@id\":\"https:\/\/grigiskiukc.lt\/#\/schema\/logo\/image\/\",\"url\":\"https:\/\/grigiskiukc.lt\/wp-content\/uploads\/2022\/09\/GKC-logo1.png\",\"contentUrl\":\"https:\/\/grigiskiukc.lt\/wp-content\/uploads\/2022\/09\/GKC-logo1.png\",\"width\":702,\"height\":261,\"caption\":\"Grigi\u0161ki\u0173 kult\u016bros centras\"},\"image\":{\"@id\":\"https:\/\/grigiskiukc.lt\/#\/schema\/logo\/image\/\"},\"sameAs\":[\"https:\/\/www.facebook.com\/GrigiskiuKC\"]}]}<\/script>\n<!-- \/ Yoast SEO plugin. -->","yoast_head_json":{"title":"Finansin\u0117s paramos skyrimas &#8211; Grigi\u0161ki\u0173 kult\u016bros centras","robots":{"index":"index","follow":"follow","max-snippet":"max-snippet:-1","max-image-preview":"max-image-preview:large","max-video-preview":"max-video-preview:-1"},"canonical":"https:\/\/grigiskiukc.lt\/en\/parama\/","og_locale":"en_GB","og_type":"article","og_title":"Finansin\u0117s paramos skyrimas &#8211; Grigi\u0161ki\u0173 kult\u016bros centras","og_description":"Gerbiami bendruomen\u0117s nariai,\u00a0 param\u0105 galite pervesti tiesiogiai \u012f \u0161i\u0105 s\u0105skait\u0105: S\u0105skaitos numeris:\u00a0 LT68 4010 0424 0395 1807\u00a0 Gav\u0117jas: B\u012e &#8222;Skaitlis&#8221; Mok\u0117jimo paskirtyje nurodykite \u012fstaigos pavadinim\u0105 (kam skirtos l\u0117\u0161os): PARAMA GRIGI\u0160KI\u0172&hellip;","og_url":"https:\/\/grigiskiukc.lt\/en\/parama\/","og_site_name":"Grigi\u0161ki\u0173 kult\u016bros centras","article_publisher":"https:\/\/www.facebook.com\/GrigiskiuKC","article_modified_time":"2025-04-10T13:52:24+00:00","og_image":[{"width":2560,"height":1703,"url":"http:\/\/grigiskiukc.lt\/wp-content\/uploads\/2024\/01\/IMG_8833-scaled.jpg","type":"image\/jpeg"}],"twitter_card":"summary_large_image","twitter_misc":{"Estimated reading time":"1 minute"},"schema":{"@context":"https:\/\/schema.org","@graph":[{"@type":"WebPage","@id":"https:\/\/grigiskiukc.lt\/parama\/","url":"https:\/\/grigiskiukc.lt\/parama\/","name":"Finansin\u0117s paramos skyrimas &#8211; Grigi\u0161ki\u0173 kult\u016bros centras","isPartOf":{"@id":"https:\/\/grigiskiukc.lt\/#website"},"primaryImageOfPage":{"@id":"https:\/\/grigiskiukc.lt\/parama\/#primaryimage"},"image":{"@id":"https:\/\/grigiskiukc.lt\/parama\/#primaryimage"},"thumbnailUrl":"https:\/\/grigiskiukc.lt\/wp-content\/uploads\/2024\/01\/IMG_8833-scaled.jpg","datePublished":"2024-02-14T13:47:22+00:00","dateModified":"2025-04-10T13:52:24+00:00","breadcrumb":{"@id":"https:\/\/grigiskiukc.lt\/parama\/#breadcrumb"},"inLanguage":"en-GB","potentialAction":[{"@type":"ReadAction","target":["https:\/\/grigiskiukc.lt\/parama\/"]}]},{"@type":"ImageObject","inLanguage":"en-GB","@id":"https:\/\/grigiskiukc.lt\/parama\/#primaryimage","url":"https:\/\/grigiskiukc.lt\/wp-content\/uploads\/2024\/01\/IMG_8833-scaled.jpg","contentUrl":"https:\/\/grigiskiukc.lt\/wp-content\/uploads\/2024\/01\/IMG_8833-scaled.jpg","width":2560,"height":1703,"caption":"Grigi\u0161ki\u0173 kult\u016bros centras 2023 m."},{"@type":"BreadcrumbList","@id":"https:\/\/grigiskiukc.lt\/parama\/#breadcrumb","itemListElement":[{"@type":"ListItem","position":1,"name":"Pagrindinis","item":"https:\/\/grigiskiukc.lt\/"},{"@type":"ListItem","position":2,"name":"Finansin\u0117s paramos skyrimas"}]},{"@type":"WebSite","@id":"https:\/\/grigiskiukc.lt\/#website","url":"https:\/\/grigiskiukc.lt\/","name":"Grigi\u0161ki\u0173 kult\u016bros centras","description":"","publisher":{"@id":"https:\/\/grigiskiukc.lt\/#organization"},"alternateName":"Grigi\u0161ki\u0173 kult\u016bros centras","potentialAction":[{"@type":"SearchAction","target":{"@type":"EntryPoint","urlTemplate":"https:\/\/grigiskiukc.lt\/?s={search_term_string}"},"query-input":{"@type":"PropertyValueSpecification","valueRequired":true,"valueName":"search_term_string"}}],"inLanguage":"en-GB"},{"@type":"Organization","@id":"https:\/\/grigiskiukc.lt\/#organization","name":"Grigi\u0161ki\u0173 kult\u016bros centras","url":"https:\/\/grigiskiukc.lt\/","logo":{"@type":"ImageObject","inLanguage":"en-GB","@id":"https:\/\/grigiskiukc.lt\/#\/schema\/logo\/image\/","url":"https:\/\/grigiskiukc.lt\/wp-content\/uploads\/2022\/09\/GKC-logo1.png","contentUrl":"https:\/\/grigiskiukc.lt\/wp-content\/uploads\/2022\/09\/GKC-logo1.png","width":702,"height":261,"caption":"Grigi\u0161ki\u0173 kult\u016bros centras"},"image":{"@id":"https:\/\/grigiskiukc.lt\/#\/schema\/logo\/image\/"},"sameAs":["https:\/\/www.facebook.com\/GrigiskiuKC"]}]}},"_links":{"self":[{"href":"https:\/\/grigiskiukc.lt\/en\/wp-json\/wp\/v2\/pages\/7966"}],"collection":[{"href":"https:\/\/grigiskiukc.lt\/en\/wp-json\/wp\/v2\/pages"}],"about":[{"href":"https:\/\/grigiskiukc.lt\/en\/wp-json\/wp\/v2\/types\/page"}],"author":[{"embeddable":true,"href":"https:\/\/grigiskiukc.lt\/en\/wp-json\/wp\/v2\/users\/1"}],"replies":[{"embeddable":true,"href":"https:\/\/grigiskiukc.lt\/en\/wp-json\/wp\/v2\/comments?post=7966"}],"version-history":[{"count":32,"href":"https:\/\/grigiskiukc.lt\/en\/wp-json\/wp\/v2\/pages\/7966\/revisions"}],"predecessor-version":[{"id":9736,"href":"https:\/\/grigiskiukc.lt\/en\/wp-json\/wp\/v2\/pages\/7966\/revisions\/9736"}],"wp:featuredmedia":[{"embeddable":true,"href":"https:\/\/grigiskiukc.lt\/en\/wp-json\/wp\/v2\/media\/7252"}],"wp:attachment":[{"href":"https:\/\/grigiskiukc.lt\/en\/wp-json\/wp\/v2\/media?parent=7966"}],"curies":[{"name":"wp","href":"https:\/\/api.w.org\/{rel}","templated":true}]}}