{"id":7959,"date":"2024-02-14T15:45:55","date_gmt":"2024-02-14T13:45:55","guid":{"rendered":"https:\/\/grigiskiukc.lt\/?page_id=7959"},"modified":"2024-07-15T14:58:07","modified_gmt":"2024-07-15T11:58:07","slug":"viesieji-pirkimai","status":"publish","type":"page","link":"https:\/\/grigiskiukc.lt\/en\/dokumentai-ir-ataskaitos\/viesieji-pirkimai\/","title":{"rendered":"Public procurement"},"content":{"rendered":"<div data-elementor-type=\"wp-page\" data-elementor-id=\"7959\" class=\"elementor elementor-7959\">\n\t\t\t\t\t\t<section class=\"elementor-section elementor-top-section elementor-element elementor-element-437c4d6 elementor-section-boxed elementor-section-height-default elementor-section-height-default sc_fly_static\" data-id=\"437c4d6\" data-element_type=\"section\">\n\t\t\t\t\t\t<div class=\"elementor-container elementor-column-gap-extended\">\n\t\t\t\t\t<div class=\"elementor-column elementor-col-100 elementor-top-column elementor-element elementor-element-39810e1 sc_content_align_inherit sc_layouts_column_icons_position_left sc_fly_static\" data-id=\"39810e1\" data-element_type=\"column\">\n\t\t\t<div class=\"elementor-widget-wrap elementor-element-populated\">\n\t\t\t\t\t\t<div class=\"elementor-element elementor-element-cd5f40c sc_layouts_hide_on_notebook sc_layouts_hide_on_tablet sc_layouts_hide_on_mobile sc_fly_static elementor-widget elementor-widget-spacer\" data-id=\"cd5f40c\" data-element_type=\"widget\" data-widget_type=\"spacer.default\">\n\t\t\t\t<div class=\"elementor-widget-container\">\n\t\t\t\t\t\t\t<div class=\"elementor-spacer\">\n\t\t\t<div class=\"elementor-spacer-inner\"><\/div>\n\t\t<\/div>\n\t\t\t\t\t\t<\/div>\n\t\t\t\t<\/div>\n\t\t\t\t\t<\/div>\n\t\t<\/div>\n\t\t\t\t\t<\/div>\n\t\t<\/section>\n\t\t\t\t<section class=\"elementor-section elementor-top-section elementor-element elementor-element-8e1d929 elementor-section-boxed elementor-section-height-default elementor-section-height-default sc_fly_static\" data-id=\"8e1d929\" data-element_type=\"section\">\n\t\t\t\t\t\t<div class=\"elementor-container elementor-column-gap-extended\">\n\t\t\t\t\t<div class=\"elementor-column elementor-col-100 elementor-top-column elementor-element elementor-element-8b1bc94 sc_content_align_inherit sc_layouts_column_icons_position_left sc_fly_static\" data-id=\"8b1bc94\" data-element_type=\"column\">\n\t\t\t<div class=\"elementor-widget-wrap\">\n\t\t\t\t\t\t\t<\/div>\n\t\t<\/div>\n\t\t\t\t\t<\/div>\n\t\t<\/section>\n\t\t\t\t<section class=\"elementor-section elementor-top-section elementor-element elementor-element-a29260f elementor-section-boxed elementor-section-height-default elementor-section-height-default sc_fly_static\" data-id=\"a29260f\" data-element_type=\"section\">\n\t\t\t\t\t\t<div class=\"elementor-container elementor-column-gap-extended\">\n\t\t\t\t\t<div class=\"elementor-column elementor-col-33 elementor-top-column elementor-element elementor-element-04c31f3 sc_content_align_inherit sc_layouts_column_icons_position_left sc_fly_static\" data-id=\"04c31f3\" data-element_type=\"column\">\n\t\t\t<div class=\"elementor-widget-wrap elementor-element-populated\">\n\t\t\t\t\t\t<div class=\"elementor-element elementor-element-f5c8a67 sc_fly_static elementor-widget elementor-widget-image\" data-id=\"f5c8a67\" data-element_type=\"widget\" data-widget_type=\"image.default\">\n\t\t\t\t<div class=\"elementor-widget-container\">\n\t\t\t\t\t\t\t\t\t\t\t\t\t\t\t\t<a href=\"https:\/\/grigiskiukc.lt\/pirkimu-planai\/\">\n\t\t\t\t\t\t\t<img fetchpriority=\"high\" decoding=\"async\" width=\"350\" height=\"263\" src=\"https:\/\/grigiskiukc.lt\/wp-content\/uploads\/2024\/07\/desktop-wallpaper-soft-backgrounds-color-7-soft-background-color-thumbnail.jpg\" class=\"attachment-large size-large wp-image-8954\" alt=\"\" srcset=\"https:\/\/grigiskiukc.lt\/wp-content\/uploads\/2024\/07\/desktop-wallpaper-soft-backgrounds-color-7-soft-background-color-thumbnail.jpg 350w, https:\/\/grigiskiukc.lt\/wp-content\/uploads\/2024\/07\/desktop-wallpaper-soft-backgrounds-color-7-soft-background-color-thumbnail-300x225.jpg 300w, https:\/\/grigiskiukc.lt\/wp-content\/uploads\/2024\/07\/desktop-wallpaper-soft-backgrounds-color-7-soft-background-color-thumbnail-16x12.jpg 16w, https:\/\/grigiskiukc.lt\/wp-content\/uploads\/2024\/07\/desktop-wallpaper-soft-backgrounds-color-7-soft-background-color-thumbnail-200x150.jpg 200w\" sizes=\"(max-width: 600px) 100vw, 350px\" \/>\t\t\t\t\t\t\t\t<\/a>\n\t\t\t\t\t\t\t\t\t\t\t\t\t\t\t<\/div>\n\t\t\t\t<\/div>\n\t\t\t\t<div class=\"elementor-element elementor-element-6e0090e sc_fly_static elementor-widget elementor-widget-heading\" data-id=\"6e0090e\" data-element_type=\"widget\" data-widget_type=\"heading.default\">\n\t\t\t\t<div class=\"elementor-widget-container\">\n\t\t\t\t\t<h3 class=\"elementor-heading-title elementor-size-default\"><a href=\"https:\/\/grigiskiukc.lt\/pirkimu-planai\/\">Pirkim\u0173 planai<\/a><\/h3>\t\t\t\t<\/div>\n\t\t\t\t<\/div>\n\t\t\t\t\t<\/div>\n\t\t<\/div>\n\t\t\t\t<div class=\"elementor-column elementor-col-33 elementor-top-column elementor-element elementor-element-cad0db7 sc_content_align_inherit sc_layouts_column_icons_position_left sc_fly_static\" data-id=\"cad0db7\" data-element_type=\"column\">\n\t\t\t<div class=\"elementor-widget-wrap elementor-element-populated\">\n\t\t\t\t\t\t<div class=\"elementor-element elementor-element-8122860 sc_fly_static elementor-widget elementor-widget-image\" data-id=\"8122860\" data-element_type=\"widget\" data-widget_type=\"image.default\">\n\t\t\t\t<div class=\"elementor-widget-container\">\n\t\t\t\t\t\t\t\t\t\t\t\t\t\t\t\t<a href=\"https:\/\/eviesiejipirkimai.lt\/index.php?option=com_vptpublic&#038;task=sutartys&#038;Itemid=109&#038;filter_show=1&#038;filter_limit=10&#038;vpt_unite=grigi%C5%A1ki%C5%B3+kult%C5%ABros+centras&#038;filter_tender=&#038;filter_number=&#038;filter_proctype=&#038;filter_dok_id=&#038;filter_authority=&#038;filter_jarcode=&#038;filter_purchaseCode=&#038;filter_cpv=&#038;filter_valuefrom=&#038;filter_valueto=&#038;filter_contractdate_from=&#038;filter_contractdate_to=&#038;filter_expirationdate_from=&#038;filter_expirationdate_to=&#038;filter_supplier=&#038;filter_supplier_jarcode=&#038;filter_agreement_type=\">\n\t\t\t\t\t\t\t<img decoding=\"async\" width=\"350\" height=\"263\" src=\"https:\/\/grigiskiukc.lt\/wp-content\/uploads\/2024\/07\/desktop-wallpaper-soft-backgrounds-color-7-soft-background-color-thumbnail-1.jpg\" class=\"attachment-large size-large wp-image-8955\" alt=\"\" srcset=\"https:\/\/grigiskiukc.lt\/wp-content\/uploads\/2024\/07\/desktop-wallpaper-soft-backgrounds-color-7-soft-background-color-thumbnail-1.jpg 350w, https:\/\/grigiskiukc.lt\/wp-content\/uploads\/2024\/07\/desktop-wallpaper-soft-backgrounds-color-7-soft-background-color-thumbnail-1-300x225.jpg 300w, https:\/\/grigiskiukc.lt\/wp-content\/uploads\/2024\/07\/desktop-wallpaper-soft-backgrounds-color-7-soft-background-color-thumbnail-1-16x12.jpg 16w, https:\/\/grigiskiukc.lt\/wp-content\/uploads\/2024\/07\/desktop-wallpaper-soft-backgrounds-color-7-soft-background-color-thumbnail-1-200x150.jpg 200w\" sizes=\"(max-width: 600px) 100vw, 350px\" \/>\t\t\t\t\t\t\t\t<\/a>\n\t\t\t\t\t\t\t\t\t\t\t\t\t\t\t<\/div>\n\t\t\t\t<\/div>\n\t\t\t\t<div class=\"elementor-element elementor-element-a611610 sc_fly_static elementor-widget elementor-widget-heading\" data-id=\"a611610\" data-element_type=\"widget\" data-widget_type=\"heading.default\">\n\t\t\t\t<div class=\"elementor-widget-container\">\n\t\t\t\t\t<h3 class=\"elementor-heading-title elementor-size-default\"><a href=\"https:\/\/eviesiejipirkimai.lt\/index.php?option=com_vptpublic&#038;task=sutartys&#038;Itemid=109&#038;filter_show=1&#038;filter_limit=10&#038;vpt_unite=grigi%C5%A1ki%C5%B3+kult%C5%ABros+centras&#038;filter_tender=&#038;filter_number=&#038;filter_proctype=&#038;filter_dok_id=&#038;filter_authority=&#038;filter_jarcode=&#038;filter_purchaseCode=&#038;filter_cpv=&#038;filter_valuefrom=&#038;filter_valueto=&#038;filter_contractdate_from=&#038;filter_contractdate_to=&#038;filter_expirationdate_from=&#038;filter_expirationdate_to=&#038;filter_supplier=&#038;filter_supplier_jarcode=&#038;filter_agreement_type=\">Pirkim\u0173 sutartys<\/a><\/h3>\t\t\t\t<\/div>\n\t\t\t\t<\/div>\n\t\t\t\t\t<\/div>\n\t\t<\/div>\n\t\t\t\t<div class=\"elementor-column elementor-col-33 elementor-top-column elementor-element elementor-element-8957b6b sc_content_align_inherit sc_layouts_column_icons_position_left sc_fly_static\" data-id=\"8957b6b\" data-element_type=\"column\">\n\t\t\t<div class=\"elementor-widget-wrap elementor-element-populated\">\n\t\t\t\t\t\t<div class=\"elementor-element elementor-element-6205be0 sc_fly_static elementor-widget elementor-widget-image\" data-id=\"6205be0\" data-element_type=\"widget\" data-widget_type=\"image.default\">\n\t\t\t\t<div class=\"elementor-widget-container\">\n\t\t\t\t\t\t\t\t\t\t\t\t\t\t\t\t<a href=\"https:\/\/grigiskiukc.lt\/ataskaitos-atn-3\/\">\n\t\t\t\t\t\t\t<img decoding=\"async\" width=\"350\" height=\"263\" src=\"https:\/\/grigiskiukc.lt\/wp-content\/uploads\/2024\/07\/desktop-wallpaper-soft-backgrounds-color-7-soft-background-color-thumbnail-1.jpg\" class=\"attachment-large size-large wp-image-8955\" alt=\"\" srcset=\"https:\/\/grigiskiukc.lt\/wp-content\/uploads\/2024\/07\/desktop-wallpaper-soft-backgrounds-color-7-soft-background-color-thumbnail-1.jpg 350w, https:\/\/grigiskiukc.lt\/wp-content\/uploads\/2024\/07\/desktop-wallpaper-soft-backgrounds-color-7-soft-background-color-thumbnail-1-300x225.jpg 300w, https:\/\/grigiskiukc.lt\/wp-content\/uploads\/2024\/07\/desktop-wallpaper-soft-backgrounds-color-7-soft-background-color-thumbnail-1-16x12.jpg 16w, https:\/\/grigiskiukc.lt\/wp-content\/uploads\/2024\/07\/desktop-wallpaper-soft-backgrounds-color-7-soft-background-color-thumbnail-1-200x150.jpg 200w\" sizes=\"(max-width: 600px) 100vw, 350px\" \/>\t\t\t\t\t\t\t\t<\/a>\n\t\t\t\t\t\t\t\t\t\t\t\t\t\t\t<\/div>\n\t\t\t\t<\/div>\n\t\t\t\t<div class=\"elementor-element elementor-element-cf8da4e sc_fly_static elementor-widget elementor-widget-heading\" data-id=\"cf8da4e\" data-element_type=\"widget\" data-widget_type=\"heading.default\">\n\t\t\t\t<div class=\"elementor-widget-container\">\n\t\t\t\t\t<h3 class=\"elementor-heading-title elementor-size-default\"><a href=\"https:\/\/grigiskiukc.lt\/ataskaitos-atn-3\/\">Ataskaitos ATN-3<\/a><\/h3>\t\t\t\t<\/div>\n\t\t\t\t<\/div>\n\t\t\t\t\t<\/div>\n\t\t<\/div>\n\t\t\t\t\t<\/div>\n\t\t<\/section>\n\t\t\t\t<section class=\"elementor-section elementor-top-section elementor-element elementor-element-d507754 elementor-section-boxed elementor-section-height-default elementor-section-height-default sc_fly_static\" data-id=\"d507754\" data-element_type=\"section\">\n\t\t\t\t\t\t<div class=\"elementor-container elementor-column-gap-extended\">\n\t\t\t\t\t<div class=\"elementor-column elementor-col-100 elementor-top-column elementor-element elementor-element-4e9f715 sc_content_align_inherit sc_layouts_column_icons_position_left sc_fly_static\" data-id=\"4e9f715\" data-element_type=\"column\">\n\t\t\t<div class=\"elementor-widget-wrap elementor-element-populated\">\n\t\t\t\t\t\t<div class=\"elementor-element elementor-element-b22838c sc_height_small sc_fly_static elementor-widget elementor-widget-spacer\" data-id=\"b22838c\" data-element_type=\"widget\" data-widget_type=\"spacer.default\">\n\t\t\t\t<div class=\"elementor-widget-container\">\n\t\t\t\t\t\t\t<div class=\"elementor-spacer\">\n\t\t\t<div class=\"elementor-spacer-inner\"><\/div>\n\t\t<\/div>\n\t\t\t\t\t\t<\/div>\n\t\t\t\t<\/div>\n\t\t\t\t<div class=\"elementor-element elementor-element-318d5ec elementor-widget-divider--view-line sc_fly_static elementor-widget elementor-widget-divider\" data-id=\"318d5ec\" data-element_type=\"widget\" data-widget_type=\"divider.default\">\n\t\t\t\t<div class=\"elementor-widget-container\">\n\t\t\t\t\t\t\t<div class=\"elementor-divider\">\n\t\t\t<span class=\"elementor-divider-separator\">\n\t\t\t\t\t\t<\/span>\n\t\t<\/div>\n\t\t\t\t\t\t<\/div>\n\t\t\t\t<\/div>\n\t\t\t\t\t<\/div>\n\t\t<\/div>\n\t\t\t\t\t<\/div>\n\t\t<\/section>\n\t\t\t\t<section class=\"elementor-section elementor-top-section elementor-element elementor-element-ab3dbd5 elementor-section-boxed elementor-section-height-default elementor-section-height-default sc_fly_static\" data-id=\"ab3dbd5\" data-element_type=\"section\">\n\t\t\t\t\t\t<div class=\"elementor-container elementor-column-gap-extended\">\n\t\t\t\t\t<div class=\"elementor-column elementor-col-100 elementor-top-column elementor-element elementor-element-1c7035d sc_content_align_inherit sc_layouts_column_icons_position_left sc_fly_static\" data-id=\"1c7035d\" data-element_type=\"column\">\n\t\t\t<div class=\"elementor-widget-wrap elementor-element-populated\">\n\t\t\t\t\t\t<div class=\"elementor-element elementor-element-45a9b21 sc_fly_static elementor-widget elementor-widget-spacer\" data-id=\"45a9b21\" data-element_type=\"widget\" data-widget_type=\"spacer.default\">\n\t\t\t\t<div class=\"elementor-widget-container\">\n\t\t\t\t\t\t\t<div class=\"elementor-spacer\">\n\t\t\t<div class=\"elementor-spacer-inner\"><\/div>\n\t\t<\/div>\n\t\t\t\t\t\t<\/div>\n\t\t\t\t<\/div>\n\t\t\t\t<div class=\"elementor-element elementor-element-8022b50 elementor-view-stacked elementor-position-left elementor-vertical-align-middle elementor-shape-circle elementor-mobile-position-top sc_fly_static elementor-widget elementor-widget-icon-box\" data-id=\"8022b50\" data-element_type=\"widget\" data-widget_type=\"icon-box.default\">\n\t\t\t\t<div class=\"elementor-widget-container\">\n\t\t\t\t\t\t\t<div class=\"elementor-icon-box-wrapper\">\n\n\t\t\t\t\t\t<div class=\"elementor-icon-box-icon\">\n\t\t\t\t<a href=\"https:\/\/grigiskiukc.lt\/dokumentai-ir-ataskaitos\/\" class=\"elementor-icon\" tabindex=\"-1\" aria-label=\"Gr\u012f\u017eti \u012f dokumentus\">\n\t\t\t\t<i aria-hidden=\"true\" class=\"fas fa-arrow-left\"><\/i>\t\t\t\t<\/a>\n\t\t\t<\/div>\n\t\t\t\n\t\t\t\t\t\t<div class=\"elementor-icon-box-content\">\n\n\t\t\t\t\t\t\t\t\t<h3 class=\"elementor-icon-box-title\">\n\t\t\t\t\t\t<a href=\"https:\/\/grigiskiukc.lt\/dokumentai-ir-ataskaitos\/\" >\n\t\t\t\t\t\t\tGr\u012f\u017eti \u012f dokumentus\t\t\t\t\t\t<\/a>\n\t\t\t\t\t<\/h3>\n\t\t\t\t\n\t\t\t\t\n\t\t\t<\/div>\n\t\t\t\n\t\t<\/div>\n\t\t\t\t\t\t<\/div>\n\t\t\t\t<\/div>\n\t\t\t\t<div class=\"elementor-element elementor-element-33d6ecb sc_fly_static elementor-widget elementor-widget-spacer\" data-id=\"33d6ecb\" data-element_type=\"widget\" data-widget_type=\"spacer.default\">\n\t\t\t\t<div class=\"elementor-widget-container\">\n\t\t\t\t\t\t\t<div class=\"elementor-spacer\">\n\t\t\t<div class=\"elementor-spacer-inner\"><\/div>\n\t\t<\/div>\n\t\t\t\t\t\t<\/div>\n\t\t\t\t<\/div>\n\t\t\t\t\t<\/div>\n\t\t<\/div>\n\t\t\t\t\t<\/div>\n\t\t<\/section>\n\t\t\t\t<\/div>","protected":false},"excerpt":{"rendered":"<p>Pirkim\u0173 planai Pirkim\u0173 sutartys Ataskaitos ATN-3 Gr\u012f\u017eti \u012f dokumentus<\/p>","protected":false},"author":1,"featured_media":0,"parent":7912,"menu_order":0,"comment_status":"closed","ping_status":"closed","template":"","meta":{"footnotes":""},"yoast_head":"<!-- This site is optimized with the Yoast SEO plugin v24.5 - https:\/\/yoast.com\/wordpress\/plugins\/seo\/ -->\n<title>Vie\u0161ieji pirkimai &#8211; Grigi\u0161ki\u0173 kult\u016bros centras<\/title>\n<meta name=\"robots\" content=\"index, follow, max-snippet:-1, max-image-preview:large, max-video-preview:-1\" \/>\n<link rel=\"canonical\" href=\"https:\/\/grigiskiukc.lt\/en\/dokumentai-ir-ataskaitos\/viesieji-pirkimai\/\" \/>\n<meta property=\"og:locale\" content=\"en_GB\" \/>\n<meta property=\"og:type\" content=\"article\" \/>\n<meta property=\"og:title\" content=\"Vie\u0161ieji pirkimai &#8211; Grigi\u0161ki\u0173 kult\u016bros centras\" \/>\n<meta property=\"og:description\" content=\"Pirkim\u0173 planai Pirkim\u0173 sutartys Ataskaitos ATN-3 Gr\u012f\u017eti \u012f dokumentus\" \/>\n<meta property=\"og:url\" content=\"https:\/\/grigiskiukc.lt\/en\/dokumentai-ir-ataskaitos\/viesieji-pirkimai\/\" \/>\n<meta property=\"og:site_name\" content=\"Grigi\u0161ki\u0173 kult\u016bros centras\" \/>\n<meta property=\"article:publisher\" content=\"https:\/\/www.facebook.com\/GrigiskiuKC\" \/>\n<meta property=\"article:modified_time\" content=\"2024-07-15T11:58:07+00:00\" \/>\n<meta property=\"og:image\" content=\"http:\/\/grigiskiukc.lt\/wp-content\/uploads\/2024\/07\/desktop-wallpaper-soft-backgrounds-color-7-soft-background-color-thumbnail.jpg\" \/>\n<meta name=\"twitter:card\" content=\"summary_large_image\" \/>\n<meta name=\"twitter:label1\" content=\"Estimated reading time\" \/>\n\t<meta name=\"twitter:data1\" content=\"1 minute\" \/>\n<script type=\"application\/ld+json\" class=\"yoast-schema-graph\">{\"@context\":\"https:\/\/schema.org\",\"@graph\":[{\"@type\":\"WebPage\",\"@id\":\"https:\/\/grigiskiukc.lt\/dokumentai-ir-ataskaitos\/viesieji-pirkimai\/\",\"url\":\"https:\/\/grigiskiukc.lt\/dokumentai-ir-ataskaitos\/viesieji-pirkimai\/\",\"name\":\"Vie\u0161ieji pirkimai &#8211; Grigi\u0161ki\u0173 kult\u016bros centras\",\"isPartOf\":{\"@id\":\"https:\/\/grigiskiukc.lt\/#website\"},\"primaryImageOfPage\":{\"@id\":\"https:\/\/grigiskiukc.lt\/dokumentai-ir-ataskaitos\/viesieji-pirkimai\/#primaryimage\"},\"image\":{\"@id\":\"https:\/\/grigiskiukc.lt\/dokumentai-ir-ataskaitos\/viesieji-pirkimai\/#primaryimage\"},\"thumbnailUrl\":\"http:\/\/grigiskiukc.lt\/wp-content\/uploads\/2024\/07\/desktop-wallpaper-soft-backgrounds-color-7-soft-background-color-thumbnail.jpg\",\"datePublished\":\"2024-02-14T13:45:55+00:00\",\"dateModified\":\"2024-07-15T11:58:07+00:00\",\"breadcrumb\":{\"@id\":\"https:\/\/grigiskiukc.lt\/dokumentai-ir-ataskaitos\/viesieji-pirkimai\/#breadcrumb\"},\"inLanguage\":\"en-GB\",\"potentialAction\":[{\"@type\":\"ReadAction\",\"target\":[\"https:\/\/grigiskiukc.lt\/dokumentai-ir-ataskaitos\/viesieji-pirkimai\/\"]}]},{\"@type\":\"ImageObject\",\"inLanguage\":\"en-GB\",\"@id\":\"https:\/\/grigiskiukc.lt\/dokumentai-ir-ataskaitos\/viesieji-pirkimai\/#primaryimage\",\"url\":\"http:\/\/grigiskiukc.lt\/wp-content\/uploads\/2024\/07\/desktop-wallpaper-soft-backgrounds-color-7-soft-background-color-thumbnail.jpg\",\"contentUrl\":\"http:\/\/grigiskiukc.lt\/wp-content\/uploads\/2024\/07\/desktop-wallpaper-soft-backgrounds-color-7-soft-background-color-thumbnail.jpg\"},{\"@type\":\"BreadcrumbList\",\"@id\":\"https:\/\/grigiskiukc.lt\/dokumentai-ir-ataskaitos\/viesieji-pirkimai\/#breadcrumb\",\"itemListElement\":[{\"@type\":\"ListItem\",\"position\":1,\"name\":\"Pagrindinis\",\"item\":\"https:\/\/grigiskiukc.lt\/\"},{\"@type\":\"ListItem\",\"position\":2,\"name\":\"Dokumentai ir ataskaitos\",\"item\":\"https:\/\/grigiskiukc.lt\/dokumentai-ir-ataskaitos\/\"},{\"@type\":\"ListItem\",\"position\":3,\"name\":\"Vie\u0161ieji pirkimai\"}]},{\"@type\":\"WebSite\",\"@id\":\"https:\/\/grigiskiukc.lt\/#website\",\"url\":\"https:\/\/grigiskiukc.lt\/\",\"name\":\"Grigi\u0161ki\u0173 kult\u016bros centras\",\"description\":\"\",\"publisher\":{\"@id\":\"https:\/\/grigiskiukc.lt\/#organization\"},\"alternateName\":\"Grigi\u0161ki\u0173 kult\u016bros centras\",\"potentialAction\":[{\"@type\":\"SearchAction\",\"target\":{\"@type\":\"EntryPoint\",\"urlTemplate\":\"https:\/\/grigiskiukc.lt\/?s={search_term_string}\"},\"query-input\":{\"@type\":\"PropertyValueSpecification\",\"valueRequired\":true,\"valueName\":\"search_term_string\"}}],\"inLanguage\":\"en-GB\"},{\"@type\":\"Organization\",\"@id\":\"https:\/\/grigiskiukc.lt\/#organization\",\"name\":\"Grigi\u0161ki\u0173 kult\u016bros centras\",\"url\":\"https:\/\/grigiskiukc.lt\/\",\"logo\":{\"@type\":\"ImageObject\",\"inLanguage\":\"en-GB\",\"@id\":\"https:\/\/grigiskiukc.lt\/#\/schema\/logo\/image\/\",\"url\":\"https:\/\/grigiskiukc.lt\/wp-content\/uploads\/2022\/09\/GKC-logo1.png\",\"contentUrl\":\"https:\/\/grigiskiukc.lt\/wp-content\/uploads\/2022\/09\/GKC-logo1.png\",\"width\":702,\"height\":261,\"caption\":\"Grigi\u0161ki\u0173 kult\u016bros centras\"},\"image\":{\"@id\":\"https:\/\/grigiskiukc.lt\/#\/schema\/logo\/image\/\"},\"sameAs\":[\"https:\/\/www.facebook.com\/GrigiskiuKC\"]}]}<\/script>\n<!-- \/ Yoast SEO plugin. -->","yoast_head_json":{"title":"Vie\u0161ieji pirkimai &#8211; Grigi\u0161ki\u0173 kult\u016bros centras","robots":{"index":"index","follow":"follow","max-snippet":"max-snippet:-1","max-image-preview":"max-image-preview:large","max-video-preview":"max-video-preview:-1"},"canonical":"https:\/\/grigiskiukc.lt\/en\/dokumentai-ir-ataskaitos\/viesieji-pirkimai\/","og_locale":"en_GB","og_type":"article","og_title":"Vie\u0161ieji pirkimai &#8211; Grigi\u0161ki\u0173 kult\u016bros centras","og_description":"Pirkim\u0173 planai Pirkim\u0173 sutartys Ataskaitos ATN-3 Gr\u012f\u017eti \u012f dokumentus","og_url":"https:\/\/grigiskiukc.lt\/en\/dokumentai-ir-ataskaitos\/viesieji-pirkimai\/","og_site_name":"Grigi\u0161ki\u0173 kult\u016bros centras","article_publisher":"https:\/\/www.facebook.com\/GrigiskiuKC","article_modified_time":"2024-07-15T11:58:07+00:00","og_image":[{"url":"http:\/\/grigiskiukc.lt\/wp-content\/uploads\/2024\/07\/desktop-wallpaper-soft-backgrounds-color-7-soft-background-color-thumbnail.jpg","type":"","width":"","height":""}],"twitter_card":"summary_large_image","twitter_misc":{"Estimated reading time":"1 minute"},"schema":{"@context":"https:\/\/schema.org","@graph":[{"@type":"WebPage","@id":"https:\/\/grigiskiukc.lt\/dokumentai-ir-ataskaitos\/viesieji-pirkimai\/","url":"https:\/\/grigiskiukc.lt\/dokumentai-ir-ataskaitos\/viesieji-pirkimai\/","name":"Vie\u0161ieji pirkimai &#8211; Grigi\u0161ki\u0173 kult\u016bros centras","isPartOf":{"@id":"https:\/\/grigiskiukc.lt\/#website"},"primaryImageOfPage":{"@id":"https:\/\/grigiskiukc.lt\/dokumentai-ir-ataskaitos\/viesieji-pirkimai\/#primaryimage"},"image":{"@id":"https:\/\/grigiskiukc.lt\/dokumentai-ir-ataskaitos\/viesieji-pirkimai\/#primaryimage"},"thumbnailUrl":"http:\/\/grigiskiukc.lt\/wp-content\/uploads\/2024\/07\/desktop-wallpaper-soft-backgrounds-color-7-soft-background-color-thumbnail.jpg","datePublished":"2024-02-14T13:45:55+00:00","dateModified":"2024-07-15T11:58:07+00:00","breadcrumb":{"@id":"https:\/\/grigiskiukc.lt\/dokumentai-ir-ataskaitos\/viesieji-pirkimai\/#breadcrumb"},"inLanguage":"en-GB","potentialAction":[{"@type":"ReadAction","target":["https:\/\/grigiskiukc.lt\/dokumentai-ir-ataskaitos\/viesieji-pirkimai\/"]}]},{"@type":"ImageObject","inLanguage":"en-GB","@id":"https:\/\/grigiskiukc.lt\/dokumentai-ir-ataskaitos\/viesieji-pirkimai\/#primaryimage","url":"http:\/\/grigiskiukc.lt\/wp-content\/uploads\/2024\/07\/desktop-wallpaper-soft-backgrounds-color-7-soft-background-color-thumbnail.jpg","contentUrl":"http:\/\/grigiskiukc.lt\/wp-content\/uploads\/2024\/07\/desktop-wallpaper-soft-backgrounds-color-7-soft-background-color-thumbnail.jpg"},{"@type":"BreadcrumbList","@id":"https:\/\/grigiskiukc.lt\/dokumentai-ir-ataskaitos\/viesieji-pirkimai\/#breadcrumb","itemListElement":[{"@type":"ListItem","position":1,"name":"Pagrindinis","item":"https:\/\/grigiskiukc.lt\/"},{"@type":"ListItem","position":2,"name":"Dokumentai ir ataskaitos","item":"https:\/\/grigiskiukc.lt\/dokumentai-ir-ataskaitos\/"},{"@type":"ListItem","position":3,"name":"Vie\u0161ieji pirkimai"}]},{"@type":"WebSite","@id":"https:\/\/grigiskiukc.lt\/#website","url":"https:\/\/grigiskiukc.lt\/","name":"Grigi\u0161ki\u0173 kult\u016bros centras","description":"","publisher":{"@id":"https:\/\/grigiskiukc.lt\/#organization"},"alternateName":"Grigi\u0161ki\u0173 kult\u016bros centras","potentialAction":[{"@type":"SearchAction","target":{"@type":"EntryPoint","urlTemplate":"https:\/\/grigiskiukc.lt\/?s={search_term_string}"},"query-input":{"@type":"PropertyValueSpecification","valueRequired":true,"valueName":"search_term_string"}}],"inLanguage":"en-GB"},{"@type":"Organization","@id":"https:\/\/grigiskiukc.lt\/#organization","name":"Grigi\u0161ki\u0173 kult\u016bros centras","url":"https:\/\/grigiskiukc.lt\/","logo":{"@type":"ImageObject","inLanguage":"en-GB","@id":"https:\/\/grigiskiukc.lt\/#\/schema\/logo\/image\/","url":"https:\/\/grigiskiukc.lt\/wp-content\/uploads\/2022\/09\/GKC-logo1.png","contentUrl":"https:\/\/grigiskiukc.lt\/wp-content\/uploads\/2022\/09\/GKC-logo1.png","width":702,"height":261,"caption":"Grigi\u0161ki\u0173 kult\u016bros centras"},"image":{"@id":"https:\/\/grigiskiukc.lt\/#\/schema\/logo\/image\/"},"sameAs":["https:\/\/www.facebook.com\/GrigiskiuKC"]}]}},"_links":{"self":[{"href":"https:\/\/grigiskiukc.lt\/en\/wp-json\/wp\/v2\/pages\/7959"}],"collection":[{"href":"https:\/\/grigiskiukc.lt\/en\/wp-json\/wp\/v2\/pages"}],"about":[{"href":"https:\/\/grigiskiukc.lt\/en\/wp-json\/wp\/v2\/types\/page"}],"author":[{"embeddable":true,"href":"https:\/\/grigiskiukc.lt\/en\/wp-json\/wp\/v2\/users\/1"}],"replies":[{"embeddable":true,"href":"https:\/\/grigiskiukc.lt\/en\/wp-json\/wp\/v2\/comments?post=7959"}],"version-history":[{"count":49,"href":"https:\/\/grigiskiukc.lt\/en\/wp-json\/wp\/v2\/pages\/7959\/revisions"}],"predecessor-version":[{"id":9049,"href":"https:\/\/grigiskiukc.lt\/en\/wp-json\/wp\/v2\/pages\/7959\/revisions\/9049"}],"up":[{"embeddable":true,"href":"https:\/\/grigiskiukc.lt\/en\/wp-json\/wp\/v2\/pages\/7912"}],"wp:attachment":[{"href":"https:\/\/grigiskiukc.lt\/en\/wp-json\/wp\/v2\/media?parent=7959"}],"curies":[{"name":"wp","href":"https:\/\/api.w.org\/{rel}","templated":true}]}}