{"id":7942,"date":"2024-02-14T15:42:48","date_gmt":"2024-02-14T13:42:48","guid":{"rendered":"https:\/\/grigiskiukc.lt\/?page_id=7942"},"modified":"2024-07-12T14:42:11","modified_gmt":"2024-07-12T11:42:11","slug":"grigiskiu-kulturos-centro-nuostatai","status":"publish","type":"page","link":"https:\/\/grigiskiukc.lt\/en\/dokumentai-ir-ataskaitos\/grigiskiu-kulturos-centro-nuostatai\/","title":{"rendered":"Grigi\u0161ki\u0173 kult\u016bros centro nuostatai"},"content":{"rendered":"<div data-elementor-type=\"wp-page\" data-elementor-id=\"7942\" class=\"elementor elementor-7942\">\n\t\t\t\t\t\t<section class=\"elementor-section elementor-top-section elementor-element elementor-element-437c4d6 elementor-section-boxed elementor-section-height-default elementor-section-height-default sc_fly_static\" data-id=\"437c4d6\" data-element_type=\"section\">\n\t\t\t\t\t\t<div class=\"elementor-container elementor-column-gap-extended\">\n\t\t\t\t\t<div class=\"elementor-column elementor-col-100 elementor-top-column elementor-element elementor-element-39810e1 sc_content_align_inherit sc_layouts_column_icons_position_left sc_fly_static\" data-id=\"39810e1\" data-element_type=\"column\">\n\t\t\t<div class=\"elementor-widget-wrap elementor-element-populated\">\n\t\t\t\t\t\t<div class=\"elementor-element elementor-element-d441303 sc_height_huge sc_fly_static elementor-widget elementor-widget-spacer\" data-id=\"d441303\" data-element_type=\"widget\" data-widget_type=\"spacer.default\">\n\t\t\t\t<div class=\"elementor-widget-container\">\n\t\t\t\t\t\t\t<div class=\"elementor-spacer\">\n\t\t\t<div class=\"elementor-spacer-inner\"><\/div>\n\t\t<\/div>\n\t\t\t\t\t\t<\/div>\n\t\t\t\t<\/div>\n\t\t\t\t<div class=\"elementor-element elementor-element-cd5f40c sc_layouts_hide_on_notebook sc_layouts_hide_on_tablet sc_layouts_hide_on_mobile sc_fly_static elementor-widget elementor-widget-spacer\" data-id=\"cd5f40c\" data-element_type=\"widget\" data-widget_type=\"spacer.default\">\n\t\t\t\t<div class=\"elementor-widget-container\">\n\t\t\t\t\t\t\t<div class=\"elementor-spacer\">\n\t\t\t<div class=\"elementor-spacer-inner\"><\/div>\n\t\t<\/div>\n\t\t\t\t\t\t<\/div>\n\t\t\t\t<\/div>\n\t\t\t\t\t<\/div>\n\t\t<\/div>\n\t\t\t\t\t<\/div>\n\t\t<\/section>\n\t\t\t\t<section class=\"elementor-section elementor-top-section elementor-element elementor-element-99c6ccd elementor-section-boxed elementor-section-height-default elementor-section-height-default sc_fly_static\" data-id=\"99c6ccd\" data-element_type=\"section\">\n\t\t\t\t\t\t<div class=\"elementor-container elementor-column-gap-extended\">\n\t\t\t\t\t<div class=\"elementor-column elementor-col-100 elementor-top-column elementor-element elementor-element-a478f6b sc_content_align_inherit sc_layouts_column_icons_position_left sc_fly_static\" data-id=\"a478f6b\" data-element_type=\"column\">\n\t\t\t<div class=\"elementor-widget-wrap elementor-element-populated\">\n\t\t\t\t\t\t<div class=\"elementor-element elementor-element-2301b5c sc_fly_static elementor-widget elementor-widget-image\" data-id=\"2301b5c\" data-element_type=\"widget\" data-widget_type=\"image.default\">\n\t\t\t\t<div class=\"elementor-widget-container\">\n\t\t\t\t\t\t\t\t\t\t\t\t\t\t\t\t<a href=\"http:\/\/grigiskiukc.lt\/wp-content\/uploads\/2024\/07\/GKC-nuostatai.pdf\">\n\t\t\t\t\t\t\t<img fetchpriority=\"high\" decoding=\"async\" width=\"567\" height=\"796\" src=\"https:\/\/grigiskiukc.lt\/wp-content\/uploads\/2024\/07\/nuosta.jpg\" class=\"attachment-large size-large wp-image-8716\" alt=\"\" srcset=\"https:\/\/grigiskiukc.lt\/wp-content\/uploads\/2024\/07\/nuosta.jpg 567w, https:\/\/grigiskiukc.lt\/wp-content\/uploads\/2024\/07\/nuosta-214x300.jpg 214w, https:\/\/grigiskiukc.lt\/wp-content\/uploads\/2024\/07\/nuosta-9x12.jpg 9w, https:\/\/grigiskiukc.lt\/wp-content\/uploads\/2024\/07\/nuosta-370x519.jpg 370w, https:\/\/grigiskiukc.lt\/wp-content\/uploads\/2024\/07\/nuosta-410x576.jpg 410w, https:\/\/grigiskiukc.lt\/wp-content\/uploads\/2024\/07\/nuosta-142x200.jpg 142w\" sizes=\"(max-width: 600px) 100vw, 567px\" \/>\t\t\t\t\t\t\t\t<\/a>\n\t\t\t\t\t\t\t\t\t\t\t\t\t\t\t<\/div>\n\t\t\t\t<\/div>\n\t\t\t\t\t<\/div>\n\t\t<\/div>\n\t\t\t\t\t<\/div>\n\t\t<\/section>\n\t\t\t\t<section class=\"elementor-section elementor-top-section elementor-element elementor-element-ab3dbd5 elementor-section-boxed elementor-section-height-default elementor-section-height-default sc_fly_static\" data-id=\"ab3dbd5\" data-element_type=\"section\">\n\t\t\t\t\t\t<div class=\"elementor-container elementor-column-gap-extended\">\n\t\t\t\t\t<div class=\"elementor-column elementor-col-100 elementor-top-column elementor-element elementor-element-1c7035d sc_content_align_inherit sc_layouts_column_icons_position_left sc_fly_static\" data-id=\"1c7035d\" data-element_type=\"column\">\n\t\t\t<div class=\"elementor-widget-wrap elementor-element-populated\">\n\t\t\t\t\t\t<div class=\"elementor-element elementor-element-b4ce2d7 sc_fly_static elementor-widget elementor-widget-spacer\" data-id=\"b4ce2d7\" data-element_type=\"widget\" data-widget_type=\"spacer.default\">\n\t\t\t\t<div class=\"elementor-widget-container\">\n\t\t\t\t\t\t\t<div class=\"elementor-spacer\">\n\t\t\t<div class=\"elementor-spacer-inner\"><\/div>\n\t\t<\/div>\n\t\t\t\t\t\t<\/div>\n\t\t\t\t<\/div>\n\t\t\t\t<div class=\"elementor-element elementor-element-8022b50 elementor-view-stacked elementor-position-left elementor-vertical-align-middle elementor-shape-circle elementor-mobile-position-top sc_fly_static elementor-widget elementor-widget-icon-box\" data-id=\"8022b50\" data-element_type=\"widget\" data-widget_type=\"icon-box.default\">\n\t\t\t\t<div class=\"elementor-widget-container\">\n\t\t\t\t\t\t\t<div class=\"elementor-icon-box-wrapper\">\n\n\t\t\t\t\t\t<div class=\"elementor-icon-box-icon\">\n\t\t\t\t<a href=\"https:\/\/grigiskiukc.lt\/dokumentai-ir-ataskaitos\/\" class=\"elementor-icon\" tabindex=\"-1\" aria-label=\"Gr\u012f\u017eti \u012f dokumentus\">\n\t\t\t\t<i aria-hidden=\"true\" class=\"fas fa-arrow-left\"><\/i>\t\t\t\t<\/a>\n\t\t\t<\/div>\n\t\t\t\n\t\t\t\t\t\t<div class=\"elementor-icon-box-content\">\n\n\t\t\t\t\t\t\t\t\t<h3 class=\"elementor-icon-box-title\">\n\t\t\t\t\t\t<a href=\"https:\/\/grigiskiukc.lt\/dokumentai-ir-ataskaitos\/\" >\n\t\t\t\t\t\t\tGr\u012f\u017eti \u012f dokumentus\t\t\t\t\t\t<\/a>\n\t\t\t\t\t<\/h3>\n\t\t\t\t\n\t\t\t\t\n\t\t\t<\/div>\n\t\t\t\n\t\t<\/div>\n\t\t\t\t\t\t<\/div>\n\t\t\t\t<\/div>\n\t\t\t\t<div class=\"elementor-element elementor-element-45a9b21 sc_fly_static elementor-widget elementor-widget-spacer\" data-id=\"45a9b21\" data-element_type=\"widget\" data-widget_type=\"spacer.default\">\n\t\t\t\t<div class=\"elementor-widget-container\">\n\t\t\t\t\t\t\t<div class=\"elementor-spacer\">\n\t\t\t<div class=\"elementor-spacer-inner\"><\/div>\n\t\t<\/div>\n\t\t\t\t\t\t<\/div>\n\t\t\t\t<\/div>\n\t\t\t\t\t<\/div>\n\t\t<\/div>\n\t\t\t\t\t<\/div>\n\t\t<\/section>\n\t\t\t\t<\/div>","protected":false},"excerpt":{"rendered":"<p>Gr\u012f\u017eti \u012f dokumentus<\/p>","protected":false},"author":1,"featured_media":0,"parent":7912,"menu_order":0,"comment_status":"closed","ping_status":"closed","template":"","meta":{"footnotes":""},"yoast_head":"<!-- This site is optimized with the Yoast SEO plugin v24.5 - https:\/\/yoast.com\/wordpress\/plugins\/seo\/ -->\n<title>Grigi\u0161ki\u0173 kult\u016bros centro nuostatai &#8211; Grigi\u0161ki\u0173 kult\u016bros centras<\/title>\n<meta name=\"robots\" content=\"index, follow, max-snippet:-1, max-image-preview:large, max-video-preview:-1\" \/>\n<link rel=\"canonical\" href=\"https:\/\/grigiskiukc.lt\/en\/dokumentai-ir-ataskaitos\/grigiskiu-kulturos-centro-nuostatai\/\" \/>\n<meta property=\"og:locale\" content=\"en_GB\" \/>\n<meta property=\"og:type\" content=\"article\" \/>\n<meta property=\"og:title\" content=\"Grigi\u0161ki\u0173 kult\u016bros centro nuostatai &#8211; Grigi\u0161ki\u0173 kult\u016bros centras\" \/>\n<meta property=\"og:description\" content=\"Gr\u012f\u017eti \u012f dokumentus\" \/>\n<meta property=\"og:url\" content=\"https:\/\/grigiskiukc.lt\/en\/dokumentai-ir-ataskaitos\/grigiskiu-kulturos-centro-nuostatai\/\" \/>\n<meta property=\"og:site_name\" content=\"Grigi\u0161ki\u0173 kult\u016bros centras\" \/>\n<meta property=\"article:publisher\" content=\"https:\/\/www.facebook.com\/GrigiskiuKC\" \/>\n<meta property=\"article:modified_time\" content=\"2024-07-12T11:42:11+00:00\" \/>\n<meta property=\"og:image\" content=\"http:\/\/grigiskiukc.lt\/wp-content\/uploads\/2024\/07\/nuosta.jpg\" \/>\n<meta name=\"twitter:card\" content=\"summary_large_image\" \/>\n<meta name=\"twitter:label1\" content=\"Estimated reading time\" \/>\n\t<meta name=\"twitter:data1\" content=\"1 minute\" \/>\n<script type=\"application\/ld+json\" class=\"yoast-schema-graph\">{\"@context\":\"https:\/\/schema.org\",\"@graph\":[{\"@type\":\"WebPage\",\"@id\":\"https:\/\/grigiskiukc.lt\/dokumentai-ir-ataskaitos\/grigiskiu-kulturos-centro-nuostatai\/\",\"url\":\"https:\/\/grigiskiukc.lt\/dokumentai-ir-ataskaitos\/grigiskiu-kulturos-centro-nuostatai\/\",\"name\":\"Grigi\u0161ki\u0173 kult\u016bros centro nuostatai &#8211; Grigi\u0161ki\u0173 kult\u016bros centras\",\"isPartOf\":{\"@id\":\"https:\/\/grigiskiukc.lt\/#website\"},\"primaryImageOfPage\":{\"@id\":\"https:\/\/grigiskiukc.lt\/dokumentai-ir-ataskaitos\/grigiskiu-kulturos-centro-nuostatai\/#primaryimage\"},\"image\":{\"@id\":\"https:\/\/grigiskiukc.lt\/dokumentai-ir-ataskaitos\/grigiskiu-kulturos-centro-nuostatai\/#primaryimage\"},\"thumbnailUrl\":\"http:\/\/grigiskiukc.lt\/wp-content\/uploads\/2024\/07\/nuosta.jpg\",\"datePublished\":\"2024-02-14T13:42:48+00:00\",\"dateModified\":\"2024-07-12T11:42:11+00:00\",\"breadcrumb\":{\"@id\":\"https:\/\/grigiskiukc.lt\/dokumentai-ir-ataskaitos\/grigiskiu-kulturos-centro-nuostatai\/#breadcrumb\"},\"inLanguage\":\"en-GB\",\"potentialAction\":[{\"@type\":\"ReadAction\",\"target\":[\"https:\/\/grigiskiukc.lt\/dokumentai-ir-ataskaitos\/grigiskiu-kulturos-centro-nuostatai\/\"]}]},{\"@type\":\"ImageObject\",\"inLanguage\":\"en-GB\",\"@id\":\"https:\/\/grigiskiukc.lt\/dokumentai-ir-ataskaitos\/grigiskiu-kulturos-centro-nuostatai\/#primaryimage\",\"url\":\"http:\/\/grigiskiukc.lt\/wp-content\/uploads\/2024\/07\/nuosta.jpg\",\"contentUrl\":\"http:\/\/grigiskiukc.lt\/wp-content\/uploads\/2024\/07\/nuosta.jpg\"},{\"@type\":\"BreadcrumbList\",\"@id\":\"https:\/\/grigiskiukc.lt\/dokumentai-ir-ataskaitos\/grigiskiu-kulturos-centro-nuostatai\/#breadcrumb\",\"itemListElement\":[{\"@type\":\"ListItem\",\"position\":1,\"name\":\"Pagrindinis\",\"item\":\"https:\/\/grigiskiukc.lt\/\"},{\"@type\":\"ListItem\",\"position\":2,\"name\":\"Dokumentai ir ataskaitos\",\"item\":\"https:\/\/grigiskiukc.lt\/dokumentai-ir-ataskaitos\/\"},{\"@type\":\"ListItem\",\"position\":3,\"name\":\"Grigi\u0161ki\u0173 kult\u016bros centro nuostatai\"}]},{\"@type\":\"WebSite\",\"@id\":\"https:\/\/grigiskiukc.lt\/#website\",\"url\":\"https:\/\/grigiskiukc.lt\/\",\"name\":\"Grigi\u0161ki\u0173 kult\u016bros centras\",\"description\":\"\",\"publisher\":{\"@id\":\"https:\/\/grigiskiukc.lt\/#organization\"},\"alternateName\":\"Grigi\u0161ki\u0173 kult\u016bros centras\",\"potentialAction\":[{\"@type\":\"SearchAction\",\"target\":{\"@type\":\"EntryPoint\",\"urlTemplate\":\"https:\/\/grigiskiukc.lt\/?s={search_term_string}\"},\"query-input\":{\"@type\":\"PropertyValueSpecification\",\"valueRequired\":true,\"valueName\":\"search_term_string\"}}],\"inLanguage\":\"en-GB\"},{\"@type\":\"Organization\",\"@id\":\"https:\/\/grigiskiukc.lt\/#organization\",\"name\":\"Grigi\u0161ki\u0173 kult\u016bros centras\",\"url\":\"https:\/\/grigiskiukc.lt\/\",\"logo\":{\"@type\":\"ImageObject\",\"inLanguage\":\"en-GB\",\"@id\":\"https:\/\/grigiskiukc.lt\/#\/schema\/logo\/image\/\",\"url\":\"https:\/\/grigiskiukc.lt\/wp-content\/uploads\/2022\/09\/GKC-logo1.png\",\"contentUrl\":\"https:\/\/grigiskiukc.lt\/wp-content\/uploads\/2022\/09\/GKC-logo1.png\",\"width\":702,\"height\":261,\"caption\":\"Grigi\u0161ki\u0173 kult\u016bros centras\"},\"image\":{\"@id\":\"https:\/\/grigiskiukc.lt\/#\/schema\/logo\/image\/\"},\"sameAs\":[\"https:\/\/www.facebook.com\/GrigiskiuKC\"]}]}<\/script>\n<!-- \/ Yoast SEO plugin. -->","yoast_head_json":{"title":"Grigi\u0161ki\u0173 kult\u016bros centro nuostatai &#8211; Grigi\u0161ki\u0173 kult\u016bros centras","robots":{"index":"index","follow":"follow","max-snippet":"max-snippet:-1","max-image-preview":"max-image-preview:large","max-video-preview":"max-video-preview:-1"},"canonical":"https:\/\/grigiskiukc.lt\/en\/dokumentai-ir-ataskaitos\/grigiskiu-kulturos-centro-nuostatai\/","og_locale":"en_GB","og_type":"article","og_title":"Grigi\u0161ki\u0173 kult\u016bros centro nuostatai &#8211; Grigi\u0161ki\u0173 kult\u016bros centras","og_description":"Gr\u012f\u017eti \u012f dokumentus","og_url":"https:\/\/grigiskiukc.lt\/en\/dokumentai-ir-ataskaitos\/grigiskiu-kulturos-centro-nuostatai\/","og_site_name":"Grigi\u0161ki\u0173 kult\u016bros centras","article_publisher":"https:\/\/www.facebook.com\/GrigiskiuKC","article_modified_time":"2024-07-12T11:42:11+00:00","og_image":[{"url":"http:\/\/grigiskiukc.lt\/wp-content\/uploads\/2024\/07\/nuosta.jpg","type":"","width":"","height":""}],"twitter_card":"summary_large_image","twitter_misc":{"Estimated reading time":"1 minute"},"schema":{"@context":"https:\/\/schema.org","@graph":[{"@type":"WebPage","@id":"https:\/\/grigiskiukc.lt\/dokumentai-ir-ataskaitos\/grigiskiu-kulturos-centro-nuostatai\/","url":"https:\/\/grigiskiukc.lt\/dokumentai-ir-ataskaitos\/grigiskiu-kulturos-centro-nuostatai\/","name":"Grigi\u0161ki\u0173 kult\u016bros centro nuostatai &#8211; Grigi\u0161ki\u0173 kult\u016bros centras","isPartOf":{"@id":"https:\/\/grigiskiukc.lt\/#website"},"primaryImageOfPage":{"@id":"https:\/\/grigiskiukc.lt\/dokumentai-ir-ataskaitos\/grigiskiu-kulturos-centro-nuostatai\/#primaryimage"},"image":{"@id":"https:\/\/grigiskiukc.lt\/dokumentai-ir-ataskaitos\/grigiskiu-kulturos-centro-nuostatai\/#primaryimage"},"thumbnailUrl":"http:\/\/grigiskiukc.lt\/wp-content\/uploads\/2024\/07\/nuosta.jpg","datePublished":"2024-02-14T13:42:48+00:00","dateModified":"2024-07-12T11:42:11+00:00","breadcrumb":{"@id":"https:\/\/grigiskiukc.lt\/dokumentai-ir-ataskaitos\/grigiskiu-kulturos-centro-nuostatai\/#breadcrumb"},"inLanguage":"en-GB","potentialAction":[{"@type":"ReadAction","target":["https:\/\/grigiskiukc.lt\/dokumentai-ir-ataskaitos\/grigiskiu-kulturos-centro-nuostatai\/"]}]},{"@type":"ImageObject","inLanguage":"en-GB","@id":"https:\/\/grigiskiukc.lt\/dokumentai-ir-ataskaitos\/grigiskiu-kulturos-centro-nuostatai\/#primaryimage","url":"http:\/\/grigiskiukc.lt\/wp-content\/uploads\/2024\/07\/nuosta.jpg","contentUrl":"http:\/\/grigiskiukc.lt\/wp-content\/uploads\/2024\/07\/nuosta.jpg"},{"@type":"BreadcrumbList","@id":"https:\/\/grigiskiukc.lt\/dokumentai-ir-ataskaitos\/grigiskiu-kulturos-centro-nuostatai\/#breadcrumb","itemListElement":[{"@type":"ListItem","position":1,"name":"Pagrindinis","item":"https:\/\/grigiskiukc.lt\/"},{"@type":"ListItem","position":2,"name":"Dokumentai ir ataskaitos","item":"https:\/\/grigiskiukc.lt\/dokumentai-ir-ataskaitos\/"},{"@type":"ListItem","position":3,"name":"Grigi\u0161ki\u0173 kult\u016bros centro nuostatai"}]},{"@type":"WebSite","@id":"https:\/\/grigiskiukc.lt\/#website","url":"https:\/\/grigiskiukc.lt\/","name":"Grigi\u0161ki\u0173 kult\u016bros centras","description":"","publisher":{"@id":"https:\/\/grigiskiukc.lt\/#organization"},"alternateName":"Grigi\u0161ki\u0173 kult\u016bros centras","potentialAction":[{"@type":"SearchAction","target":{"@type":"EntryPoint","urlTemplate":"https:\/\/grigiskiukc.lt\/?s={search_term_string}"},"query-input":{"@type":"PropertyValueSpecification","valueRequired":true,"valueName":"search_term_string"}}],"inLanguage":"en-GB"},{"@type":"Organization","@id":"https:\/\/grigiskiukc.lt\/#organization","name":"Grigi\u0161ki\u0173 kult\u016bros centras","url":"https:\/\/grigiskiukc.lt\/","logo":{"@type":"ImageObject","inLanguage":"en-GB","@id":"https:\/\/grigiskiukc.lt\/#\/schema\/logo\/image\/","url":"https:\/\/grigiskiukc.lt\/wp-content\/uploads\/2022\/09\/GKC-logo1.png","contentUrl":"https:\/\/grigiskiukc.lt\/wp-content\/uploads\/2022\/09\/GKC-logo1.png","width":702,"height":261,"caption":"Grigi\u0161ki\u0173 kult\u016bros centras"},"image":{"@id":"https:\/\/grigiskiukc.lt\/#\/schema\/logo\/image\/"},"sameAs":["https:\/\/www.facebook.com\/GrigiskiuKC"]}]}},"_links":{"self":[{"href":"https:\/\/grigiskiukc.lt\/en\/wp-json\/wp\/v2\/pages\/7942"}],"collection":[{"href":"https:\/\/grigiskiukc.lt\/en\/wp-json\/wp\/v2\/pages"}],"about":[{"href":"https:\/\/grigiskiukc.lt\/en\/wp-json\/wp\/v2\/types\/page"}],"author":[{"embeddable":true,"href":"https:\/\/grigiskiukc.lt\/en\/wp-json\/wp\/v2\/users\/1"}],"replies":[{"embeddable":true,"href":"https:\/\/grigiskiukc.lt\/en\/wp-json\/wp\/v2\/comments?post=7942"}],"version-history":[{"count":7,"href":"https:\/\/grigiskiukc.lt\/en\/wp-json\/wp\/v2\/pages\/7942\/revisions"}],"predecessor-version":[{"id":8721,"href":"https:\/\/grigiskiukc.lt\/en\/wp-json\/wp\/v2\/pages\/7942\/revisions\/8721"}],"up":[{"embeddable":true,"href":"https:\/\/grigiskiukc.lt\/en\/wp-json\/wp\/v2\/pages\/7912"}],"wp:attachment":[{"href":"https:\/\/grigiskiukc.lt\/en\/wp-json\/wp\/v2\/media?parent=7942"}],"curies":[{"name":"wp","href":"https:\/\/api.w.org\/{rel}","templated":true}]}}