{"id":7933,"date":"2024-02-14T15:34:58","date_gmt":"2024-02-14T13:34:58","guid":{"rendered":"https:\/\/grigiskiukc.lt\/?page_id=7933"},"modified":"2026-03-09T17:47:09","modified_gmt":"2026-03-09T15:47:09","slug":"organizacine-struktura","status":"publish","type":"page","link":"https:\/\/grigiskiukc.lt\/en\/kontaktai\/organizacine-struktura\/","title":{"rendered":"Valdymo strukt\u016bra"},"content":{"rendered":"<div data-elementor-type=\"wp-page\" data-elementor-id=\"7933\" class=\"elementor elementor-7933\">\n\t\t\t\t\t\t<section class=\"elementor-section elementor-top-section elementor-element elementor-element-437c4d6 elementor-section-boxed elementor-section-height-default elementor-section-height-default sc_fly_static\" data-id=\"437c4d6\" data-element_type=\"section\">\n\t\t\t\t\t\t<div class=\"elementor-container elementor-column-gap-extended\">\n\t\t\t\t\t<div class=\"elementor-column elementor-col-100 elementor-top-column elementor-element elementor-element-afb4cc1 sc_content_align_inherit sc_layouts_column_icons_position_left sc_fly_static\" data-id=\"afb4cc1\" data-element_type=\"column\">\n\t\t\t<div class=\"elementor-widget-wrap\">\n\t\t\t\t\t\t\t<\/div>\n\t\t<\/div>\n\t\t\t\t\t<\/div>\n\t\t<\/section>\n\t\t\t\t<section class=\"elementor-section elementor-top-section elementor-element elementor-element-d37a56c elementor-section-boxed elementor-section-height-default elementor-section-height-default sc_fly_static\" data-id=\"d37a56c\" data-element_type=\"section\">\n\t\t\t\t\t\t<div class=\"elementor-container elementor-column-gap-extended\">\n\t\t\t\t\t<div class=\"elementor-column elementor-col-100 elementor-top-column elementor-element elementor-element-7ffa883 sc_content_align_inherit sc_layouts_column_icons_position_left sc_fly_static\" data-id=\"7ffa883\" data-element_type=\"column\">\n\t\t\t<div class=\"elementor-widget-wrap elementor-element-populated\">\n\t\t\t\t\t\t<div class=\"elementor-element elementor-element-12ccd4a sc_fly_static elementor-widget elementor-widget-image\" data-id=\"12ccd4a\" data-element_type=\"widget\" data-widget_type=\"image.default\">\n\t\t\t\t<div class=\"elementor-widget-container\">\n\t\t\t\t\t\t\t\t\t\t\t\t\t\t\t\t<a href=\"http:\/\/grigiskiukc.lt\/wp-content\/uploads\/2026\/03\/GKC-NAUA-STRUKTURA.png\">\n\t\t\t\t\t\t\t<img fetchpriority=\"high\" decoding=\"async\" width=\"1024\" height=\"724\" src=\"https:\/\/grigiskiukc.lt\/wp-content\/uploads\/2026\/03\/GKC-NAUA-STRUKTURA-1024x724.png\" class=\"attachment-large size-large wp-image-11944\" alt=\"\" srcset=\"https:\/\/grigiskiukc.lt\/wp-content\/uploads\/2026\/03\/GKC-NAUA-STRUKTURA-1024x724.png 1024w, https:\/\/grigiskiukc.lt\/wp-content\/uploads\/2026\/03\/GKC-NAUA-STRUKTURA-300x212.png 300w, https:\/\/grigiskiukc.lt\/wp-content\/uploads\/2026\/03\/GKC-NAUA-STRUKTURA-768x543.png 768w, https:\/\/grigiskiukc.lt\/wp-content\/uploads\/2026\/03\/GKC-NAUA-STRUKTURA-1536x1086.png 1536w, https:\/\/grigiskiukc.lt\/wp-content\/uploads\/2026\/03\/GKC-NAUA-STRUKTURA-2048x1448.png 2048w, https:\/\/grigiskiukc.lt\/wp-content\/uploads\/2026\/03\/GKC-NAUA-STRUKTURA-18x12.png 18w, https:\/\/grigiskiukc.lt\/wp-content\/uploads\/2026\/03\/GKC-NAUA-STRUKTURA-370x262.png 370w, https:\/\/grigiskiukc.lt\/wp-content\/uploads\/2026\/03\/GKC-NAUA-STRUKTURA-840x594.png 840w, https:\/\/grigiskiukc.lt\/wp-content\/uploads\/2026\/03\/GKC-NAUA-STRUKTURA-410x290.png 410w, https:\/\/grigiskiukc.lt\/wp-content\/uploads\/2026\/03\/GKC-NAUA-STRUKTURA-200x141.png 200w\" sizes=\"(max-width: 1024px) 100vw, 1024px\" \/>\t\t\t\t\t\t\t\t<\/a>\n\t\t\t\t\t\t\t\t\t\t\t\t\t\t\t<\/div>\n\t\t\t\t<\/div>\n\t\t\t\t\t<\/div>\n\t\t<\/div>\n\t\t\t\t\t<\/div>\n\t\t<\/section>\n\t\t\t\t<\/div>","protected":false},"excerpt":{"rendered":"","protected":false},"author":1,"featured_media":0,"parent":713,"menu_order":0,"comment_status":"closed","ping_status":"closed","template":"","meta":{"footnotes":""},"yoast_head":"<!-- This site is optimized with the Yoast SEO plugin v24.5 - https:\/\/yoast.com\/wordpress\/plugins\/seo\/ -->\n<title>Valdymo strukt\u016bra &#8211; Grigi\u0161ki\u0173 kult\u016bros centras<\/title>\n<meta name=\"robots\" content=\"index, follow, max-snippet:-1, max-image-preview:large, max-video-preview:-1\" \/>\n<link rel=\"canonical\" href=\"https:\/\/grigiskiukc.lt\/en\/kontaktai\/organizacine-struktura\/\" \/>\n<meta property=\"og:locale\" content=\"en_GB\" \/>\n<meta property=\"og:type\" content=\"article\" \/>\n<meta property=\"og:title\" content=\"Valdymo strukt\u016bra &#8211; Grigi\u0161ki\u0173 kult\u016bros centras\" \/>\n<meta property=\"og:url\" content=\"https:\/\/grigiskiukc.lt\/en\/kontaktai\/organizacine-struktura\/\" \/>\n<meta property=\"og:site_name\" content=\"Grigi\u0161ki\u0173 kult\u016bros centras\" \/>\n<meta property=\"article:publisher\" content=\"https:\/\/www.facebook.com\/GrigiskiuKC\" \/>\n<meta property=\"article:modified_time\" content=\"2026-03-09T15:47:09+00:00\" \/>\n<meta property=\"og:image\" content=\"https:\/\/grigiskiukc.lt\/wp-content\/uploads\/2026\/03\/GKC-NAUA-STRUKTURA.png\" \/>\n\t<meta property=\"og:image:width\" content=\"4961\" \/>\n\t<meta property=\"og:image:height\" content=\"3508\" \/>\n\t<meta property=\"og:image:type\" content=\"image\/png\" \/>\n<meta name=\"twitter:card\" content=\"summary_large_image\" \/>\n<meta name=\"twitter:label1\" content=\"Estimated reading time\" \/>\n\t<meta name=\"twitter:data1\" content=\"1 minute\" \/>\n<script type=\"application\/ld+json\" class=\"yoast-schema-graph\">{\"@context\":\"https:\/\/schema.org\",\"@graph\":[{\"@type\":\"WebPage\",\"@id\":\"https:\/\/grigiskiukc.lt\/kontaktai\/organizacine-struktura\/\",\"url\":\"https:\/\/grigiskiukc.lt\/kontaktai\/organizacine-struktura\/\",\"name\":\"Valdymo strukt\u016bra &#8211; Grigi\u0161ki\u0173 kult\u016bros centras\",\"isPartOf\":{\"@id\":\"https:\/\/grigiskiukc.lt\/#website\"},\"primaryImageOfPage\":{\"@id\":\"https:\/\/grigiskiukc.lt\/kontaktai\/organizacine-struktura\/#primaryimage\"},\"image\":{\"@id\":\"https:\/\/grigiskiukc.lt\/kontaktai\/organizacine-struktura\/#primaryimage\"},\"thumbnailUrl\":\"http:\/\/grigiskiukc.lt\/wp-content\/uploads\/2026\/03\/GKC-NAUA-STRUKTURA-1024x724.png\",\"datePublished\":\"2024-02-14T13:34:58+00:00\",\"dateModified\":\"2026-03-09T15:47:09+00:00\",\"breadcrumb\":{\"@id\":\"https:\/\/grigiskiukc.lt\/kontaktai\/organizacine-struktura\/#breadcrumb\"},\"inLanguage\":\"en-GB\",\"potentialAction\":[{\"@type\":\"ReadAction\",\"target\":[\"https:\/\/grigiskiukc.lt\/kontaktai\/organizacine-struktura\/\"]}]},{\"@type\":\"ImageObject\",\"inLanguage\":\"en-GB\",\"@id\":\"https:\/\/grigiskiukc.lt\/kontaktai\/organizacine-struktura\/#primaryimage\",\"url\":\"http:\/\/grigiskiukc.lt\/wp-content\/uploads\/2026\/03\/GKC-NAUA-STRUKTURA-1024x724.png\",\"contentUrl\":\"http:\/\/grigiskiukc.lt\/wp-content\/uploads\/2026\/03\/GKC-NAUA-STRUKTURA-1024x724.png\"},{\"@type\":\"BreadcrumbList\",\"@id\":\"https:\/\/grigiskiukc.lt\/kontaktai\/organizacine-struktura\/#breadcrumb\",\"itemListElement\":[{\"@type\":\"ListItem\",\"position\":1,\"name\":\"Pagrindinis\",\"item\":\"https:\/\/grigiskiukc.lt\/\"},{\"@type\":\"ListItem\",\"position\":2,\"name\":\"Strukt\u016bra ir kontaktai\",\"item\":\"https:\/\/grigiskiukc.lt\/kontaktai\/\"},{\"@type\":\"ListItem\",\"position\":3,\"name\":\"Valdymo strukt\u016bra\"}]},{\"@type\":\"WebSite\",\"@id\":\"https:\/\/grigiskiukc.lt\/#website\",\"url\":\"https:\/\/grigiskiukc.lt\/\",\"name\":\"Grigi\u0161ki\u0173 kult\u016bros centras\",\"description\":\"\",\"publisher\":{\"@id\":\"https:\/\/grigiskiukc.lt\/#organization\"},\"alternateName\":\"Grigi\u0161ki\u0173 kult\u016bros centras\",\"potentialAction\":[{\"@type\":\"SearchAction\",\"target\":{\"@type\":\"EntryPoint\",\"urlTemplate\":\"https:\/\/grigiskiukc.lt\/?s={search_term_string}\"},\"query-input\":{\"@type\":\"PropertyValueSpecification\",\"valueRequired\":true,\"valueName\":\"search_term_string\"}}],\"inLanguage\":\"en-GB\"},{\"@type\":\"Organization\",\"@id\":\"https:\/\/grigiskiukc.lt\/#organization\",\"name\":\"Grigi\u0161ki\u0173 kult\u016bros centras\",\"url\":\"https:\/\/grigiskiukc.lt\/\",\"logo\":{\"@type\":\"ImageObject\",\"inLanguage\":\"en-GB\",\"@id\":\"https:\/\/grigiskiukc.lt\/#\/schema\/logo\/image\/\",\"url\":\"https:\/\/grigiskiukc.lt\/wp-content\/uploads\/2022\/09\/GKC-logo1.png\",\"contentUrl\":\"https:\/\/grigiskiukc.lt\/wp-content\/uploads\/2022\/09\/GKC-logo1.png\",\"width\":702,\"height\":261,\"caption\":\"Grigi\u0161ki\u0173 kult\u016bros centras\"},\"image\":{\"@id\":\"https:\/\/grigiskiukc.lt\/#\/schema\/logo\/image\/\"},\"sameAs\":[\"https:\/\/www.facebook.com\/GrigiskiuKC\"]}]}<\/script>\n<!-- \/ Yoast SEO plugin. -->","yoast_head_json":{"title":"Valdymo strukt\u016bra &#8211; Grigi\u0161ki\u0173 kult\u016bros centras","robots":{"index":"index","follow":"follow","max-snippet":"max-snippet:-1","max-image-preview":"max-image-preview:large","max-video-preview":"max-video-preview:-1"},"canonical":"https:\/\/grigiskiukc.lt\/en\/kontaktai\/organizacine-struktura\/","og_locale":"en_GB","og_type":"article","og_title":"Valdymo strukt\u016bra &#8211; Grigi\u0161ki\u0173 kult\u016bros centras","og_url":"https:\/\/grigiskiukc.lt\/en\/kontaktai\/organizacine-struktura\/","og_site_name":"Grigi\u0161ki\u0173 kult\u016bros centras","article_publisher":"https:\/\/www.facebook.com\/GrigiskiuKC","article_modified_time":"2026-03-09T15:47:09+00:00","og_image":[{"width":4961,"height":3508,"url":"https:\/\/grigiskiukc.lt\/wp-content\/uploads\/2026\/03\/GKC-NAUA-STRUKTURA.png","type":"image\/png"}],"twitter_card":"summary_large_image","twitter_misc":{"Estimated reading time":"1 minute"},"schema":{"@context":"https:\/\/schema.org","@graph":[{"@type":"WebPage","@id":"https:\/\/grigiskiukc.lt\/kontaktai\/organizacine-struktura\/","url":"https:\/\/grigiskiukc.lt\/kontaktai\/organizacine-struktura\/","name":"Valdymo strukt\u016bra &#8211; Grigi\u0161ki\u0173 kult\u016bros centras","isPartOf":{"@id":"https:\/\/grigiskiukc.lt\/#website"},"primaryImageOfPage":{"@id":"https:\/\/grigiskiukc.lt\/kontaktai\/organizacine-struktura\/#primaryimage"},"image":{"@id":"https:\/\/grigiskiukc.lt\/kontaktai\/organizacine-struktura\/#primaryimage"},"thumbnailUrl":"http:\/\/grigiskiukc.lt\/wp-content\/uploads\/2026\/03\/GKC-NAUA-STRUKTURA-1024x724.png","datePublished":"2024-02-14T13:34:58+00:00","dateModified":"2026-03-09T15:47:09+00:00","breadcrumb":{"@id":"https:\/\/grigiskiukc.lt\/kontaktai\/organizacine-struktura\/#breadcrumb"},"inLanguage":"en-GB","potentialAction":[{"@type":"ReadAction","target":["https:\/\/grigiskiukc.lt\/kontaktai\/organizacine-struktura\/"]}]},{"@type":"ImageObject","inLanguage":"en-GB","@id":"https:\/\/grigiskiukc.lt\/kontaktai\/organizacine-struktura\/#primaryimage","url":"http:\/\/grigiskiukc.lt\/wp-content\/uploads\/2026\/03\/GKC-NAUA-STRUKTURA-1024x724.png","contentUrl":"http:\/\/grigiskiukc.lt\/wp-content\/uploads\/2026\/03\/GKC-NAUA-STRUKTURA-1024x724.png"},{"@type":"BreadcrumbList","@id":"https:\/\/grigiskiukc.lt\/kontaktai\/organizacine-struktura\/#breadcrumb","itemListElement":[{"@type":"ListItem","position":1,"name":"Pagrindinis","item":"https:\/\/grigiskiukc.lt\/"},{"@type":"ListItem","position":2,"name":"Strukt\u016bra ir kontaktai","item":"https:\/\/grigiskiukc.lt\/kontaktai\/"},{"@type":"ListItem","position":3,"name":"Valdymo strukt\u016bra"}]},{"@type":"WebSite","@id":"https:\/\/grigiskiukc.lt\/#website","url":"https:\/\/grigiskiukc.lt\/","name":"Grigi\u0161ki\u0173 kult\u016bros centras","description":"","publisher":{"@id":"https:\/\/grigiskiukc.lt\/#organization"},"alternateName":"Grigi\u0161ki\u0173 kult\u016bros centras","potentialAction":[{"@type":"SearchAction","target":{"@type":"EntryPoint","urlTemplate":"https:\/\/grigiskiukc.lt\/?s={search_term_string}"},"query-input":{"@type":"PropertyValueSpecification","valueRequired":true,"valueName":"search_term_string"}}],"inLanguage":"en-GB"},{"@type":"Organization","@id":"https:\/\/grigiskiukc.lt\/#organization","name":"Grigi\u0161ki\u0173 kult\u016bros centras","url":"https:\/\/grigiskiukc.lt\/","logo":{"@type":"ImageObject","inLanguage":"en-GB","@id":"https:\/\/grigiskiukc.lt\/#\/schema\/logo\/image\/","url":"https:\/\/grigiskiukc.lt\/wp-content\/uploads\/2022\/09\/GKC-logo1.png","contentUrl":"https:\/\/grigiskiukc.lt\/wp-content\/uploads\/2022\/09\/GKC-logo1.png","width":702,"height":261,"caption":"Grigi\u0161ki\u0173 kult\u016bros centras"},"image":{"@id":"https:\/\/grigiskiukc.lt\/#\/schema\/logo\/image\/"},"sameAs":["https:\/\/www.facebook.com\/GrigiskiuKC"]}]}},"_links":{"self":[{"href":"https:\/\/grigiskiukc.lt\/en\/wp-json\/wp\/v2\/pages\/7933"}],"collection":[{"href":"https:\/\/grigiskiukc.lt\/en\/wp-json\/wp\/v2\/pages"}],"about":[{"href":"https:\/\/grigiskiukc.lt\/en\/wp-json\/wp\/v2\/types\/page"}],"author":[{"embeddable":true,"href":"https:\/\/grigiskiukc.lt\/en\/wp-json\/wp\/v2\/users\/1"}],"replies":[{"embeddable":true,"href":"https:\/\/grigiskiukc.lt\/en\/wp-json\/wp\/v2\/comments?post=7933"}],"version-history":[{"count":50,"href":"https:\/\/grigiskiukc.lt\/en\/wp-json\/wp\/v2\/pages\/7933\/revisions"}],"predecessor-version":[{"id":12031,"href":"https:\/\/grigiskiukc.lt\/en\/wp-json\/wp\/v2\/pages\/7933\/revisions\/12031"}],"up":[{"embeddable":true,"href":"https:\/\/grigiskiukc.lt\/en\/wp-json\/wp\/v2\/pages\/713"}],"wp:attachment":[{"href":"https:\/\/grigiskiukc.lt\/en\/wp-json\/wp\/v2\/media?parent=7933"}],"curies":[{"name":"wp","href":"https:\/\/api.w.org\/{rel}","templated":true}]}}