{"id":7912,"date":"2024-02-14T15:17:02","date_gmt":"2024-02-14T13:17:02","guid":{"rendered":"https:\/\/grigiskiukc.lt\/?page_id=7912"},"modified":"2026-04-17T15:43:20","modified_gmt":"2026-04-17T12:43:20","slug":"dokumentai-ir-ataskaitos","status":"publish","type":"page","link":"https:\/\/grigiskiukc.lt\/en\/dokumentai-ir-ataskaitos\/","title":{"rendered":"Dokumentai ir ataskaitos"},"content":{"rendered":"<div data-elementor-type=\"wp-page\" data-elementor-id=\"7912\" class=\"elementor elementor-7912\">\n\t\t\t\t\t\t<section class=\"elementor-section elementor-top-section elementor-element elementor-element-437c4d6 elementor-section-boxed elementor-section-height-default elementor-section-height-default sc_fly_static\" data-id=\"437c4d6\" data-element_type=\"section\">\n\t\t\t\t\t\t<div class=\"elementor-container elementor-column-gap-extended\">\n\t\t\t\t\t<div class=\"elementor-column elementor-col-100 elementor-top-column elementor-element elementor-element-39810e1 sc_content_align_inherit sc_layouts_column_icons_position_left sc_fly_static\" data-id=\"39810e1\" data-element_type=\"column\">\n\t\t\t<div class=\"elementor-widget-wrap elementor-element-populated\">\n\t\t\t\t\t\t<div class=\"elementor-element elementor-element-d441303 sc_height_huge sc_fly_static elementor-widget elementor-widget-spacer\" data-id=\"d441303\" data-element_type=\"widget\" data-widget_type=\"spacer.default\">\n\t\t\t\t<div class=\"elementor-widget-container\">\n\t\t\t\t\t\t\t<div class=\"elementor-spacer\">\n\t\t\t<div class=\"elementor-spacer-inner\"><\/div>\n\t\t<\/div>\n\t\t\t\t\t\t<\/div>\n\t\t\t\t<\/div>\n\t\t\t\t<div class=\"elementor-element elementor-element-cd5f40c sc_layouts_hide_on_notebook sc_layouts_hide_on_tablet sc_layouts_hide_on_mobile sc_fly_static elementor-widget elementor-widget-spacer\" data-id=\"cd5f40c\" data-element_type=\"widget\" data-widget_type=\"spacer.default\">\n\t\t\t\t<div class=\"elementor-widget-container\">\n\t\t\t\t\t\t\t<div class=\"elementor-spacer\">\n\t\t\t<div class=\"elementor-spacer-inner\"><\/div>\n\t\t<\/div>\n\t\t\t\t\t\t<\/div>\n\t\t\t\t<\/div>\n\t\t\t\t\t<\/div>\n\t\t<\/div>\n\t\t\t\t\t<\/div>\n\t\t<\/section>\n\t\t\t\t<section class=\"elementor-section elementor-top-section elementor-element elementor-element-ab3dbd5 elementor-section-boxed elementor-section-height-default elementor-section-height-default sc_fly_static\" data-id=\"ab3dbd5\" data-element_type=\"section\">\n\t\t\t\t\t\t<div class=\"elementor-container elementor-column-gap-extended\">\n\t\t\t\t\t<div class=\"elementor-column elementor-col-100 elementor-top-column elementor-element elementor-element-1c7035d sc_content_align_inherit sc_layouts_column_icons_position_left sc_fly_static\" data-id=\"1c7035d\" data-element_type=\"column\">\n\t\t\t<div class=\"elementor-widget-wrap elementor-element-populated\">\n\t\t\t\t\t\t<div class=\"elementor-element elementor-element-777757f sc_fly_static elementor-widget elementor-widget-trx_sc_icons\" data-id=\"777757f\" data-element_type=\"widget\" data-widget_type=\"trx_sc_icons.default\">\n\t\t\t\t<div class=\"elementor-widget-container\">\n\t\t\t\t\t<div \tclass=\"sc_icons sc_icons_hover2 sc_icons_size_medium sc_align_center\" ><div class=\"sc_icons_columns_wrap sc_item_columns trx_addons_columns_wrap columns_padding_bottom\" ><div class=\"trx_addons_column-1_3\"><div class=\"sc_icons_item sc_icons_item_linked with_more\"><div class=\"sc_icons_icon sc_icon_type_ icon-doc-text\" ><span class=\"sc_icon_type_ icon-doc-text\"><\/span><\/div><div class=\"sc_icons_item_details\"><h4 class=\"sc_icons_item_title\"><a href=\"https:\/\/grigiskiukc.lt\/dokumentai-ir-ataskaitos\/veiklos-planai\/\">\r\n                                    Operational plans                                    <\/a><\/h4><a href=\"https:\/\/grigiskiukc.lt\/dokumentai-ir-ataskaitos\/veiklos-planai\/\" class=\"sc_icons_item_more_link\">\r\n                        <span class=\"link_text\">Daugiau informacijos<\/span><span class=\"link_icon\"><\/span>\r\n                        <\/a><a href=\"https:\/\/grigiskiukc.lt\/dokumentai-ir-ataskaitos\/veiklos-planai\/\"\r\n                        class=\"sc_icons_item_link\">\r\n                        <\/a><\/div><\/div><\/div><div class=\"trx_addons_column-1_3\"><div class=\"sc_icons_item sc_icons_item_linked with_more\"><div class=\"sc_icons_icon sc_icon_type_ icon-doc-text\" ><span class=\"sc_icon_type_ icon-doc-text\"><\/span><\/div><div class=\"sc_icons_item_details\"><h4 class=\"sc_icons_item_title\"><a href=\"https:\/\/grigiskiukc.lt\/dokumentai-ir-ataskaitos\/grigiskiu-kulturos-centro-nuostatai\/\">\r\n                                    Grigi\u0161ki\u0173 kult\u016bros centro nuostatai                                    <\/a><\/h4><a href=\"https:\/\/grigiskiukc.lt\/dokumentai-ir-ataskaitos\/grigiskiu-kulturos-centro-nuostatai\/\" class=\"sc_icons_item_more_link\">\r\n                        <span class=\"link_text\">Daugiau informacijos<\/span><span class=\"link_icon\"><\/span>\r\n                        <\/a><a href=\"https:\/\/grigiskiukc.lt\/dokumentai-ir-ataskaitos\/grigiskiu-kulturos-centro-nuostatai\/\"\r\n                        class=\"sc_icons_item_link\">\r\n                        <\/a><\/div><\/div><\/div><div class=\"trx_addons_column-1_3\"><div class=\"sc_icons_item sc_icons_item_linked with_more\"><div class=\"sc_icons_icon sc_icon_type_ icon-doc-text\" ><span class=\"sc_icon_type_ icon-doc-text\"><\/span><\/div><div class=\"sc_icons_item_details\"><h4 class=\"sc_icons_item_title\"><a href=\"https:\/\/grigiskiukc.lt\/dokumentai-ir-ataskaitos\/veiklos-ataskaitos\/\">\r\n                                    Activity reports                                    <\/a><\/h4><a href=\"https:\/\/grigiskiukc.lt\/dokumentai-ir-ataskaitos\/veiklos-ataskaitos\/\" class=\"sc_icons_item_more_link\">\r\n                        <span class=\"link_text\">Daugiau informacijos<\/span><span class=\"link_icon\"><\/span>\r\n                        <\/a><a href=\"https:\/\/grigiskiukc.lt\/dokumentai-ir-ataskaitos\/veiklos-ataskaitos\/\"\r\n                        class=\"sc_icons_item_link\">\r\n                        <\/a><\/div><\/div><\/div><div class=\"trx_addons_column-1_3\"><div class=\"sc_icons_item sc_icons_item_linked with_more\"><div class=\"sc_icons_icon sc_icon_type_ icon-doc-text\" ><span class=\"sc_icon_type_ icon-doc-text\"><\/span><\/div><div class=\"sc_icons_item_details\"><h4 class=\"sc_icons_item_title\"><a href=\"https:\/\/grigiskiukc.lt\/dokumentai-ir-ataskaitos\/veiklos-ataskaitos-lietuvos-nacionaliniam-kulturos-centrui\/\">\r\n                                    Veiklos ataskaitos Lietuvos nacionaliniam kult\u016bros centrui                                    <\/a><\/h4><a href=\"https:\/\/grigiskiukc.lt\/dokumentai-ir-ataskaitos\/veiklos-ataskaitos-lietuvos-nacionaliniam-kulturos-centrui\/\" class=\"sc_icons_item_more_link\">\r\n                        <span class=\"link_text\">Daugiau informacijos<\/span><span class=\"link_icon\"><\/span>\r\n                        <\/a><a href=\"https:\/\/grigiskiukc.lt\/dokumentai-ir-ataskaitos\/veiklos-ataskaitos-lietuvos-nacionaliniam-kulturos-centrui\/\"\r\n                        class=\"sc_icons_item_link\">\r\n                        <\/a><\/div><\/div><\/div><div class=\"trx_addons_column-1_3\"><div class=\"sc_icons_item sc_icons_item_linked with_more\"><div class=\"sc_icons_icon sc_icon_type_ icon-doc-text\" ><span class=\"sc_icon_type_ icon-doc-text\"><\/span><\/div><div class=\"sc_icons_item_details\"><h4 class=\"sc_icons_item_title\"><a href=\"https:\/\/grigiskiukc.lt\/dokumentai-ir-ataskaitos\/finansines-ataskaitos\/\">\r\n                                    Financial reports                                    <\/a><\/h4><a href=\"https:\/\/grigiskiukc.lt\/dokumentai-ir-ataskaitos\/finansines-ataskaitos\/\" class=\"sc_icons_item_more_link\">\r\n                        <span class=\"link_text\">Daugiau informacijos<\/span><span class=\"link_icon\"><\/span>\r\n                        <\/a><a href=\"https:\/\/grigiskiukc.lt\/dokumentai-ir-ataskaitos\/finansines-ataskaitos\/\"\r\n                        class=\"sc_icons_item_link\">\r\n                        <\/a><\/div><\/div><\/div><div class=\"trx_addons_column-1_3\"><div class=\"sc_icons_item sc_icons_item_linked with_more\"><div class=\"sc_icons_icon sc_icon_type_ icon-doc-text\" ><span class=\"sc_icon_type_ icon-doc-text\"><\/span><\/div><div class=\"sc_icons_item_details\"><h4 class=\"sc_icons_item_title\"><a href=\"https:\/\/grigiskiukc.lt\/dokumentai-ir-ataskaitos\/viesieji-pirkimai\/\">\r\n                                    Public procurement                                    <\/a><\/h4><a href=\"https:\/\/grigiskiukc.lt\/dokumentai-ir-ataskaitos\/viesieji-pirkimai\/\" class=\"sc_icons_item_more_link\">\r\n                        <span class=\"link_text\">Daugiau informacijos<\/span><span class=\"link_icon\"><\/span>\r\n                        <\/a><a href=\"https:\/\/grigiskiukc.lt\/dokumentai-ir-ataskaitos\/viesieji-pirkimai\/\"\r\n                        class=\"sc_icons_item_link\">\r\n                        <\/a><\/div><\/div><\/div><div class=\"trx_addons_column-1_3\"><div class=\"sc_icons_item sc_icons_item_linked with_more\"><div class=\"sc_icons_icon sc_icon_type_ icon-doc-text\" ><span class=\"sc_icon_type_ icon-doc-text\"><\/span><\/div><div class=\"sc_icons_item_details\"><h4 class=\"sc_icons_item_title\"><a href=\"https:\/\/grigiskiukc.lt\/dokumentai-ir-ataskaitos\/darbo-uzmokestis\/\">\r\n                                    Wages                                    <\/a><\/h4><a href=\"https:\/\/grigiskiukc.lt\/dokumentai-ir-ataskaitos\/darbo-uzmokestis\/\" class=\"sc_icons_item_more_link\">\r\n                        <span class=\"link_text\">Daugiau informacijos<\/span><span class=\"link_icon\"><\/span>\r\n                        <\/a><a href=\"https:\/\/grigiskiukc.lt\/dokumentai-ir-ataskaitos\/darbo-uzmokestis\/\"\r\n                        class=\"sc_icons_item_link\">\r\n                        <\/a><\/div><\/div><\/div><div class=\"trx_addons_column-1_3\"><div class=\"sc_icons_item sc_icons_item_linked with_more\"><div class=\"sc_icons_icon sc_icon_type_ icon-doc-text\" ><span class=\"sc_icon_type_ icon-doc-text\"><\/span><\/div><div class=\"sc_icons_item_details\"><h4 class=\"sc_icons_item_title\"><a href=\"https:\/\/grigiskiukc.lt\/dokumentai-ir-ataskaitos\/asmens-duomenu-apsauga\/\">\r\n                                    Personal data protection                                    <\/a><\/h4><a href=\"https:\/\/grigiskiukc.lt\/dokumentai-ir-ataskaitos\/asmens-duomenu-apsauga\/\" class=\"sc_icons_item_more_link\">\r\n                        <span class=\"link_text\">Daugiau informacijos<\/span><span class=\"link_icon\"><\/span>\r\n                        <\/a><a href=\"https:\/\/grigiskiukc.lt\/dokumentai-ir-ataskaitos\/asmens-duomenu-apsauga\/\"\r\n                        class=\"sc_icons_item_link\">\r\n                        <\/a><\/div><\/div><\/div><div class=\"trx_addons_column-1_3\"><div class=\"sc_icons_item sc_icons_item_linked with_more\"><div class=\"sc_icons_icon sc_icon_type_ icon-doc-text\" ><span class=\"sc_icon_type_ icon-doc-text\"><\/span><\/div><div class=\"sc_icons_item_details\"><h4 class=\"sc_icons_item_title\"><a href=\"https:\/\/grigiskiukc.lt\/pareigybes-del-kuriu-teikiamas-prasymas-stt\/\">\r\n                                     Pareigyb\u0117s, d\u0117l kuri\u0173 teikiamas pra\u0161ymas STT                                    <\/a><\/h4><a href=\"https:\/\/grigiskiukc.lt\/pareigybes-del-kuriu-teikiamas-prasymas-stt\/\" class=\"sc_icons_item_more_link\">\r\n                        <span class=\"link_text\">Daugiau informacijos<\/span><span class=\"link_icon\"><\/span>\r\n                        <\/a><a href=\"https:\/\/grigiskiukc.lt\/pareigybes-del-kuriu-teikiamas-prasymas-stt\/\"\r\n                        class=\"sc_icons_item_link\">\r\n                        <\/a><\/div><\/div><\/div><\/div><\/div><!-- \/.sc_icons -->\t\t\t\t<\/div>\n\t\t\t\t<\/div>\n\t\t\t\t<div class=\"elementor-element elementor-element-45a9b21 sc_fly_static elementor-widget elementor-widget-spacer\" data-id=\"45a9b21\" data-element_type=\"widget\" data-widget_type=\"spacer.default\">\n\t\t\t\t<div class=\"elementor-widget-container\">\n\t\t\t\t\t\t\t<div class=\"elementor-spacer\">\n\t\t\t<div class=\"elementor-spacer-inner\"><\/div>\n\t\t<\/div>\n\t\t\t\t\t\t<\/div>\n\t\t\t\t<\/div>\n\t\t\t\t\t<\/div>\n\t\t<\/div>\n\t\t\t\t\t<\/div>\n\t\t<\/section>\n\t\t\t\t<\/div>","protected":false},"excerpt":{"rendered":"<p>Veiklos planai Daugiau informacijos Grigi\u0161ki\u0173 kult\u016bros centro nuostatai Daugiau informacijos Veiklos ataskaitos Daugiau informacijos Veiklos ataskaitos Lietuvos nacionaliniam kult\u016bros centrui Daugiau informacijos Finansin\u0117s ataskaitos Daugiau informacijos Vie\u0161ieji pirkimai Daugiau informacijos&hellip;<\/p>","protected":false},"author":1,"featured_media":0,"parent":0,"menu_order":0,"comment_status":"closed","ping_status":"closed","template":"","meta":{"footnotes":""},"yoast_head":"<!-- This site is optimized with the Yoast SEO plugin v24.5 - https:\/\/yoast.com\/wordpress\/plugins\/seo\/ -->\n<title>Dokumentai ir ataskaitos &#8211; Grigi\u0161ki\u0173 kult\u016bros centras<\/title>\n<meta name=\"robots\" content=\"index, follow, max-snippet:-1, max-image-preview:large, max-video-preview:-1\" \/>\n<link rel=\"canonical\" href=\"https:\/\/grigiskiukc.lt\/en\/dokumentai-ir-ataskaitos\/\" \/>\n<meta property=\"og:locale\" content=\"en_GB\" \/>\n<meta property=\"og:type\" content=\"article\" \/>\n<meta property=\"og:title\" content=\"Dokumentai ir ataskaitos &#8211; Grigi\u0161ki\u0173 kult\u016bros centras\" \/>\n<meta property=\"og:description\" content=\"Veiklos planai Daugiau informacijos Grigi\u0161ki\u0173 kult\u016bros centro nuostatai Daugiau informacijos Veiklos ataskaitos Daugiau informacijos Veiklos ataskaitos Lietuvos nacionaliniam kult\u016bros centrui Daugiau informacijos Finansin\u0117s ataskaitos Daugiau informacijos Vie\u0161ieji pirkimai Daugiau informacijos&hellip;\" \/>\n<meta property=\"og:url\" content=\"https:\/\/grigiskiukc.lt\/en\/dokumentai-ir-ataskaitos\/\" \/>\n<meta property=\"og:site_name\" content=\"Grigi\u0161ki\u0173 kult\u016bros centras\" \/>\n<meta property=\"article:publisher\" content=\"https:\/\/www.facebook.com\/GrigiskiuKC\" \/>\n<meta property=\"article:modified_time\" content=\"2026-04-17T12:43:20+00:00\" \/>\n<meta property=\"og:image\" content=\"https:\/\/grigiskiukc.lt\/wp-content\/uploads\/revslider\/slider-1\/DJI_0078-scaled.jpg\" \/>\n\t<meta property=\"og:image:width\" content=\"2560\" \/>\n\t<meta property=\"og:image:height\" content=\"1706\" \/>\n\t<meta property=\"og:image:type\" content=\"image\/jpeg\" \/>\n<meta name=\"twitter:card\" content=\"summary_large_image\" \/>\n<meta name=\"twitter:label1\" content=\"Estimated reading time\" \/>\n\t<meta name=\"twitter:data1\" content=\"1 minute\" \/>\n<script type=\"application\/ld+json\" class=\"yoast-schema-graph\">{\"@context\":\"https:\/\/schema.org\",\"@graph\":[{\"@type\":\"WebPage\",\"@id\":\"https:\/\/grigiskiukc.lt\/dokumentai-ir-ataskaitos\/\",\"url\":\"https:\/\/grigiskiukc.lt\/dokumentai-ir-ataskaitos\/\",\"name\":\"Dokumentai ir ataskaitos &#8211; Grigi\u0161ki\u0173 kult\u016bros centras\",\"isPartOf\":{\"@id\":\"https:\/\/grigiskiukc.lt\/#website\"},\"datePublished\":\"2024-02-14T13:17:02+00:00\",\"dateModified\":\"2026-04-17T12:43:20+00:00\",\"breadcrumb\":{\"@id\":\"https:\/\/grigiskiukc.lt\/dokumentai-ir-ataskaitos\/#breadcrumb\"},\"inLanguage\":\"en-GB\",\"potentialAction\":[{\"@type\":\"ReadAction\",\"target\":[\"https:\/\/grigiskiukc.lt\/dokumentai-ir-ataskaitos\/\"]}]},{\"@type\":\"BreadcrumbList\",\"@id\":\"https:\/\/grigiskiukc.lt\/dokumentai-ir-ataskaitos\/#breadcrumb\",\"itemListElement\":[{\"@type\":\"ListItem\",\"position\":1,\"name\":\"Pagrindinis\",\"item\":\"https:\/\/grigiskiukc.lt\/\"},{\"@type\":\"ListItem\",\"position\":2,\"name\":\"Dokumentai ir ataskaitos\"}]},{\"@type\":\"WebSite\",\"@id\":\"https:\/\/grigiskiukc.lt\/#website\",\"url\":\"https:\/\/grigiskiukc.lt\/\",\"name\":\"Grigi\u0161ki\u0173 kult\u016bros centras\",\"description\":\"\",\"publisher\":{\"@id\":\"https:\/\/grigiskiukc.lt\/#organization\"},\"alternateName\":\"Grigi\u0161ki\u0173 kult\u016bros centras\",\"potentialAction\":[{\"@type\":\"SearchAction\",\"target\":{\"@type\":\"EntryPoint\",\"urlTemplate\":\"https:\/\/grigiskiukc.lt\/?s={search_term_string}\"},\"query-input\":{\"@type\":\"PropertyValueSpecification\",\"valueRequired\":true,\"valueName\":\"search_term_string\"}}],\"inLanguage\":\"en-GB\"},{\"@type\":\"Organization\",\"@id\":\"https:\/\/grigiskiukc.lt\/#organization\",\"name\":\"Grigi\u0161ki\u0173 kult\u016bros centras\",\"url\":\"https:\/\/grigiskiukc.lt\/\",\"logo\":{\"@type\":\"ImageObject\",\"inLanguage\":\"en-GB\",\"@id\":\"https:\/\/grigiskiukc.lt\/#\/schema\/logo\/image\/\",\"url\":\"https:\/\/grigiskiukc.lt\/wp-content\/uploads\/2022\/09\/GKC-logo1.png\",\"contentUrl\":\"https:\/\/grigiskiukc.lt\/wp-content\/uploads\/2022\/09\/GKC-logo1.png\",\"width\":702,\"height\":261,\"caption\":\"Grigi\u0161ki\u0173 kult\u016bros centras\"},\"image\":{\"@id\":\"https:\/\/grigiskiukc.lt\/#\/schema\/logo\/image\/\"},\"sameAs\":[\"https:\/\/www.facebook.com\/GrigiskiuKC\"]}]}<\/script>\n<!-- \/ Yoast SEO plugin. -->","yoast_head_json":{"title":"Dokumentai ir ataskaitos &#8211; Grigi\u0161ki\u0173 kult\u016bros centras","robots":{"index":"index","follow":"follow","max-snippet":"max-snippet:-1","max-image-preview":"max-image-preview:large","max-video-preview":"max-video-preview:-1"},"canonical":"https:\/\/grigiskiukc.lt\/en\/dokumentai-ir-ataskaitos\/","og_locale":"en_GB","og_type":"article","og_title":"Dokumentai ir ataskaitos &#8211; Grigi\u0161ki\u0173 kult\u016bros centras","og_description":"Veiklos planai Daugiau informacijos Grigi\u0161ki\u0173 kult\u016bros centro nuostatai Daugiau informacijos Veiklos ataskaitos Daugiau informacijos Veiklos ataskaitos Lietuvos nacionaliniam kult\u016bros centrui Daugiau informacijos Finansin\u0117s ataskaitos Daugiau informacijos Vie\u0161ieji pirkimai Daugiau informacijos&hellip;","og_url":"https:\/\/grigiskiukc.lt\/en\/dokumentai-ir-ataskaitos\/","og_site_name":"Grigi\u0161ki\u0173 kult\u016bros centras","article_publisher":"https:\/\/www.facebook.com\/GrigiskiuKC","article_modified_time":"2026-04-17T12:43:20+00:00","og_image":[{"width":2560,"height":1706,"url":"https:\/\/grigiskiukc.lt\/wp-content\/uploads\/revslider\/slider-1\/DJI_0078-scaled.jpg","type":"image\/jpeg"}],"twitter_card":"summary_large_image","twitter_misc":{"Estimated reading time":"1 minute"},"schema":{"@context":"https:\/\/schema.org","@graph":[{"@type":"WebPage","@id":"https:\/\/grigiskiukc.lt\/dokumentai-ir-ataskaitos\/","url":"https:\/\/grigiskiukc.lt\/dokumentai-ir-ataskaitos\/","name":"Dokumentai ir ataskaitos &#8211; Grigi\u0161ki\u0173 kult\u016bros centras","isPartOf":{"@id":"https:\/\/grigiskiukc.lt\/#website"},"datePublished":"2024-02-14T13:17:02+00:00","dateModified":"2026-04-17T12:43:20+00:00","breadcrumb":{"@id":"https:\/\/grigiskiukc.lt\/dokumentai-ir-ataskaitos\/#breadcrumb"},"inLanguage":"en-GB","potentialAction":[{"@type":"ReadAction","target":["https:\/\/grigiskiukc.lt\/dokumentai-ir-ataskaitos\/"]}]},{"@type":"BreadcrumbList","@id":"https:\/\/grigiskiukc.lt\/dokumentai-ir-ataskaitos\/#breadcrumb","itemListElement":[{"@type":"ListItem","position":1,"name":"Pagrindinis","item":"https:\/\/grigiskiukc.lt\/"},{"@type":"ListItem","position":2,"name":"Dokumentai ir ataskaitos"}]},{"@type":"WebSite","@id":"https:\/\/grigiskiukc.lt\/#website","url":"https:\/\/grigiskiukc.lt\/","name":"Grigi\u0161ki\u0173 kult\u016bros centras","description":"","publisher":{"@id":"https:\/\/grigiskiukc.lt\/#organization"},"alternateName":"Grigi\u0161ki\u0173 kult\u016bros centras","potentialAction":[{"@type":"SearchAction","target":{"@type":"EntryPoint","urlTemplate":"https:\/\/grigiskiukc.lt\/?s={search_term_string}"},"query-input":{"@type":"PropertyValueSpecification","valueRequired":true,"valueName":"search_term_string"}}],"inLanguage":"en-GB"},{"@type":"Organization","@id":"https:\/\/grigiskiukc.lt\/#organization","name":"Grigi\u0161ki\u0173 kult\u016bros centras","url":"https:\/\/grigiskiukc.lt\/","logo":{"@type":"ImageObject","inLanguage":"en-GB","@id":"https:\/\/grigiskiukc.lt\/#\/schema\/logo\/image\/","url":"https:\/\/grigiskiukc.lt\/wp-content\/uploads\/2022\/09\/GKC-logo1.png","contentUrl":"https:\/\/grigiskiukc.lt\/wp-content\/uploads\/2022\/09\/GKC-logo1.png","width":702,"height":261,"caption":"Grigi\u0161ki\u0173 kult\u016bros centras"},"image":{"@id":"https:\/\/grigiskiukc.lt\/#\/schema\/logo\/image\/"},"sameAs":["https:\/\/www.facebook.com\/GrigiskiuKC"]}]}},"_links":{"self":[{"href":"https:\/\/grigiskiukc.lt\/en\/wp-json\/wp\/v2\/pages\/7912"}],"collection":[{"href":"https:\/\/grigiskiukc.lt\/en\/wp-json\/wp\/v2\/pages"}],"about":[{"href":"https:\/\/grigiskiukc.lt\/en\/wp-json\/wp\/v2\/types\/page"}],"author":[{"embeddable":true,"href":"https:\/\/grigiskiukc.lt\/en\/wp-json\/wp\/v2\/users\/1"}],"replies":[{"embeddable":true,"href":"https:\/\/grigiskiukc.lt\/en\/wp-json\/wp\/v2\/comments?post=7912"}],"version-history":[{"count":32,"href":"https:\/\/grigiskiukc.lt\/en\/wp-json\/wp\/v2\/pages\/7912\/revisions"}],"predecessor-version":[{"id":12532,"href":"https:\/\/grigiskiukc.lt\/en\/wp-json\/wp\/v2\/pages\/7912\/revisions\/12532"}],"wp:attachment":[{"href":"https:\/\/grigiskiukc.lt\/en\/wp-json\/wp\/v2\/media?parent=7912"}],"curies":[{"name":"wp","href":"https:\/\/api.w.org\/{rel}","templated":true}]}}