{"id":7228,"date":"2024-01-23T09:17:24","date_gmt":"2024-01-23T07:17:24","guid":{"rendered":"https:\/\/grigiskiukc.lt\/?page_id=7228"},"modified":"2024-02-14T16:58:25","modified_gmt":"2024-02-14T14:58:25","slug":"versija-neigaliems","status":"publish","type":"page","link":"https:\/\/grigiskiukc.lt\/en\/versija-neigaliems\/","title":{"rendered":"Disabled version"},"content":{"rendered":"<div data-elementor-type=\"wp-page\" data-elementor-id=\"7228\" class=\"elementor elementor-7228\">\n\t\t\t\t\t\t<section class=\"elementor-section elementor-top-section elementor-element elementor-element-437c4d6 elementor-section-boxed elementor-section-height-default elementor-section-height-default sc_fly_static\" data-id=\"437c4d6\" data-element_type=\"section\">\n\t\t\t\t\t\t<div class=\"elementor-container elementor-column-gap-extended\">\n\t\t\t\t\t<div class=\"elementor-column elementor-col-100 elementor-top-column elementor-element elementor-element-39810e1 sc_content_align_inherit sc_layouts_column_icons_position_left sc_fly_static\" data-id=\"39810e1\" data-element_type=\"column\">\n\t\t\t<div class=\"elementor-widget-wrap elementor-element-populated\">\n\t\t\t\t\t\t<div class=\"elementor-element elementor-element-d441303 sc_height_huge sc_fly_static elementor-widget elementor-widget-spacer\" data-id=\"d441303\" data-element_type=\"widget\" data-widget_type=\"spacer.default\">\n\t\t\t\t<div class=\"elementor-widget-container\">\n\t\t\t\t\t\t\t<div class=\"elementor-spacer\">\n\t\t\t<div class=\"elementor-spacer-inner\"><\/div>\n\t\t<\/div>\n\t\t\t\t\t\t<\/div>\n\t\t\t\t<\/div>\n\t\t\t\t<div class=\"elementor-element elementor-element-cd5f40c sc_layouts_hide_on_notebook sc_layouts_hide_on_tablet sc_layouts_hide_on_mobile sc_fly_static elementor-widget elementor-widget-spacer\" data-id=\"cd5f40c\" data-element_type=\"widget\" data-widget_type=\"spacer.default\">\n\t\t\t\t<div class=\"elementor-widget-container\">\n\t\t\t\t\t\t\t<div class=\"elementor-spacer\">\n\t\t\t<div class=\"elementor-spacer-inner\"><\/div>\n\t\t<\/div>\n\t\t\t\t\t\t<\/div>\n\t\t\t\t<\/div>\n\t\t\t\t\t<\/div>\n\t\t<\/div>\n\t\t\t\t\t<\/div>\n\t\t<\/section>\n\t\t\t\t<section class=\"elementor-section elementor-top-section elementor-element elementor-element-ab3dbd5 elementor-section-boxed elementor-section-height-default elementor-section-height-default sc_fly_static\" data-id=\"ab3dbd5\" data-element_type=\"section\">\n\t\t\t\t\t\t<div class=\"elementor-container elementor-column-gap-extended\">\n\t\t\t\t\t<div class=\"elementor-column elementor-col-100 elementor-top-column elementor-element elementor-element-1c7035d sc_content_align_inherit sc_layouts_column_icons_position_left sc_fly_static\" data-id=\"1c7035d\" data-element_type=\"column\">\n\t\t\t<div class=\"elementor-widget-wrap elementor-element-populated\">\n\t\t\t\t\t\t<div class=\"elementor-element elementor-element-9edf33c sc_fly_static elementor-widget elementor-widget-text-editor\" data-id=\"9edf33c\" data-element_type=\"widget\" data-widget_type=\"text-editor.default\">\n\t\t\t\t<div class=\"elementor-widget-container\">\n\t\t\t\t\t\t\t\t\t<p>\u017dmon\u0117ms, turintiems reg\u0117jimo sutrikim\u0173 norint padidinti arba suma\u017einti \u0161rift\u0105, naudojamos dviej\u0173 klavi\u0161\u0173 kombinacijos\u00a0<strong>Control ir +\/-<\/strong>\u00a0arba\u00a0<strong>Control ir pel\u0117s ratukas \u012f vir\u0161\u0173 arba apa\u010di\u0105.<br \/><br \/><\/strong>Taip pat galima pasinaudoti svetain\u0117je \u012fdiegtu <strong>prieinamumo meniu (CTRL+U),<br \/><\/strong>kuris yra kairiajame ekrano \u0161one, apa\u010dioje. Ten rasite daugiau funkcij\u0173, pad\u0117sian\u010di\u0173 nar\u0161yti \u0161ioje svetain\u0117je.<\/p>\t\t\t\t\t\t\t\t<\/div>\n\t\t\t\t<\/div>\n\t\t\t\t<div class=\"elementor-element elementor-element-55478ec sc_fly_static elementor-widget elementor-widget-text-editor\" data-id=\"55478ec\" data-element_type=\"widget\" data-widget_type=\"text-editor.default\">\n\t\t\t\t<div class=\"elementor-widget-container\">\n\t\t\t\t\t\t\t\t\t<p>Dauguma \u0161io tinklapio punkt\u0173 pasiekiame naudojantis dviej\u0173 klavi\u0161\u0173 kombinacija:<\/p><ul><li><strong>Alt<\/strong>\u00a0(Shift + Alt \u2013 naudojant Mozilla Firefox)\u00a0<strong>ir atitinkama raid\u0117 ar skai\u010dius<\/strong>\u00a0Windows platformoje,<\/li><li><strong>Control<\/strong>\u00a0ir atitinkama raid\u0117 ar skai\u010dius Macintosh platformoje.<\/li><\/ul><p>Kai kuriose nar\u0161ykl\u0117se (pvz., Internet Explorer) priedo reikia nuspausti Enter.<\/p><p><strong>\u017demiau pateikiamas visas speciali\u0173j\u0173 klavi\u0161\u0173 s\u0105ra\u0161as:<\/strong><\/p><ol><li>Penkis kartus paspauskite klavi\u0161\u0105 SHIFT: \u012fjungia ir i\u0161jungia klavi\u0161\u0173 fiksavim\u0105<\/li><li>Laikykite nuspaud\u0119 klavi\u0161\u0105 SHIFT a\u0161tuonias sekundes: \u012fjungia ir i\u0161jungia klavi\u0161\u0173 filtravim\u0105<\/li><li>Laikykite nuspaud\u0119 klavi\u0161\u0105 NUM LOCK penkias sekundes: \u012fjungia ir i\u0161jungia perjungimo \u012fgarsinim\u0105<\/li><li>Kairysis ALT+kairysis SHIFT+NUM LOCK: \u012fjungia ir i\u0161jungia pel\u0117s imitavim\u0105 klaviat\u016bra<\/li><li>Kairysis ALT+kairysis SHIFT+PRINT SCREEN: \u012fjungia ir i\u0161jungia kontrasting\u0105 vaizd\u0105<\/li><\/ol>\t\t\t\t\t\t\t\t<\/div>\n\t\t\t\t<\/div>\n\t\t\t\t<div class=\"elementor-element elementor-element-6ed994e sc_fly_static elementor-widget elementor-widget-spacer\" data-id=\"6ed994e\" data-element_type=\"widget\" data-widget_type=\"spacer.default\">\n\t\t\t\t<div class=\"elementor-widget-container\">\n\t\t\t\t\t\t\t<div class=\"elementor-spacer\">\n\t\t\t<div class=\"elementor-spacer-inner\"><\/div>\n\t\t<\/div>\n\t\t\t\t\t\t<\/div>\n\t\t\t\t<\/div>\n\t\t\t\t<section class=\"elementor-section elementor-inner-section elementor-element elementor-element-5775647 elementor-section-boxed elementor-section-height-default elementor-section-height-default sc_fly_static\" data-id=\"5775647\" data-element_type=\"section\">\n\t\t\t\t\t\t<div class=\"elementor-container elementor-column-gap-extended\">\n\t\t\t\t\t<div class=\"elementor-column elementor-col-100 elementor-inner-column elementor-element elementor-element-0357c01 sc_content_align_inherit sc_layouts_column_icons_position_left sc_fly_static\" data-id=\"0357c01\" data-element_type=\"column\">\n\t\t\t<div class=\"elementor-widget-wrap elementor-element-populated\">\n\t\t\t\t\t\t<div class=\"elementor-element elementor-element-98cf1c5 elementor-position-left elementor-vertical-align-middle elementor-view-default elementor-mobile-position-top sc_fly_static elementor-widget elementor-widget-icon-box\" data-id=\"98cf1c5\" data-element_type=\"widget\" data-widget_type=\"icon-box.default\">\n\t\t\t\t<div class=\"elementor-widget-container\">\n\t\t\t\t\t\t\t<div class=\"elementor-icon-box-wrapper\">\n\n\t\t\t\t\t\t<div class=\"elementor-icon-box-icon\">\n\t\t\t\t<a href=\"http:\/\/grigiskiukc.lt\/wp-content\/uploads\/2024\/01\/aistis.zip\" target=\"_blank\" class=\"elementor-icon\" tabindex=\"-1\" aria-label=\"Lietuvi\u0161ka \u012fgarsinimo programa \u201eAistis\u201c ( 669 kb )\">\n\t\t\t\t<i aria-hidden=\"true\" class=\"fas fa-file-archive\"><\/i>\t\t\t\t<\/a>\n\t\t\t<\/div>\n\t\t\t\n\t\t\t\t\t\t<div class=\"elementor-icon-box-content\">\n\n\t\t\t\t\t\t\t\t\t<h3 class=\"elementor-icon-box-title\">\n\t\t\t\t\t\t<a href=\"http:\/\/grigiskiukc.lt\/wp-content\/uploads\/2024\/01\/aistis.zip\" target=\"_blank\" >\n\t\t\t\t\t\t\tLietuvi\u0161ka \u012fgarsinimo programa \u201eAistis\u201c ( 669 kb )\t\t\t\t\t\t<\/a>\n\t\t\t\t\t<\/h3>\n\t\t\t\t\n\t\t\t\t\t\t\t\t\t<p class=\"elementor-icon-box-description\">\n\t\t\t\t\t\t<!DOCTYPE html>\n<html lang=\"en\">\n<head>\n    <meta charset=\"UTF-8\">\n    <meta http-equiv=\"X-UA-Compatible\" content=\"IE=edge\">\n    <meta name=\"viewport\" content=\"width=device-width, initial-scale=1.0\">\n    <title>Failo atsisiuntimas<\/title>\n<\/head>\n<body>\n\n   \n    <a href=\"http:\/\/grigiskiukc.lt\/wp-content\/uploads\/2024\/01\/aistis.zip\" download>\n        Atsisi\u0173sti \u2192\n    <\/a>\n\n<\/body>\n<\/html>\n\t\t\t\t\t<\/p>\n\t\t\t\t\n\t\t\t<\/div>\n\t\t\t\n\t\t<\/div>\n\t\t\t\t\t\t<\/div>\n\t\t\t\t<\/div>\n\t\t\t\t\t<\/div>\n\t\t<\/div>\n\t\t\t\t\t<\/div>\n\t\t<\/section>\n\t\t\t\t<div class=\"elementor-element elementor-element-45a9b21 sc_fly_static elementor-widget elementor-widget-spacer\" data-id=\"45a9b21\" data-element_type=\"widget\" data-widget_type=\"spacer.default\">\n\t\t\t\t<div class=\"elementor-widget-container\">\n\t\t\t\t\t\t\t<div class=\"elementor-spacer\">\n\t\t\t<div class=\"elementor-spacer-inner\"><\/div>\n\t\t<\/div>\n\t\t\t\t\t\t<\/div>\n\t\t\t\t<\/div>\n\t\t\t\t\t<\/div>\n\t\t<\/div>\n\t\t\t\t\t<\/div>\n\t\t<\/section>\n\t\t\t\t<\/div>","protected":false},"excerpt":{"rendered":"<p>\u017dmon\u0117ms, turintiems reg\u0117jimo sutrikim\u0173 norint padidinti arba suma\u017einti \u0161rift\u0105, naudojamos dviej\u0173 klavi\u0161\u0173 kombinacijos\u00a0Control ir +\/-\u00a0arba\u00a0Control ir pel\u0117s ratukas \u012f vir\u0161\u0173 arba apa\u010di\u0105. Taip pat galima pasinaudoti svetain\u0117je \u012fdiegtu prieinamumo meniu&hellip;<\/p>","protected":false},"author":1,"featured_media":0,"parent":0,"menu_order":0,"comment_status":"closed","ping_status":"closed","template":"","meta":{"footnotes":""},"yoast_head":"<!-- This site is optimized with the Yoast SEO plugin v24.5 - https:\/\/yoast.com\/wordpress\/plugins\/seo\/ -->\n<title>Versija ne\u012fgaliesiems &#8211; Grigi\u0161ki\u0173 kult\u016bros centras<\/title>\n<meta name=\"robots\" content=\"index, follow, max-snippet:-1, max-image-preview:large, max-video-preview:-1\" \/>\n<link rel=\"canonical\" href=\"https:\/\/grigiskiukc.lt\/en\/versija-neigaliems\/\" \/>\n<meta property=\"og:locale\" content=\"en_GB\" \/>\n<meta property=\"og:type\" content=\"article\" \/>\n<meta property=\"og:title\" content=\"Versija ne\u012fgaliesiems &#8211; Grigi\u0161ki\u0173 kult\u016bros centras\" \/>\n<meta property=\"og:description\" content=\"\u017dmon\u0117ms, turintiems reg\u0117jimo sutrikim\u0173 norint padidinti arba suma\u017einti \u0161rift\u0105, naudojamos dviej\u0173 klavi\u0161\u0173 kombinacijos\u00a0Control ir +\/-\u00a0arba\u00a0Control ir pel\u0117s ratukas \u012f vir\u0161\u0173 arba apa\u010di\u0105. Taip pat galima pasinaudoti svetain\u0117je \u012fdiegtu prieinamumo meniu&hellip;\" \/>\n<meta property=\"og:url\" content=\"https:\/\/grigiskiukc.lt\/en\/versija-neigaliems\/\" \/>\n<meta property=\"og:site_name\" content=\"Grigi\u0161ki\u0173 kult\u016bros centras\" \/>\n<meta property=\"article:publisher\" content=\"https:\/\/www.facebook.com\/GrigiskiuKC\" \/>\n<meta property=\"article:modified_time\" content=\"2024-02-14T14:58:25+00:00\" \/>\n<meta property=\"og:image\" content=\"https:\/\/grigiskiukc.lt\/wp-content\/uploads\/revslider\/slider-1\/DJI_0078-scaled.jpg\" \/>\n\t<meta property=\"og:image:width\" content=\"2560\" \/>\n\t<meta property=\"og:image:height\" content=\"1706\" \/>\n\t<meta property=\"og:image:type\" content=\"image\/jpeg\" \/>\n<meta name=\"twitter:card\" content=\"summary_large_image\" \/>\n<meta name=\"twitter:label1\" content=\"Estimated reading time\" \/>\n\t<meta name=\"twitter:data1\" content=\"1 minute\" \/>\n<script type=\"application\/ld+json\" class=\"yoast-schema-graph\">{\"@context\":\"https:\/\/schema.org\",\"@graph\":[{\"@type\":\"WebPage\",\"@id\":\"https:\/\/grigiskiukc.lt\/versija-neigaliems\/\",\"url\":\"https:\/\/grigiskiukc.lt\/versija-neigaliems\/\",\"name\":\"Versija ne\u012fgaliesiems &#8211; Grigi\u0161ki\u0173 kult\u016bros centras\",\"isPartOf\":{\"@id\":\"https:\/\/grigiskiukc.lt\/#website\"},\"datePublished\":\"2024-01-23T07:17:24+00:00\",\"dateModified\":\"2024-02-14T14:58:25+00:00\",\"breadcrumb\":{\"@id\":\"https:\/\/grigiskiukc.lt\/versija-neigaliems\/#breadcrumb\"},\"inLanguage\":\"en-GB\",\"potentialAction\":[{\"@type\":\"ReadAction\",\"target\":[\"https:\/\/grigiskiukc.lt\/versija-neigaliems\/\"]}]},{\"@type\":\"BreadcrumbList\",\"@id\":\"https:\/\/grigiskiukc.lt\/versija-neigaliems\/#breadcrumb\",\"itemListElement\":[{\"@type\":\"ListItem\",\"position\":1,\"name\":\"Pagrindinis\",\"item\":\"https:\/\/grigiskiukc.lt\/\"},{\"@type\":\"ListItem\",\"position\":2,\"name\":\"Versija ne\u012fgaliesiems\"}]},{\"@type\":\"WebSite\",\"@id\":\"https:\/\/grigiskiukc.lt\/#website\",\"url\":\"https:\/\/grigiskiukc.lt\/\",\"name\":\"Grigi\u0161ki\u0173 kult\u016bros centras\",\"description\":\"\",\"publisher\":{\"@id\":\"https:\/\/grigiskiukc.lt\/#organization\"},\"alternateName\":\"Grigi\u0161ki\u0173 kult\u016bros centras\",\"potentialAction\":[{\"@type\":\"SearchAction\",\"target\":{\"@type\":\"EntryPoint\",\"urlTemplate\":\"https:\/\/grigiskiukc.lt\/?s={search_term_string}\"},\"query-input\":{\"@type\":\"PropertyValueSpecification\",\"valueRequired\":true,\"valueName\":\"search_term_string\"}}],\"inLanguage\":\"en-GB\"},{\"@type\":\"Organization\",\"@id\":\"https:\/\/grigiskiukc.lt\/#organization\",\"name\":\"Grigi\u0161ki\u0173 kult\u016bros centras\",\"url\":\"https:\/\/grigiskiukc.lt\/\",\"logo\":{\"@type\":\"ImageObject\",\"inLanguage\":\"en-GB\",\"@id\":\"https:\/\/grigiskiukc.lt\/#\/schema\/logo\/image\/\",\"url\":\"https:\/\/grigiskiukc.lt\/wp-content\/uploads\/2022\/09\/GKC-logo1.png\",\"contentUrl\":\"https:\/\/grigiskiukc.lt\/wp-content\/uploads\/2022\/09\/GKC-logo1.png\",\"width\":702,\"height\":261,\"caption\":\"Grigi\u0161ki\u0173 kult\u016bros centras\"},\"image\":{\"@id\":\"https:\/\/grigiskiukc.lt\/#\/schema\/logo\/image\/\"},\"sameAs\":[\"https:\/\/www.facebook.com\/GrigiskiuKC\"]}]}<\/script>\n<!-- \/ Yoast SEO plugin. -->","yoast_head_json":{"title":"Versija ne\u012fgaliesiems &#8211; Grigi\u0161ki\u0173 kult\u016bros centras","robots":{"index":"index","follow":"follow","max-snippet":"max-snippet:-1","max-image-preview":"max-image-preview:large","max-video-preview":"max-video-preview:-1"},"canonical":"https:\/\/grigiskiukc.lt\/en\/versija-neigaliems\/","og_locale":"en_GB","og_type":"article","og_title":"Versija ne\u012fgaliesiems &#8211; Grigi\u0161ki\u0173 kult\u016bros centras","og_description":"\u017dmon\u0117ms, turintiems reg\u0117jimo sutrikim\u0173 norint padidinti arba suma\u017einti \u0161rift\u0105, naudojamos dviej\u0173 klavi\u0161\u0173 kombinacijos\u00a0Control ir +\/-\u00a0arba\u00a0Control ir pel\u0117s ratukas \u012f vir\u0161\u0173 arba apa\u010di\u0105. Taip pat galima pasinaudoti svetain\u0117je \u012fdiegtu prieinamumo meniu&hellip;","og_url":"https:\/\/grigiskiukc.lt\/en\/versija-neigaliems\/","og_site_name":"Grigi\u0161ki\u0173 kult\u016bros centras","article_publisher":"https:\/\/www.facebook.com\/GrigiskiuKC","article_modified_time":"2024-02-14T14:58:25+00:00","og_image":[{"width":2560,"height":1706,"url":"https:\/\/grigiskiukc.lt\/wp-content\/uploads\/revslider\/slider-1\/DJI_0078-scaled.jpg","type":"image\/jpeg"}],"twitter_card":"summary_large_image","twitter_misc":{"Estimated reading time":"1 minute"},"schema":{"@context":"https:\/\/schema.org","@graph":[{"@type":"WebPage","@id":"https:\/\/grigiskiukc.lt\/versija-neigaliems\/","url":"https:\/\/grigiskiukc.lt\/versija-neigaliems\/","name":"Versija ne\u012fgaliesiems &#8211; Grigi\u0161ki\u0173 kult\u016bros centras","isPartOf":{"@id":"https:\/\/grigiskiukc.lt\/#website"},"datePublished":"2024-01-23T07:17:24+00:00","dateModified":"2024-02-14T14:58:25+00:00","breadcrumb":{"@id":"https:\/\/grigiskiukc.lt\/versija-neigaliems\/#breadcrumb"},"inLanguage":"en-GB","potentialAction":[{"@type":"ReadAction","target":["https:\/\/grigiskiukc.lt\/versija-neigaliems\/"]}]},{"@type":"BreadcrumbList","@id":"https:\/\/grigiskiukc.lt\/versija-neigaliems\/#breadcrumb","itemListElement":[{"@type":"ListItem","position":1,"name":"Pagrindinis","item":"https:\/\/grigiskiukc.lt\/"},{"@type":"ListItem","position":2,"name":"Versija ne\u012fgaliesiems"}]},{"@type":"WebSite","@id":"https:\/\/grigiskiukc.lt\/#website","url":"https:\/\/grigiskiukc.lt\/","name":"Grigi\u0161ki\u0173 kult\u016bros centras","description":"","publisher":{"@id":"https:\/\/grigiskiukc.lt\/#organization"},"alternateName":"Grigi\u0161ki\u0173 kult\u016bros centras","potentialAction":[{"@type":"SearchAction","target":{"@type":"EntryPoint","urlTemplate":"https:\/\/grigiskiukc.lt\/?s={search_term_string}"},"query-input":{"@type":"PropertyValueSpecification","valueRequired":true,"valueName":"search_term_string"}}],"inLanguage":"en-GB"},{"@type":"Organization","@id":"https:\/\/grigiskiukc.lt\/#organization","name":"Grigi\u0161ki\u0173 kult\u016bros centras","url":"https:\/\/grigiskiukc.lt\/","logo":{"@type":"ImageObject","inLanguage":"en-GB","@id":"https:\/\/grigiskiukc.lt\/#\/schema\/logo\/image\/","url":"https:\/\/grigiskiukc.lt\/wp-content\/uploads\/2022\/09\/GKC-logo1.png","contentUrl":"https:\/\/grigiskiukc.lt\/wp-content\/uploads\/2022\/09\/GKC-logo1.png","width":702,"height":261,"caption":"Grigi\u0161ki\u0173 kult\u016bros centras"},"image":{"@id":"https:\/\/grigiskiukc.lt\/#\/schema\/logo\/image\/"},"sameAs":["https:\/\/www.facebook.com\/GrigiskiuKC"]}]}},"_links":{"self":[{"href":"https:\/\/grigiskiukc.lt\/en\/wp-json\/wp\/v2\/pages\/7228"}],"collection":[{"href":"https:\/\/grigiskiukc.lt\/en\/wp-json\/wp\/v2\/pages"}],"about":[{"href":"https:\/\/grigiskiukc.lt\/en\/wp-json\/wp\/v2\/types\/page"}],"author":[{"embeddable":true,"href":"https:\/\/grigiskiukc.lt\/en\/wp-json\/wp\/v2\/users\/1"}],"replies":[{"embeddable":true,"href":"https:\/\/grigiskiukc.lt\/en\/wp-json\/wp\/v2\/comments?post=7228"}],"version-history":[{"count":20,"href":"https:\/\/grigiskiukc.lt\/en\/wp-json\/wp\/v2\/pages\/7228\/revisions"}],"predecessor-version":[{"id":8024,"href":"https:\/\/grigiskiukc.lt\/en\/wp-json\/wp\/v2\/pages\/7228\/revisions\/8024"}],"wp:attachment":[{"href":"https:\/\/grigiskiukc.lt\/en\/wp-json\/wp\/v2\/media?parent=7228"}],"curies":[{"name":"wp","href":"https:\/\/api.w.org\/{rel}","templated":true}]}}