{"id":6704,"date":"2024-01-18T13:34:48","date_gmt":"2024-01-18T11:34:48","guid":{"rendered":"https:\/\/grigiskiukc.lt\/?page_id=6704"},"modified":"2026-03-09T18:00:30","modified_gmt":"2026-03-09T16:00:30","slug":"karjera-ir-konkursai","status":"publish","type":"page","link":"https:\/\/grigiskiukc.lt\/en\/karjera-ir-konkursai\/","title":{"rendered":"Careers | Competitions"},"content":{"rendered":"<div data-elementor-type=\"wp-page\" data-elementor-id=\"6704\" class=\"elementor elementor-6704\">\n\t\t\t\t\t\t<section class=\"elementor-section elementor-top-section elementor-element elementor-element-437c4d6 elementor-section-boxed elementor-section-height-default elementor-section-height-default sc_fly_static\" data-id=\"437c4d6\" data-element_type=\"section\">\n\t\t\t\t\t\t<div class=\"elementor-container elementor-column-gap-extended\">\n\t\t\t\t\t<div class=\"elementor-column elementor-col-100 elementor-top-column elementor-element elementor-element-39810e1 sc_content_align_inherit sc_layouts_column_icons_position_left sc_fly_static\" data-id=\"39810e1\" data-element_type=\"column\">\n\t\t\t<div class=\"elementor-widget-wrap elementor-element-populated\">\n\t\t\t\t\t\t<div class=\"elementor-element elementor-element-d441303 sc_height_huge sc_fly_static elementor-widget elementor-widget-spacer\" data-id=\"d441303\" data-element_type=\"widget\" data-widget_type=\"spacer.default\">\n\t\t\t\t<div class=\"elementor-widget-container\">\n\t\t\t\t\t\t\t<div class=\"elementor-spacer\">\n\t\t\t<div class=\"elementor-spacer-inner\"><\/div>\n\t\t<\/div>\n\t\t\t\t\t\t<\/div>\n\t\t\t\t<\/div>\n\t\t\t\t<div class=\"elementor-element elementor-element-cd5f40c sc_layouts_hide_on_notebook sc_layouts_hide_on_tablet sc_layouts_hide_on_mobile sc_fly_static elementor-widget elementor-widget-spacer\" data-id=\"cd5f40c\" data-element_type=\"widget\" data-widget_type=\"spacer.default\">\n\t\t\t\t<div class=\"elementor-widget-container\">\n\t\t\t\t\t\t\t<div class=\"elementor-spacer\">\n\t\t\t<div class=\"elementor-spacer-inner\"><\/div>\n\t\t<\/div>\n\t\t\t\t\t\t<\/div>\n\t\t\t\t<\/div>\n\t\t\t\t\t<\/div>\n\t\t<\/div>\n\t\t\t\t\t<\/div>\n\t\t<\/section>\n\t\t\t\t<section class=\"elementor-section elementor-top-section elementor-element elementor-element-ab3dbd5 elementor-section-boxed elementor-section-height-default elementor-section-height-default sc_fly_static\" data-id=\"ab3dbd5\" data-element_type=\"section\">\n\t\t\t\t\t\t<div class=\"elementor-container elementor-column-gap-extended\">\n\t\t\t\t\t<div class=\"elementor-column elementor-col-100 elementor-top-column elementor-element elementor-element-1c7035d sc_content_align_inherit sc_layouts_column_icons_position_left sc_fly_static\" data-id=\"1c7035d\" data-element_type=\"column\">\n\t\t\t<div class=\"elementor-widget-wrap elementor-element-populated\">\n\t\t\t\t\t\t<div class=\"elementor-element elementor-element-1a39a4f sc_fly_static elementor-widget elementor-widget-text-editor\" data-id=\"1a39a4f\" data-element_type=\"widget\" data-widget_type=\"text-editor.default\">\n\t\t\t\t<div class=\"elementor-widget-container\">\n\t\t\t\t\t\t\t\t\t<p>Jei esate k\u016brybingas(-a), turintis(-i) aistr\u0105 dalyvauti kult\u016briniuose projektuose ir renginiuose, bendrauti su \u012fdomiais \u017emon\u0117mis \u2013 tai vieta Jums! Grigi\u0161ki\u0173 kult\u016bros centras nuolat siekia pritraukti talenting\u0173 ir \u012fkv\u0117pt\u0173 asmen\u0173, kurie prisid\u0117t\u0173 prie m\u016bs\u0173 bendros k\u016brybin\u0117s energijos.<\/p><p>M\u016bs\u0173 kolektyvas yra \u012fvairus, dinami\u0161kas ir atviras naujov\u0117ms. \u010cia ne tik organizuojame renginius ir projektus, bet ir skatiname kiekvien\u0105 kolektyvo nario k\u016brybi\u0161kum\u0105 bei individualum\u0105. Jeigu svajojate tapti m\u016bs\u0173 komandos dalimi \u2013 kvie\u010diame prisijungti prie m\u016bs\u0173.<\/p><p>Jei turite noro, entuziazmo ir aistros prisid\u0117ti prie Grigi\u0161ki\u0173 kult\u016bros centro veiklos, kvie\u010diame si\u0173sti savo gyvenimo apra\u0161ym\u0105 bei motyvacin\u012f lai\u0161k\u0105 el. pa\u0161to adresu <a href=\"mailto:info@grigiskiukc.lt\">info@grigiskiukc.lt<\/a>. Mes tikim\u0117s atrasti b\u016btent Tave \u2013 nauj\u0105 koleg\u0105 m\u016bs\u0173 k\u016brybin\u0117je komandoje!<\/p><p>Kvie\u010diame prisijungti prie Grigi\u0161ki\u0173 kult\u016bros centro \u2013 vietos, kurioje kiekvienas kuria kult\u016bros gyvenim\u0105, juk kult\u016bra \u2013 tai mes!<\/p>\t\t\t\t\t\t\t\t<\/div>\n\t\t\t\t<\/div>\n\t\t\t\t<div class=\"elementor-element elementor-element-8981946 elementor-widget-divider--view-line sc_fly_static elementor-widget elementor-widget-divider\" data-id=\"8981946\" data-element_type=\"widget\" data-widget_type=\"divider.default\">\n\t\t\t\t<div class=\"elementor-widget-container\">\n\t\t\t\t\t\t\t<div class=\"elementor-divider\">\n\t\t\t<span class=\"elementor-divider-separator\">\n\t\t\t\t\t\t<\/span>\n\t\t<\/div>\n\t\t\t\t\t\t<\/div>\n\t\t\t\t<\/div>\n\t\t\t\t<div class=\"elementor-element elementor-element-aa09c7c sc_fly_static elementor-widget elementor-widget-spacer\" data-id=\"aa09c7c\" data-element_type=\"widget\" data-widget_type=\"spacer.default\">\n\t\t\t\t<div class=\"elementor-widget-container\">\n\t\t\t\t\t\t\t<div class=\"elementor-spacer\">\n\t\t\t<div class=\"elementor-spacer-inner\"><\/div>\n\t\t<\/div>\n\t\t\t\t\t\t<\/div>\n\t\t\t\t<\/div>\n\t\t\t\t<div class=\"elementor-element elementor-element-15893f0 sc_fly_static elementor-widget elementor-widget-heading\" data-id=\"15893f0\" data-element_type=\"widget\" data-widget_type=\"heading.default\">\n\t\t\t\t<div class=\"elementor-widget-container\">\n\t\t\t\t\t<h6 class=\"elementor-heading-title elementor-size-default\">\u0160iuo metu n\u0117ra vykstan\u010di\u0173 konkurs\u0173...<\/h6>\t\t\t\t<\/div>\n\t\t\t\t<\/div>\n\t\t\t\t<div class=\"elementor-element elementor-element-45a9b21 sc_fly_static elementor-widget elementor-widget-spacer\" data-id=\"45a9b21\" data-element_type=\"widget\" data-widget_type=\"spacer.default\">\n\t\t\t\t<div class=\"elementor-widget-container\">\n\t\t\t\t\t\t\t<div class=\"elementor-spacer\">\n\t\t\t<div class=\"elementor-spacer-inner\"><\/div>\n\t\t<\/div>\n\t\t\t\t\t\t<\/div>\n\t\t\t\t<\/div>\n\t\t\t\t\t<\/div>\n\t\t<\/div>\n\t\t\t\t\t<\/div>\n\t\t<\/section>\n\t\t\t\t<section class=\"elementor-section elementor-top-section elementor-element elementor-element-cdfbbbb elementor-section-boxed elementor-section-height-default elementor-section-height-default sc_fly_static\" data-id=\"cdfbbbb\" data-element_type=\"section\">\n\t\t\t\t\t\t<div class=\"elementor-container elementor-column-gap-extended\">\n\t\t\t\t\t<div class=\"elementor-column elementor-col-100 elementor-top-column elementor-element elementor-element-213695c sc_content_align_inherit sc_layouts_column_icons_position_left sc_fly_static\" data-id=\"213695c\" data-element_type=\"column\">\n\t\t\t<div class=\"elementor-widget-wrap elementor-element-populated\">\n\t\t\t\t\t\t<div class=\"elementor-element elementor-element-ee3ed96 sc_fly_static elementor-widget elementor-widget-MEC\" data-id=\"ee3ed96\" data-element_type=\"widget\" data-widget_type=\"MEC.default\">\n\t\t\t\t<div class=\"elementor-widget-container\">\n\t\t\t\t\t<div class=\"mec-wrap mec-skin-timeline-container\" id=\"mec_skin_7784\">\r\n\r\n    \r\n        <div class=\"mec-skin-timeline-events-container\" id=\"mec_skin_events_7784\">\r\n        <div class=\"mec-events-timeline-wrap mec-wrap colorskin-custom\">\r\n\r\n            <div class=\"mec-timeline-month-divider\"><span>April 2026<\/span><\/div>\r\n    \r\n    <div class=\"mec-timeline-events-container\">\r\n                        <div class=\"mec-timeline-event clearfix\">\r\n                    <div class=\"mec-timeline-event-date mec-color\">30 April 2026 <\/div>\r\n                    <div class=\"mec-timeline-event-content\">\r\n                        <div class=\"clearfix\">\r\n                            <div class=\"mec-timeline-right-content\">\r\n                                <div class=\"mec-timeline-event-image\"><a data-event-id=\"12045\" href=\"https:\/\/grigiskiukc.lt\/en\/renginiai\/miuziklas-dinges-rysys\/\" target=\"_self\" rel=\"noopener\"><img fetchpriority=\"high\" decoding=\"async\" width=\"300\" height=\"300\" src=\"https:\/\/grigiskiukc.lt\/wp-content\/uploads\/2026\/03\/Dinges-rysys-didesnis-pavadinimas-scaled-1-300x300.jpg\" class=\"attachment-thumblist size-thumblist wp-post-image\" alt=\"\" data-mec-postid=\"12045\" \/><\/a><\/div>\r\n                            <\/div>\r\n                            <div class=\"mec-timeline-left-content\">\r\n                                <div class=\"mec-timeline-main-content\">\r\n                                                                        <h4 class=\"mec-event-title\"><a class=\"mec-color-hover\" data-event-id=\"12045\" href=\"https:\/\/grigiskiukc.lt\/en\/renginiai\/miuziklas-dinges-rysys\/\" target=\"_self\" rel=\"noopener\">Miuziklas \u201eDing\u0119s ry\u0161ys\u201c<\/a><span class=\"event-color\" style=\"background: #dd823b\"><\/span><\/h4>\r\n                                                                        <p><\/p>\r\n                                                                                                            <div class=\"mec-timeline-event-details\">\r\n                                        <div class=\"mec-timeline-event-time mec-color\">\r\n                                            <i class=\"mec-sl-clock\"><\/i><div class=\"mec-time-details\"><span class=\"mec-start-time\">18:00<\/span> - <span class=\"mec-end-time\">19:00<\/span><\/div>                                        <\/div>\r\n                                    <\/div>\r\n                                                                            <div class=\"mec-timeline-event-details\">\r\n                                            <div class=\"mec-timeline-event-location mec-color\">\r\n                                                <address class=\"mec-timeline-event-address\"><i class=\"mec-sl-location-pin\"><\/i><span>Vilniaus g. 12, Grigi\u0161k\u0117s, Vilniaus m. sav.<\/span><\/address>\r\n                                            <\/div>\r\n                                        <\/div>\r\n                                                                                                                                            <\/div>\r\n                            <\/div>\r\n                        <\/div>\r\n                        <a class=\"mec-booking-button mec-timeline-readmore mec-bg-color\" data-event-id=\"12045\" href=\"https:\/\/grigiskiukc.lt\/en\/renginiai\/miuziklas-dinges-rysys\/\" target=\"_self\" rel=\"noopener\">Per\u017ei\u016br\u0117ti<i class=\"mec-sl-arrow-right\"><\/i><\/a>                    <\/div>\r\n                <\/div>\r\n            <\/div>\r\n\r\n\r\n            <div class=\"mec-timeline-month-divider\"><span>May 2026<\/span><\/div>\r\n    \r\n    <div class=\"mec-timeline-events-container\">\r\n                        <div class=\"mec-timeline-event clearfix\">\r\n                    <div class=\"mec-timeline-event-date mec-color\">11 May 2026 <\/div>\r\n                    <div class=\"mec-timeline-event-content\">\r\n                        <div class=\"clearfix\">\r\n                            <div class=\"mec-timeline-right-content\">\r\n                                <div class=\"mec-timeline-event-image\"><a data-event-id=\"12544\" href=\"https:\/\/grigiskiukc.lt\/en\/renginiai\/koncertas-beprotiskai-fantastiskos-dainos\/\" target=\"_self\" rel=\"noopener\"><img decoding=\"async\" width=\"300\" height=\"300\" src=\"https:\/\/grigiskiukc.lt\/wp-content\/uploads\/2026\/04\/Kernagis-300x300.jpg\" class=\"attachment-thumblist size-thumblist wp-post-image\" alt=\"\" data-mec-postid=\"12544\" \/><\/a><\/div>\r\n                            <\/div>\r\n                            <div class=\"mec-timeline-left-content\">\r\n                                <div class=\"mec-timeline-main-content\">\r\n                                                                        <h4 class=\"mec-event-title\"><a class=\"mec-color-hover\" data-event-id=\"12544\" href=\"https:\/\/grigiskiukc.lt\/en\/renginiai\/koncertas-beprotiskai-fantastiskos-dainos\/\" target=\"_self\" rel=\"noopener\">Koncertas \u201eBeproti\u0161kai fantasti\u0161kos dainos\u201c<\/a><span class=\"event-color\" style=\"background: #00a0d2\"><\/span><\/h4>\r\n                                                                        <p>2026 m. gegu\u017e\u0117s 11 d., pirmadien\u012f, 18 val. Grigi\u0161ki\u0173 kult\u016bros centre vyks koncertas \u201eBeproti\u0161kai fantasti\u0161kos dainos\u201c, skirtas Vytauto Kernagio atminimui. Koncerte dalyvaus Grigi\u0161ki\u0173 meno mokyklos Ankstyvojo ir Muzikos ugdymo program\u0173&hellip; ...<\/p>\r\n                                                                                                            <div class=\"mec-timeline-event-details\">\r\n                                        <div class=\"mec-timeline-event-time mec-color\">\r\n                                            <i class=\"mec-sl-clock\"><\/i><div class=\"mec-time-details\"><span class=\"mec-start-time\">18:00<\/span> - <span class=\"mec-end-time\">19:00<\/span><\/div>                                        <\/div>\r\n                                    <\/div>\r\n                                                                            <div class=\"mec-timeline-event-details\">\r\n                                            <div class=\"mec-timeline-event-location mec-color\">\r\n                                                <address class=\"mec-timeline-event-address\"><i class=\"mec-sl-location-pin\"><\/i><span>Vilniaus g. 12, Grigi\u0161k\u0117s, Vilniaus m. sav.<\/span><\/address>\r\n                                            <\/div>\r\n                                        <\/div>\r\n                                                                                                                                            <\/div>\r\n                            <\/div>\r\n                        <\/div>\r\n                        <a class=\"mec-booking-button mec-timeline-readmore mec-bg-color\" data-event-id=\"12544\" href=\"https:\/\/grigiskiukc.lt\/en\/renginiai\/koncertas-beprotiskai-fantastiskos-dainos\/\" target=\"_self\" rel=\"noopener\">Per\u017ei\u016br\u0117ti<i class=\"mec-sl-arrow-right\"><\/i><\/a>                    <\/div>\r\n                <\/div>\r\n            <\/div>\r\n\r\n<\/div>    <\/div>\r\n    <div class=\"mec-skin-timeline-no-events-container mec-util-hidden\" id=\"mec_skin_no_events_7784\">\r\n        Rengini\u0173 n\u0117ra...    <\/div>\r\n    \r\n    \r\n<\/div>\r\n\t\t\t\t<\/div>\n\t\t\t\t<\/div>\n\t\t\t\t\t<\/div>\n\t\t<\/div>\n\t\t\t\t\t<\/div>\n\t\t<\/section>\n\t\t\t\t<\/div>","protected":false},"excerpt":{"rendered":"<p>Jei esate k\u016brybingas(-a), turintis(-i) aistr\u0105 dalyvauti kult\u016briniuose projektuose ir renginiuose, bendrauti su \u012fdomiais \u017emon\u0117mis \u2013 tai vieta Jums! Grigi\u0161ki\u0173 kult\u016bros centras nuolat siekia pritraukti talenting\u0173 ir \u012fkv\u0117pt\u0173 asmen\u0173, kurie prisid\u0117t\u0173&hellip;<\/p>","protected":false},"author":1,"featured_media":7252,"parent":0,"menu_order":0,"comment_status":"closed","ping_status":"closed","template":"","meta":{"footnotes":""},"yoast_head":"<!-- This site is optimized with the Yoast SEO plugin v24.5 - https:\/\/yoast.com\/wordpress\/plugins\/seo\/ -->\n<title>Karjera | Konkursai &#8211; Grigi\u0161ki\u0173 kult\u016bros centras<\/title>\n<meta name=\"robots\" content=\"index, follow, max-snippet:-1, max-image-preview:large, max-video-preview:-1\" \/>\n<link rel=\"canonical\" href=\"https:\/\/grigiskiukc.lt\/en\/karjera-ir-konkursai\/\" \/>\n<meta property=\"og:locale\" content=\"en_GB\" \/>\n<meta property=\"og:type\" content=\"article\" \/>\n<meta property=\"og:title\" content=\"Karjera | Konkursai &#8211; Grigi\u0161ki\u0173 kult\u016bros centras\" \/>\n<meta property=\"og:description\" content=\"Jei esate k\u016brybingas(-a), turintis(-i) aistr\u0105 dalyvauti kult\u016briniuose projektuose ir renginiuose, bendrauti su \u012fdomiais \u017emon\u0117mis \u2013 tai vieta Jums! Grigi\u0161ki\u0173 kult\u016bros centras nuolat siekia pritraukti talenting\u0173 ir \u012fkv\u0117pt\u0173 asmen\u0173, kurie prisid\u0117t\u0173&hellip;\" \/>\n<meta property=\"og:url\" content=\"https:\/\/grigiskiukc.lt\/en\/karjera-ir-konkursai\/\" \/>\n<meta property=\"og:site_name\" content=\"Grigi\u0161ki\u0173 kult\u016bros centras\" \/>\n<meta property=\"article:publisher\" content=\"https:\/\/www.facebook.com\/GrigiskiuKC\" \/>\n<meta property=\"article:modified_time\" content=\"2026-03-09T16:00:30+00:00\" \/>\n<meta property=\"og:image\" content=\"http:\/\/grigiskiukc.lt\/wp-content\/uploads\/2024\/01\/IMG_8833-scaled.jpg\" \/>\n\t<meta property=\"og:image:width\" content=\"2560\" \/>\n\t<meta property=\"og:image:height\" content=\"1703\" \/>\n\t<meta property=\"og:image:type\" content=\"image\/jpeg\" \/>\n<meta name=\"twitter:card\" content=\"summary_large_image\" \/>\n<meta name=\"twitter:label1\" content=\"Estimated reading time\" \/>\n\t<meta name=\"twitter:data1\" content=\"3 minutes\" \/>\n<script type=\"application\/ld+json\" class=\"yoast-schema-graph\">{\"@context\":\"https:\/\/schema.org\",\"@graph\":[{\"@type\":\"WebPage\",\"@id\":\"https:\/\/grigiskiukc.lt\/karjera-ir-konkursai\/\",\"url\":\"https:\/\/grigiskiukc.lt\/karjera-ir-konkursai\/\",\"name\":\"Karjera | Konkursai &#8211; Grigi\u0161ki\u0173 kult\u016bros centras\",\"isPartOf\":{\"@id\":\"https:\/\/grigiskiukc.lt\/#website\"},\"primaryImageOfPage\":{\"@id\":\"https:\/\/grigiskiukc.lt\/karjera-ir-konkursai\/#primaryimage\"},\"image\":{\"@id\":\"https:\/\/grigiskiukc.lt\/karjera-ir-konkursai\/#primaryimage\"},\"thumbnailUrl\":\"https:\/\/grigiskiukc.lt\/wp-content\/uploads\/2024\/01\/IMG_8833-scaled.jpg\",\"datePublished\":\"2024-01-18T11:34:48+00:00\",\"dateModified\":\"2026-03-09T16:00:30+00:00\",\"breadcrumb\":{\"@id\":\"https:\/\/grigiskiukc.lt\/karjera-ir-konkursai\/#breadcrumb\"},\"inLanguage\":\"en-GB\",\"potentialAction\":[{\"@type\":\"ReadAction\",\"target\":[\"https:\/\/grigiskiukc.lt\/karjera-ir-konkursai\/\"]}]},{\"@type\":\"ImageObject\",\"inLanguage\":\"en-GB\",\"@id\":\"https:\/\/grigiskiukc.lt\/karjera-ir-konkursai\/#primaryimage\",\"url\":\"https:\/\/grigiskiukc.lt\/wp-content\/uploads\/2024\/01\/IMG_8833-scaled.jpg\",\"contentUrl\":\"https:\/\/grigiskiukc.lt\/wp-content\/uploads\/2024\/01\/IMG_8833-scaled.jpg\",\"width\":2560,\"height\":1703,\"caption\":\"Grigi\u0161ki\u0173 kult\u016bros centras 2023 m.\"},{\"@type\":\"BreadcrumbList\",\"@id\":\"https:\/\/grigiskiukc.lt\/karjera-ir-konkursai\/#breadcrumb\",\"itemListElement\":[{\"@type\":\"ListItem\",\"position\":1,\"name\":\"Pagrindinis\",\"item\":\"https:\/\/grigiskiukc.lt\/\"},{\"@type\":\"ListItem\",\"position\":2,\"name\":\"Karjera | Konkursai\"}]},{\"@type\":\"WebSite\",\"@id\":\"https:\/\/grigiskiukc.lt\/#website\",\"url\":\"https:\/\/grigiskiukc.lt\/\",\"name\":\"Grigi\u0161ki\u0173 kult\u016bros centras\",\"description\":\"\",\"publisher\":{\"@id\":\"https:\/\/grigiskiukc.lt\/#organization\"},\"alternateName\":\"Grigi\u0161ki\u0173 kult\u016bros centras\",\"potentialAction\":[{\"@type\":\"SearchAction\",\"target\":{\"@type\":\"EntryPoint\",\"urlTemplate\":\"https:\/\/grigiskiukc.lt\/?s={search_term_string}\"},\"query-input\":{\"@type\":\"PropertyValueSpecification\",\"valueRequired\":true,\"valueName\":\"search_term_string\"}}],\"inLanguage\":\"en-GB\"},{\"@type\":\"Organization\",\"@id\":\"https:\/\/grigiskiukc.lt\/#organization\",\"name\":\"Grigi\u0161ki\u0173 kult\u016bros centras\",\"url\":\"https:\/\/grigiskiukc.lt\/\",\"logo\":{\"@type\":\"ImageObject\",\"inLanguage\":\"en-GB\",\"@id\":\"https:\/\/grigiskiukc.lt\/#\/schema\/logo\/image\/\",\"url\":\"https:\/\/grigiskiukc.lt\/wp-content\/uploads\/2022\/09\/GKC-logo1.png\",\"contentUrl\":\"https:\/\/grigiskiukc.lt\/wp-content\/uploads\/2022\/09\/GKC-logo1.png\",\"width\":702,\"height\":261,\"caption\":\"Grigi\u0161ki\u0173 kult\u016bros centras\"},\"image\":{\"@id\":\"https:\/\/grigiskiukc.lt\/#\/schema\/logo\/image\/\"},\"sameAs\":[\"https:\/\/www.facebook.com\/GrigiskiuKC\"]}]}<\/script>\n<!-- \/ Yoast SEO plugin. -->","yoast_head_json":{"title":"Karjera | Konkursai &#8211; Grigi\u0161ki\u0173 kult\u016bros centras","robots":{"index":"index","follow":"follow","max-snippet":"max-snippet:-1","max-image-preview":"max-image-preview:large","max-video-preview":"max-video-preview:-1"},"canonical":"https:\/\/grigiskiukc.lt\/en\/karjera-ir-konkursai\/","og_locale":"en_GB","og_type":"article","og_title":"Karjera | Konkursai &#8211; Grigi\u0161ki\u0173 kult\u016bros centras","og_description":"Jei esate k\u016brybingas(-a), turintis(-i) aistr\u0105 dalyvauti kult\u016briniuose projektuose ir renginiuose, bendrauti su \u012fdomiais \u017emon\u0117mis \u2013 tai vieta Jums! Grigi\u0161ki\u0173 kult\u016bros centras nuolat siekia pritraukti talenting\u0173 ir \u012fkv\u0117pt\u0173 asmen\u0173, kurie prisid\u0117t\u0173&hellip;","og_url":"https:\/\/grigiskiukc.lt\/en\/karjera-ir-konkursai\/","og_site_name":"Grigi\u0161ki\u0173 kult\u016bros centras","article_publisher":"https:\/\/www.facebook.com\/GrigiskiuKC","article_modified_time":"2026-03-09T16:00:30+00:00","og_image":[{"width":2560,"height":1703,"url":"http:\/\/grigiskiukc.lt\/wp-content\/uploads\/2024\/01\/IMG_8833-scaled.jpg","type":"image\/jpeg"}],"twitter_card":"summary_large_image","twitter_misc":{"Estimated reading time":"3 minutes"},"schema":{"@context":"https:\/\/schema.org","@graph":[{"@type":"WebPage","@id":"https:\/\/grigiskiukc.lt\/karjera-ir-konkursai\/","url":"https:\/\/grigiskiukc.lt\/karjera-ir-konkursai\/","name":"Karjera | Konkursai &#8211; Grigi\u0161ki\u0173 kult\u016bros centras","isPartOf":{"@id":"https:\/\/grigiskiukc.lt\/#website"},"primaryImageOfPage":{"@id":"https:\/\/grigiskiukc.lt\/karjera-ir-konkursai\/#primaryimage"},"image":{"@id":"https:\/\/grigiskiukc.lt\/karjera-ir-konkursai\/#primaryimage"},"thumbnailUrl":"https:\/\/grigiskiukc.lt\/wp-content\/uploads\/2024\/01\/IMG_8833-scaled.jpg","datePublished":"2024-01-18T11:34:48+00:00","dateModified":"2026-03-09T16:00:30+00:00","breadcrumb":{"@id":"https:\/\/grigiskiukc.lt\/karjera-ir-konkursai\/#breadcrumb"},"inLanguage":"en-GB","potentialAction":[{"@type":"ReadAction","target":["https:\/\/grigiskiukc.lt\/karjera-ir-konkursai\/"]}]},{"@type":"ImageObject","inLanguage":"en-GB","@id":"https:\/\/grigiskiukc.lt\/karjera-ir-konkursai\/#primaryimage","url":"https:\/\/grigiskiukc.lt\/wp-content\/uploads\/2024\/01\/IMG_8833-scaled.jpg","contentUrl":"https:\/\/grigiskiukc.lt\/wp-content\/uploads\/2024\/01\/IMG_8833-scaled.jpg","width":2560,"height":1703,"caption":"Grigi\u0161ki\u0173 kult\u016bros centras 2023 m."},{"@type":"BreadcrumbList","@id":"https:\/\/grigiskiukc.lt\/karjera-ir-konkursai\/#breadcrumb","itemListElement":[{"@type":"ListItem","position":1,"name":"Pagrindinis","item":"https:\/\/grigiskiukc.lt\/"},{"@type":"ListItem","position":2,"name":"Karjera | Konkursai"}]},{"@type":"WebSite","@id":"https:\/\/grigiskiukc.lt\/#website","url":"https:\/\/grigiskiukc.lt\/","name":"Grigi\u0161ki\u0173 kult\u016bros centras","description":"","publisher":{"@id":"https:\/\/grigiskiukc.lt\/#organization"},"alternateName":"Grigi\u0161ki\u0173 kult\u016bros centras","potentialAction":[{"@type":"SearchAction","target":{"@type":"EntryPoint","urlTemplate":"https:\/\/grigiskiukc.lt\/?s={search_term_string}"},"query-input":{"@type":"PropertyValueSpecification","valueRequired":true,"valueName":"search_term_string"}}],"inLanguage":"en-GB"},{"@type":"Organization","@id":"https:\/\/grigiskiukc.lt\/#organization","name":"Grigi\u0161ki\u0173 kult\u016bros centras","url":"https:\/\/grigiskiukc.lt\/","logo":{"@type":"ImageObject","inLanguage":"en-GB","@id":"https:\/\/grigiskiukc.lt\/#\/schema\/logo\/image\/","url":"https:\/\/grigiskiukc.lt\/wp-content\/uploads\/2022\/09\/GKC-logo1.png","contentUrl":"https:\/\/grigiskiukc.lt\/wp-content\/uploads\/2022\/09\/GKC-logo1.png","width":702,"height":261,"caption":"Grigi\u0161ki\u0173 kult\u016bros centras"},"image":{"@id":"https:\/\/grigiskiukc.lt\/#\/schema\/logo\/image\/"},"sameAs":["https:\/\/www.facebook.com\/GrigiskiuKC"]}]}},"_links":{"self":[{"href":"https:\/\/grigiskiukc.lt\/en\/wp-json\/wp\/v2\/pages\/6704"}],"collection":[{"href":"https:\/\/grigiskiukc.lt\/en\/wp-json\/wp\/v2\/pages"}],"about":[{"href":"https:\/\/grigiskiukc.lt\/en\/wp-json\/wp\/v2\/types\/page"}],"author":[{"embeddable":true,"href":"https:\/\/grigiskiukc.lt\/en\/wp-json\/wp\/v2\/users\/1"}],"replies":[{"embeddable":true,"href":"https:\/\/grigiskiukc.lt\/en\/wp-json\/wp\/v2\/comments?post=6704"}],"version-history":[{"count":40,"href":"https:\/\/grigiskiukc.lt\/en\/wp-json\/wp\/v2\/pages\/6704\/revisions"}],"predecessor-version":[{"id":12041,"href":"https:\/\/grigiskiukc.lt\/en\/wp-json\/wp\/v2\/pages\/6704\/revisions\/12041"}],"wp:featuredmedia":[{"embeddable":true,"href":"https:\/\/grigiskiukc.lt\/en\/wp-json\/wp\/v2\/media\/7252"}],"wp:attachment":[{"href":"https:\/\/grigiskiukc.lt\/en\/wp-json\/wp\/v2\/media?parent=6704"}],"curies":[{"name":"wp","href":"https:\/\/api.w.org\/{rel}","templated":true}]}}