{"id":6682,"date":"2024-01-18T12:11:57","date_gmt":"2024-01-18T10:11:57","guid":{"rendered":"https:\/\/grigiskiukc.lt\/?page_id=6682"},"modified":"2026-04-02T14:43:53","modified_gmt":"2026-04-02T11:43:53","slug":"naujienos","status":"publish","type":"page","link":"https:\/\/grigiskiukc.lt\/en\/naujienos\/","title":{"rendered":"News"},"content":{"rendered":"<div data-elementor-type=\"wp-page\" data-elementor-id=\"6682\" class=\"elementor elementor-6682\">\n\t\t\t\t\t\t<section class=\"elementor-section elementor-top-section elementor-element elementor-element-19aa4f2d elementor-section-boxed elementor-section-height-default elementor-section-height-default sc_fly_static\" data-id=\"19aa4f2d\" data-element_type=\"section\">\n\t\t\t\t\t\t<div class=\"elementor-container elementor-column-gap-extended\">\n\t\t\t\t\t<div class=\"elementor-column elementor-col-100 elementor-top-column elementor-element elementor-element-6e520b50 sc_content_align_inherit sc_layouts_column_icons_position_left sc_fly_static\" data-id=\"6e520b50\" data-element_type=\"column\">\n\t\t\t<div class=\"elementor-widget-wrap elementor-element-populated\">\n\t\t\t\t\t\t<div class=\"elementor-element elementor-element-a9db9bd sc_fly_static elementor-widget elementor-widget-shortcode\" data-id=\"a9db9bd\" data-element_type=\"widget\" data-widget_type=\"shortcode.default\">\n\t\t\t\t<div class=\"elementor-widget-container\">\n\t\t\t\t\t\t\t<div class=\"elementor-shortcode\">\n            <div \n                class=\"elfsight-widget-facebook-feed elfsight-widget\" \n                data-elfsight-facebook-feed-options=\"%7B%22tokenType%22%3A%22page%22%2C%22userAccessToken%22%3A%22%22%2C%22userAccessTokenPagesScope%22%3A%22EAADQZAoJZBZBH0BRANQleF2qnodh98ZAOTMtvxWSPeNZBiqn4ZB8vzGZCWeY1ZAFtLOc34KwUHIdnBUHZBiBzvAXqWCe4KqhawnpHASdtx1i1FFuWwk7LrB8unWNbLqwkvZAvnHw525CulcTazUT4XpzqPHT1sOyyJRNykMoWFm3ZB7WlIa43sKD96kIAepqp2j6W2HZB6y0Rq1G6iTL1SqWofVeQ21OnblZCD3L59U1LDz7TR448Y0EbRfmc0Y5t443Qk5mbx76VviYQM4fzcNXtwzpQjV5Gu20ZAPzuUSQRRA8gZBkwfZA2wZDZD%22%2C%22source%22%3A%22https%3A%5C%2F%5C%2Fwww.facebook.com%5C%2Felfsight%22%2C%22page%22%3A%7B%22name%22%3A%22Grigi%5Cu0161ki%5Cu0173%20Kult%5Cu016bros%20Centras%22%2C%22value%22%3A%22339898376149753%22%2C%22link%22%3A%22https%3A%5C%2F%5C%2Fwww.facebook.com%5C%2F339898376149753%22%2C%22picture%22%3A%7B%22data%22%3A%7B%22height%22%3A50%2C%22is_silhouette%22%3Afalse%2C%22url%22%3A%22https%3A%5C%2F%5C%2Fscontent.fkun1-1.fna.fbcdn.net%5C%2Fv%5C%2Ft39.30808-1%5C%2F497849464_748860287465995_935203856851177640_n.jpg%3Fstp%3Dcp0_dst-jpg_s50x50_tt6%26_nc_cat%3D107%26ccb%3D1-7%26_nc_sid%3Df907e8%26_nc_ohc%3DCKE2dSEB8YMQ7kNvwFFvQSz%26_nc_oc%3DAdoXHo86vzNBCvF0vfDss9T4Plo_8PPYPQP55_s-f3sbgnMfviBrR3O2uyCincUki1Y%26_nc_zt%3D24%26_nc_ht%3Dscontent.fkun1-1.fna%26edm%3DAGaHXAAEAAAA%26_nc_gid%3D-OunC40n_ASOLFlqlo3DPg%26_nc_tpa%3DQ5bMBQGSBLScReyT1v199P685zsD6HW6qT7IhuvrcbRli_Y3XXL98FBlcGxidmXOlUEwPgH1FT7-JQdj%26oh%3D00_Af3POVgOR11r1Y41QvskvcV5Um6HM6z3Xf7wTXUxUrmKtg%26oe%3D69D437DB%22%2C%22width%22%3A50%7D%7D%7D%2C%22pageAccessToken%22%3A%22EAADQZAoJZBZBH0BRDd47HfTPnj7lr80HjwZCcYkYaYhTUCZA4FmmOZCZB9MDl6mYkm9J6N9UbX8gYbgcnk3c6EeBfyxyTgzwJEXSUvZCLaEuBbn9vHyH5BnDdJEwFgzdqA0CtC5JWifJy05M77y7mAYibfnMHlk0twEhhqZC02l3v9xiSltRVbGYcpfHZCSYzY7rXEVN3psDUpueyf4pywfSl7%22%2C%22width%22%3A%22AUTO%22%2C%22height%22%3A%22AUTO%22%2C%22contentDivider%22%3Anull%2C%22headerVisible%22%3Atrue%2C%22headerParts%22%3A%5B%22cover%22%2C%22actions%22%2C%22picture%22%2C%22likesCount%22%5D%2C%22headerActions%22%3A%5B%7B%22type%22%3A%22like%22%7D%2C%7B%22type%22%3A%22share%22%7D%5D%2C%22menuVisible%22%3Atrue%2C%22contentPostsVisible%22%3Atrue%2C%22contentPostsParts%22%3A%5B%22author%22%2C%22likesCount%22%2C%22commentsCount%22%2C%22sharesCount%22%2C%22shareButton%22%5D%2C%22contentPostsLimit%22%3A0%2C%22contentPhotosVisible%22%3Atrue%2C%22contentAlbumsVisible%22%3Atrue%2C%22contentVideosVisible%22%3Afalse%2C%22contentVideosParts%22%3A%5B%22description%22%2C%22likesCount%22%2C%22commentsCount%22%5D%2C%22contentEventsVisible%22%3Afalse%2C%22contentPopupParts%22%3A%5B%22author%22%2C%22likesCount%22%2C%22shareButton%22%2C%22comments%22%5D%2C%22lang%22%3A%22lt%22%2C%22cacheTime%22%3A%223600%22%2C%22apiUrl%22%3A%22https%3A%5C%2F%5C%2Fgrigiskiukc.lt%5C%2Fen%5C%2Fwp-json%5C%2Felfsight-facebook-feed%5C%2Fapi%22%2C%22widgetId%22%3A%222%22%7D\" \n                data-elfsight-facebook-feed-version=\"1.15.0\"\n                data-elfsight-widget-id=\"elfsight-facebook-feed-2\">\n            <\/div>\n            <\/div>\n\t\t\t\t\t\t<\/div>\n\t\t\t\t<\/div>\n\t\t\t\t\t<\/div>\n\t\t<\/div>\n\t\t\t\t\t<\/div>\n\t\t<\/section>\n\t\t\t\t<\/div>","protected":false},"excerpt":{"rendered":"","protected":false},"author":1,"featured_media":6218,"parent":0,"menu_order":0,"comment_status":"closed","ping_status":"closed","template":"","meta":{"footnotes":""},"yoast_head":"<!-- This site is optimized with the Yoast SEO plugin v24.5 - https:\/\/yoast.com\/wordpress\/plugins\/seo\/ -->\n<title>Naujienos &#8211; Grigi\u0161ki\u0173 kult\u016bros centras<\/title>\n<meta name=\"robots\" content=\"index, follow, max-snippet:-1, max-image-preview:large, max-video-preview:-1\" \/>\n<link rel=\"canonical\" href=\"https:\/\/grigiskiukc.lt\/en\/naujienos\/\" \/>\n<meta property=\"og:locale\" content=\"en_GB\" \/>\n<meta property=\"og:type\" content=\"article\" \/>\n<meta property=\"og:title\" content=\"Naujienos &#8211; Grigi\u0161ki\u0173 kult\u016bros centras\" \/>\n<meta property=\"og:url\" content=\"https:\/\/grigiskiukc.lt\/en\/naujienos\/\" \/>\n<meta property=\"og:site_name\" content=\"Grigi\u0161ki\u0173 kult\u016bros centras\" \/>\n<meta property=\"article:publisher\" content=\"https:\/\/www.facebook.com\/GrigiskiuKC\" \/>\n<meta property=\"article:modified_time\" content=\"2026-04-02T11:43:53+00:00\" \/>\n<meta property=\"og:image\" content=\"http:\/\/grigiskiukc.lt\/wp-content\/uploads\/revslider\/slider-1\/DJI_0078-scaled.jpg\" \/>\n\t<meta property=\"og:image:width\" content=\"2560\" \/>\n\t<meta property=\"og:image:height\" content=\"1706\" \/>\n\t<meta property=\"og:image:type\" content=\"image\/jpeg\" \/>\n<meta name=\"twitter:card\" content=\"summary_large_image\" \/>\n<script type=\"application\/ld+json\" class=\"yoast-schema-graph\">{\"@context\":\"https:\/\/schema.org\",\"@graph\":[{\"@type\":\"WebPage\",\"@id\":\"https:\/\/grigiskiukc.lt\/naujienos\/\",\"url\":\"https:\/\/grigiskiukc.lt\/naujienos\/\",\"name\":\"Naujienos &#8211; Grigi\u0161ki\u0173 kult\u016bros centras\",\"isPartOf\":{\"@id\":\"https:\/\/grigiskiukc.lt\/#website\"},\"primaryImageOfPage\":{\"@id\":\"https:\/\/grigiskiukc.lt\/naujienos\/#primaryimage\"},\"image\":{\"@id\":\"https:\/\/grigiskiukc.lt\/naujienos\/#primaryimage\"},\"thumbnailUrl\":\"https:\/\/grigiskiukc.lt\/wp-content\/uploads\/revslider\/slider-1\/DJI_0078-scaled.jpg\",\"datePublished\":\"2024-01-18T10:11:57+00:00\",\"dateModified\":\"2026-04-02T11:43:53+00:00\",\"breadcrumb\":{\"@id\":\"https:\/\/grigiskiukc.lt\/naujienos\/#breadcrumb\"},\"inLanguage\":\"en-GB\",\"potentialAction\":[{\"@type\":\"ReadAction\",\"target\":[\"https:\/\/grigiskiukc.lt\/naujienos\/\"]}]},{\"@type\":\"ImageObject\",\"inLanguage\":\"en-GB\",\"@id\":\"https:\/\/grigiskiukc.lt\/naujienos\/#primaryimage\",\"url\":\"https:\/\/grigiskiukc.lt\/wp-content\/uploads\/revslider\/slider-1\/DJI_0078-scaled.jpg\",\"contentUrl\":\"https:\/\/grigiskiukc.lt\/wp-content\/uploads\/revslider\/slider-1\/DJI_0078-scaled.jpg\",\"width\":2560,\"height\":1706},{\"@type\":\"BreadcrumbList\",\"@id\":\"https:\/\/grigiskiukc.lt\/naujienos\/#breadcrumb\",\"itemListElement\":[{\"@type\":\"ListItem\",\"position\":1,\"name\":\"Pagrindinis\",\"item\":\"https:\/\/grigiskiukc.lt\/\"},{\"@type\":\"ListItem\",\"position\":2,\"name\":\"Naujienos\"}]},{\"@type\":\"WebSite\",\"@id\":\"https:\/\/grigiskiukc.lt\/#website\",\"url\":\"https:\/\/grigiskiukc.lt\/\",\"name\":\"Grigi\u0161ki\u0173 kult\u016bros centras\",\"description\":\"\",\"publisher\":{\"@id\":\"https:\/\/grigiskiukc.lt\/#organization\"},\"alternateName\":\"Grigi\u0161ki\u0173 kult\u016bros centras\",\"potentialAction\":[{\"@type\":\"SearchAction\",\"target\":{\"@type\":\"EntryPoint\",\"urlTemplate\":\"https:\/\/grigiskiukc.lt\/?s={search_term_string}\"},\"query-input\":{\"@type\":\"PropertyValueSpecification\",\"valueRequired\":true,\"valueName\":\"search_term_string\"}}],\"inLanguage\":\"en-GB\"},{\"@type\":\"Organization\",\"@id\":\"https:\/\/grigiskiukc.lt\/#organization\",\"name\":\"Grigi\u0161ki\u0173 kult\u016bros centras\",\"url\":\"https:\/\/grigiskiukc.lt\/\",\"logo\":{\"@type\":\"ImageObject\",\"inLanguage\":\"en-GB\",\"@id\":\"https:\/\/grigiskiukc.lt\/#\/schema\/logo\/image\/\",\"url\":\"https:\/\/grigiskiukc.lt\/wp-content\/uploads\/2022\/09\/GKC-logo1.png\",\"contentUrl\":\"https:\/\/grigiskiukc.lt\/wp-content\/uploads\/2022\/09\/GKC-logo1.png\",\"width\":702,\"height\":261,\"caption\":\"Grigi\u0161ki\u0173 kult\u016bros centras\"},\"image\":{\"@id\":\"https:\/\/grigiskiukc.lt\/#\/schema\/logo\/image\/\"},\"sameAs\":[\"https:\/\/www.facebook.com\/GrigiskiuKC\"]}]}<\/script>\n<!-- \/ Yoast SEO plugin. -->","yoast_head_json":{"title":"Naujienos &#8211; Grigi\u0161ki\u0173 kult\u016bros centras","robots":{"index":"index","follow":"follow","max-snippet":"max-snippet:-1","max-image-preview":"max-image-preview:large","max-video-preview":"max-video-preview:-1"},"canonical":"https:\/\/grigiskiukc.lt\/en\/naujienos\/","og_locale":"en_GB","og_type":"article","og_title":"Naujienos &#8211; Grigi\u0161ki\u0173 kult\u016bros centras","og_url":"https:\/\/grigiskiukc.lt\/en\/naujienos\/","og_site_name":"Grigi\u0161ki\u0173 kult\u016bros centras","article_publisher":"https:\/\/www.facebook.com\/GrigiskiuKC","article_modified_time":"2026-04-02T11:43:53+00:00","og_image":[{"width":2560,"height":1706,"url":"http:\/\/grigiskiukc.lt\/wp-content\/uploads\/revslider\/slider-1\/DJI_0078-scaled.jpg","type":"image\/jpeg"}],"twitter_card":"summary_large_image","schema":{"@context":"https:\/\/schema.org","@graph":[{"@type":"WebPage","@id":"https:\/\/grigiskiukc.lt\/naujienos\/","url":"https:\/\/grigiskiukc.lt\/naujienos\/","name":"Naujienos &#8211; Grigi\u0161ki\u0173 kult\u016bros centras","isPartOf":{"@id":"https:\/\/grigiskiukc.lt\/#website"},"primaryImageOfPage":{"@id":"https:\/\/grigiskiukc.lt\/naujienos\/#primaryimage"},"image":{"@id":"https:\/\/grigiskiukc.lt\/naujienos\/#primaryimage"},"thumbnailUrl":"https:\/\/grigiskiukc.lt\/wp-content\/uploads\/revslider\/slider-1\/DJI_0078-scaled.jpg","datePublished":"2024-01-18T10:11:57+00:00","dateModified":"2026-04-02T11:43:53+00:00","breadcrumb":{"@id":"https:\/\/grigiskiukc.lt\/naujienos\/#breadcrumb"},"inLanguage":"en-GB","potentialAction":[{"@type":"ReadAction","target":["https:\/\/grigiskiukc.lt\/naujienos\/"]}]},{"@type":"ImageObject","inLanguage":"en-GB","@id":"https:\/\/grigiskiukc.lt\/naujienos\/#primaryimage","url":"https:\/\/grigiskiukc.lt\/wp-content\/uploads\/revslider\/slider-1\/DJI_0078-scaled.jpg","contentUrl":"https:\/\/grigiskiukc.lt\/wp-content\/uploads\/revslider\/slider-1\/DJI_0078-scaled.jpg","width":2560,"height":1706},{"@type":"BreadcrumbList","@id":"https:\/\/grigiskiukc.lt\/naujienos\/#breadcrumb","itemListElement":[{"@type":"ListItem","position":1,"name":"Pagrindinis","item":"https:\/\/grigiskiukc.lt\/"},{"@type":"ListItem","position":2,"name":"Naujienos"}]},{"@type":"WebSite","@id":"https:\/\/grigiskiukc.lt\/#website","url":"https:\/\/grigiskiukc.lt\/","name":"Grigi\u0161ki\u0173 kult\u016bros centras","description":"","publisher":{"@id":"https:\/\/grigiskiukc.lt\/#organization"},"alternateName":"Grigi\u0161ki\u0173 kult\u016bros centras","potentialAction":[{"@type":"SearchAction","target":{"@type":"EntryPoint","urlTemplate":"https:\/\/grigiskiukc.lt\/?s={search_term_string}"},"query-input":{"@type":"PropertyValueSpecification","valueRequired":true,"valueName":"search_term_string"}}],"inLanguage":"en-GB"},{"@type":"Organization","@id":"https:\/\/grigiskiukc.lt\/#organization","name":"Grigi\u0161ki\u0173 kult\u016bros centras","url":"https:\/\/grigiskiukc.lt\/","logo":{"@type":"ImageObject","inLanguage":"en-GB","@id":"https:\/\/grigiskiukc.lt\/#\/schema\/logo\/image\/","url":"https:\/\/grigiskiukc.lt\/wp-content\/uploads\/2022\/09\/GKC-logo1.png","contentUrl":"https:\/\/grigiskiukc.lt\/wp-content\/uploads\/2022\/09\/GKC-logo1.png","width":702,"height":261,"caption":"Grigi\u0161ki\u0173 kult\u016bros centras"},"image":{"@id":"https:\/\/grigiskiukc.lt\/#\/schema\/logo\/image\/"},"sameAs":["https:\/\/www.facebook.com\/GrigiskiuKC"]}]}},"_links":{"self":[{"href":"https:\/\/grigiskiukc.lt\/en\/wp-json\/wp\/v2\/pages\/6682"}],"collection":[{"href":"https:\/\/grigiskiukc.lt\/en\/wp-json\/wp\/v2\/pages"}],"about":[{"href":"https:\/\/grigiskiukc.lt\/en\/wp-json\/wp\/v2\/types\/page"}],"author":[{"embeddable":true,"href":"https:\/\/grigiskiukc.lt\/en\/wp-json\/wp\/v2\/users\/1"}],"replies":[{"embeddable":true,"href":"https:\/\/grigiskiukc.lt\/en\/wp-json\/wp\/v2\/comments?post=6682"}],"version-history":[{"count":43,"href":"https:\/\/grigiskiukc.lt\/en\/wp-json\/wp\/v2\/pages\/6682\/revisions"}],"predecessor-version":[{"id":12252,"href":"https:\/\/grigiskiukc.lt\/en\/wp-json\/wp\/v2\/pages\/6682\/revisions\/12252"}],"wp:featuredmedia":[{"embeddable":true,"href":"https:\/\/grigiskiukc.lt\/en\/wp-json\/wp\/v2\/media\/6218"}],"wp:attachment":[{"href":"https:\/\/grigiskiukc.lt\/en\/wp-json\/wp\/v2\/media?parent=6682"}],"curies":[{"name":"wp","href":"https:\/\/api.w.org\/{rel}","templated":true}]}}