{"id":6525,"date":"2024-01-15T19:20:12","date_gmt":"2024-01-15T17:20:12","guid":{"rendered":"https:\/\/grigiskiukc.lt\/?page_id=6525"},"modified":"2024-02-14T16:19:28","modified_gmt":"2024-02-14T14:19:28","slug":"veikla","status":"publish","type":"page","link":"https:\/\/grigiskiukc.lt\/en\/veikla\/","title":{"rendered":"Activities"},"content":{"rendered":"<div data-elementor-type=\"wp-page\" data-elementor-id=\"6525\" class=\"elementor elementor-6525\">\n\t\t\t\t\t\t<section class=\"elementor-section elementor-top-section elementor-element elementor-element-437c4d6 elementor-section-boxed elementor-section-height-default elementor-section-height-default sc_fly_static\" data-id=\"437c4d6\" data-element_type=\"section\">\n\t\t\t\t\t\t<div class=\"elementor-container elementor-column-gap-extended\">\n\t\t\t\t\t<div class=\"elementor-column elementor-col-100 elementor-top-column elementor-element elementor-element-39810e1 sc_content_align_inherit sc_layouts_column_icons_position_left sc_fly_static\" data-id=\"39810e1\" data-element_type=\"column\">\n\t\t\t<div class=\"elementor-widget-wrap elementor-element-populated\">\n\t\t\t\t\t\t<div class=\"elementor-element elementor-element-d441303 sc_height_huge sc_fly_static elementor-widget elementor-widget-spacer\" data-id=\"d441303\" data-element_type=\"widget\" data-widget_type=\"spacer.default\">\n\t\t\t\t<div class=\"elementor-widget-container\">\n\t\t\t\t\t\t\t<div class=\"elementor-spacer\">\n\t\t\t<div class=\"elementor-spacer-inner\"><\/div>\n\t\t<\/div>\n\t\t\t\t\t\t<\/div>\n\t\t\t\t<\/div>\n\t\t\t\t<div class=\"elementor-element elementor-element-cd5f40c sc_layouts_hide_on_notebook sc_layouts_hide_on_tablet sc_layouts_hide_on_mobile sc_fly_static elementor-widget elementor-widget-spacer\" data-id=\"cd5f40c\" data-element_type=\"widget\" data-widget_type=\"spacer.default\">\n\t\t\t\t<div class=\"elementor-widget-container\">\n\t\t\t\t\t\t\t<div class=\"elementor-spacer\">\n\t\t\t<div class=\"elementor-spacer-inner\"><\/div>\n\t\t<\/div>\n\t\t\t\t\t\t<\/div>\n\t\t\t\t<\/div>\n\t\t\t\t\t<\/div>\n\t\t<\/div>\n\t\t\t\t\t<\/div>\n\t\t<\/section>\n\t\t\t\t<section class=\"elementor-section elementor-top-section elementor-element elementor-element-ab3dbd5 elementor-section-boxed elementor-section-height-default elementor-section-height-default sc_fly_static\" data-id=\"ab3dbd5\" data-element_type=\"section\">\n\t\t\t\t\t\t<div class=\"elementor-container elementor-column-gap-extended\">\n\t\t\t\t\t<div class=\"elementor-column elementor-col-100 elementor-top-column elementor-element elementor-element-1c7035d sc_content_align_inherit sc_layouts_column_icons_position_left sc_fly_static\" data-id=\"1c7035d\" data-element_type=\"column\">\n\t\t\t<div class=\"elementor-widget-wrap elementor-element-populated\">\n\t\t\t\t\t\t<div class=\"elementor-element elementor-element-1a39a4f sc_fly_static elementor-widget elementor-widget-text-editor\" data-id=\"1a39a4f\" data-element_type=\"widget\" data-widget_type=\"text-editor.default\">\n\t\t\t\t<div class=\"elementor-widget-container\">\n\t\t\t\t\t\t\t\t\t<p>Grigi\u0161ki\u0173 kult\u016bros centras jau septint\u0105 de\u0161imtmet\u012f k\u016brybin\u0119 veikl\u0105 vystanti \u012fstaiga.<\/p><p>2000 m. Grigi\u0161ki\u0173 kult\u016bros centras tapo Vilniaus miesto savivaldyb\u0117s biud\u017eetin\u0119 \u012fstaiga. Grigi\u0161ki\u0173 kult\u016bros centras, \u012fsik\u016br\u0119s \u0161alia greitkelio Vilnius \u2013 Kaunas. Pastatas \u2013 dviej\u0173 auk\u0161t\u0173, 1289 kvadratini\u0173 metr\u0173 ploto. Pirmame auk\u0161te yra did\u017eioji \u017ei\u016brov\u0173 sal\u0117 (300 viet\u0173), ma\u017eoji sal\u0117 (parod\u0173) bei drabu\u017ein\u0117. Antrame auk\u0161te \u2013 \u0161oki\u0173 sal\u0117, repeticij\u0173 kambariai, pagalbin\u0117s patalpos. Scenos technin\u0117 \u012franga valdoma mechani\u0161kai, yra kilnojama 2 kW \u012fgarsinimo aparat\u016bra, \u0161iuolaikiniai \u0161viesos efektai.<\/p><p>Grigi\u0161ki\u0173 kult\u016bros centre rengiami pagrindiniai vietos seni\u016bnijos bei bendruomen\u0117s renginiai: valstybini\u0173 \u0161ven\u010di\u0173 ir atmintin\u0173 dat\u0173 min\u0117jimai, koncertai, knyg\u0173 pristatymai, teminiai vakarai, susitikimai, renginiai vaikams ir jaunimui, pagyvenusiems ir ne\u012fgaliems \u017emon\u0117ms, vyksta m\u0117g\u0117j\u0173 meno kolektyv\u0173 repeticijos, eksponuojami profesional\u0173 ir m\u0117g\u0117j\u0173 meno k\u016briniai. Kasmet kult\u016bros centre rengiami profesionali\u0173 atlik\u0117j\u0173 koncertai, spektakliai.<\/p><p>Kult\u016bros centro misija \u2013 r\u016bpintis Grigi\u0161ki\u0173 bendruomen\u0117s kult\u016bros raida, kult\u016bros tradicij\u0173 t\u0119stinumu, atsinaujinimu, profesionalaus ir meg\u0117j\u0173 meno sklaida, sudaryti reikiamas s\u0105lygas m\u0117g\u0117j\u0173 meno k\u016brybos \u012fvairovei ir rai\u0161kai, tenkinti \u012fvairi\u0173 bendruomen\u0117s grupi\u0173 kult\u016brines reikmes, ugdyti kult\u016bring\u0105, k\u016brybi\u0161k\u0105 ir atvir\u0105 bendruomen\u0119.<\/p>\t\t\t\t\t\t\t\t<\/div>\n\t\t\t\t<\/div>\n\t\t\t\t<div class=\"elementor-element elementor-element-45a9b21 sc_fly_static elementor-widget elementor-widget-spacer\" data-id=\"45a9b21\" data-element_type=\"widget\" data-widget_type=\"spacer.default\">\n\t\t\t\t<div class=\"elementor-widget-container\">\n\t\t\t\t\t\t\t<div class=\"elementor-spacer\">\n\t\t\t<div class=\"elementor-spacer-inner\"><\/div>\n\t\t<\/div>\n\t\t\t\t\t\t<\/div>\n\t\t\t\t<\/div>\n\t\t\t\t\t<\/div>\n\t\t<\/div>\n\t\t\t\t\t<\/div>\n\t\t<\/section>\n\t\t\t\t<section class=\"elementor-section elementor-top-section elementor-element elementor-element-20671d9 elementor-section-boxed elementor-section-height-default elementor-section-height-default sc_fly_static\" data-id=\"20671d9\" data-element_type=\"section\">\n\t\t\t\t\t\t<div class=\"elementor-container elementor-column-gap-extended\">\n\t\t\t\t\t<div class=\"elementor-column elementor-col-100 elementor-top-column elementor-element elementor-element-ae498ae sc_content_align_inherit sc_layouts_column_icons_position_left sc_fly_static\" data-id=\"ae498ae\" data-element_type=\"column\">\n\t\t\t<div class=\"elementor-widget-wrap elementor-element-populated\">\n\t\t\t\t\t\t<div class=\"elementor-element elementor-element-f1ecc09 sc_fly_static elementor-widget elementor-widget-text-editor\" data-id=\"f1ecc09\" data-element_type=\"widget\" data-widget_type=\"text-editor.default\">\n\t\t\t\t<div class=\"elementor-widget-container\">\n\t\t\t\t\t\t\t\t\t<p><strong>Grigi\u0161ki\u0173 kult\u016bros centro m\u0117g\u0117j\u0173 meno kolektyvai:<\/strong><\/p><ul><li>Folk music band \"Gry\u010dia\"<\/li><li>Vyresi\u0173j\u0173 \u017emoni\u0173 tautini\u0173 \u0161oki\u0173 kolektyvas \u201eGrija\u201c<\/li><li>Folklore ensemble \"\u0160altin\u0117lis\"<\/li><li>Girls Folk Dance Collective<\/li><li>Polish folklore ensemble \"G\u017eego\u017eanie\"<\/li><li>Mergin\u0173 tautini\u0173 ma\u017eum\u0173 \u0161oki\u0173 grup\u0117 \u201eAlara\u201c<\/li><li>Moksleivi\u0173 liaudi\u0161kos muzikos instrumentinis ansamblis<\/li><li>Vaik\u0173 rus\u0173 tautini\u0173 \u0161oki\u0173 kolektyvas \u201eSmailiki\u201c<\/li><li>Children's drama collective \"Vizija\"<\/li><li>Jaunimo \u0161oki\u0173 kolektyvas<\/li><li>Lietuvos Totori\u0173 folkloro ansamblis \u201eAlije\u201c<\/li><li>Ne\u012fgali\u0173j\u0173 vokalinis ansamblis \u201eGija\u201c<\/li><li>Polish Folk Theatre<\/li><li>Geros nuotaikos ansamblis \u201eDuo-Plius\u201c<\/li><\/ul>\t\t\t\t\t\t\t\t<\/div>\n\t\t\t\t<\/div>\n\t\t\t\t<div class=\"elementor-element elementor-element-d32892b sc_height_huge sc_fly_static elementor-widget elementor-widget-spacer\" data-id=\"d32892b\" data-element_type=\"widget\" data-widget_type=\"spacer.default\">\n\t\t\t\t<div class=\"elementor-widget-container\">\n\t\t\t\t\t\t\t<div class=\"elementor-spacer\">\n\t\t\t<div class=\"elementor-spacer-inner\"><\/div>\n\t\t<\/div>\n\t\t\t\t\t\t<\/div>\n\t\t\t\t<\/div>\n\t\t\t\t<div class=\"elementor-element elementor-element-1dca9ac sc_layouts_hide_on_notebook sc_layouts_hide_on_tablet sc_layouts_hide_on_mobile sc_fly_static elementor-widget elementor-widget-spacer\" data-id=\"1dca9ac\" data-element_type=\"widget\" data-widget_type=\"spacer.default\">\n\t\t\t\t<div class=\"elementor-widget-container\">\n\t\t\t\t\t\t\t<div class=\"elementor-spacer\">\n\t\t\t<div class=\"elementor-spacer-inner\"><\/div>\n\t\t<\/div>\n\t\t\t\t\t\t<\/div>\n\t\t\t\t<\/div>\n\t\t\t\t\t<\/div>\n\t\t<\/div>\n\t\t\t\t\t<\/div>\n\t\t<\/section>\n\t\t\t\t<\/div>","protected":false},"excerpt":{"rendered":"<p>Grigi\u0161ki\u0173 kult\u016bros centras jau septint\u0105 de\u0161imtmet\u012f k\u016brybin\u0119 veikl\u0105 vystanti \u012fstaiga. 2000 m. Grigi\u0161ki\u0173 kult\u016bros centras tapo Vilniaus miesto savivaldyb\u0117s biud\u017eetin\u0119 \u012fstaiga. Grigi\u0161ki\u0173 kult\u016bros centras, \u012fsik\u016br\u0119s \u0161alia greitkelio Vilnius \u2013 Kaunas.&hellip;<\/p>","protected":false},"author":1,"featured_media":0,"parent":0,"menu_order":0,"comment_status":"closed","ping_status":"closed","template":"","meta":{"footnotes":""},"yoast_head":"<!-- This site is optimized with the Yoast SEO plugin v24.5 - https:\/\/yoast.com\/wordpress\/plugins\/seo\/ -->\n<title>Veikla &#8211; Grigi\u0161ki\u0173 kult\u016bros centras<\/title>\n<meta name=\"robots\" content=\"index, follow, max-snippet:-1, max-image-preview:large, max-video-preview:-1\" \/>\n<link rel=\"canonical\" href=\"https:\/\/grigiskiukc.lt\/en\/veikla\/\" \/>\n<meta property=\"og:locale\" content=\"en_GB\" \/>\n<meta property=\"og:type\" content=\"article\" \/>\n<meta property=\"og:title\" content=\"Veikla &#8211; Grigi\u0161ki\u0173 kult\u016bros centras\" \/>\n<meta property=\"og:description\" content=\"Grigi\u0161ki\u0173 kult\u016bros centras jau septint\u0105 de\u0161imtmet\u012f k\u016brybin\u0119 veikl\u0105 vystanti \u012fstaiga. 2000 m. Grigi\u0161ki\u0173 kult\u016bros centras tapo Vilniaus miesto savivaldyb\u0117s biud\u017eetin\u0119 \u012fstaiga. Grigi\u0161ki\u0173 kult\u016bros centras, \u012fsik\u016br\u0119s \u0161alia greitkelio Vilnius \u2013 Kaunas.&hellip;\" \/>\n<meta property=\"og:url\" content=\"https:\/\/grigiskiukc.lt\/en\/veikla\/\" \/>\n<meta property=\"og:site_name\" content=\"Grigi\u0161ki\u0173 kult\u016bros centras\" \/>\n<meta property=\"article:publisher\" content=\"https:\/\/www.facebook.com\/GrigiskiuKC\" \/>\n<meta property=\"article:modified_time\" content=\"2024-02-14T14:19:28+00:00\" \/>\n<meta property=\"og:image\" content=\"https:\/\/grigiskiukc.lt\/wp-content\/uploads\/revslider\/slider-1\/DJI_0078-scaled.jpg\" \/>\n\t<meta property=\"og:image:width\" content=\"2560\" \/>\n\t<meta property=\"og:image:height\" content=\"1706\" \/>\n\t<meta property=\"og:image:type\" content=\"image\/jpeg\" \/>\n<meta name=\"twitter:card\" content=\"summary_large_image\" \/>\n<meta name=\"twitter:label1\" content=\"Estimated reading time\" \/>\n\t<meta name=\"twitter:data1\" content=\"2 minutes\" \/>\n<script type=\"application\/ld+json\" class=\"yoast-schema-graph\">{\"@context\":\"https:\/\/schema.org\",\"@graph\":[{\"@type\":\"WebPage\",\"@id\":\"https:\/\/grigiskiukc.lt\/veikla\/\",\"url\":\"https:\/\/grigiskiukc.lt\/veikla\/\",\"name\":\"Veikla &#8211; Grigi\u0161ki\u0173 kult\u016bros centras\",\"isPartOf\":{\"@id\":\"https:\/\/grigiskiukc.lt\/#website\"},\"datePublished\":\"2024-01-15T17:20:12+00:00\",\"dateModified\":\"2024-02-14T14:19:28+00:00\",\"breadcrumb\":{\"@id\":\"https:\/\/grigiskiukc.lt\/veikla\/#breadcrumb\"},\"inLanguage\":\"en-GB\",\"potentialAction\":[{\"@type\":\"ReadAction\",\"target\":[\"https:\/\/grigiskiukc.lt\/veikla\/\"]}]},{\"@type\":\"BreadcrumbList\",\"@id\":\"https:\/\/grigiskiukc.lt\/veikla\/#breadcrumb\",\"itemListElement\":[{\"@type\":\"ListItem\",\"position\":1,\"name\":\"Pagrindinis\",\"item\":\"https:\/\/grigiskiukc.lt\/\"},{\"@type\":\"ListItem\",\"position\":2,\"name\":\"Veikla\"}]},{\"@type\":\"WebSite\",\"@id\":\"https:\/\/grigiskiukc.lt\/#website\",\"url\":\"https:\/\/grigiskiukc.lt\/\",\"name\":\"Grigi\u0161ki\u0173 kult\u016bros centras\",\"description\":\"\",\"publisher\":{\"@id\":\"https:\/\/grigiskiukc.lt\/#organization\"},\"alternateName\":\"Grigi\u0161ki\u0173 kult\u016bros centras\",\"potentialAction\":[{\"@type\":\"SearchAction\",\"target\":{\"@type\":\"EntryPoint\",\"urlTemplate\":\"https:\/\/grigiskiukc.lt\/?s={search_term_string}\"},\"query-input\":{\"@type\":\"PropertyValueSpecification\",\"valueRequired\":true,\"valueName\":\"search_term_string\"}}],\"inLanguage\":\"en-GB\"},{\"@type\":\"Organization\",\"@id\":\"https:\/\/grigiskiukc.lt\/#organization\",\"name\":\"Grigi\u0161ki\u0173 kult\u016bros centras\",\"url\":\"https:\/\/grigiskiukc.lt\/\",\"logo\":{\"@type\":\"ImageObject\",\"inLanguage\":\"en-GB\",\"@id\":\"https:\/\/grigiskiukc.lt\/#\/schema\/logo\/image\/\",\"url\":\"https:\/\/grigiskiukc.lt\/wp-content\/uploads\/2022\/09\/GKC-logo1.png\",\"contentUrl\":\"https:\/\/grigiskiukc.lt\/wp-content\/uploads\/2022\/09\/GKC-logo1.png\",\"width\":702,\"height\":261,\"caption\":\"Grigi\u0161ki\u0173 kult\u016bros centras\"},\"image\":{\"@id\":\"https:\/\/grigiskiukc.lt\/#\/schema\/logo\/image\/\"},\"sameAs\":[\"https:\/\/www.facebook.com\/GrigiskiuKC\"]}]}<\/script>\n<!-- \/ Yoast SEO plugin. -->","yoast_head_json":{"title":"Veikla &#8211; Grigi\u0161ki\u0173 kult\u016bros centras","robots":{"index":"index","follow":"follow","max-snippet":"max-snippet:-1","max-image-preview":"max-image-preview:large","max-video-preview":"max-video-preview:-1"},"canonical":"https:\/\/grigiskiukc.lt\/en\/veikla\/","og_locale":"en_GB","og_type":"article","og_title":"Veikla &#8211; Grigi\u0161ki\u0173 kult\u016bros centras","og_description":"Grigi\u0161ki\u0173 kult\u016bros centras jau septint\u0105 de\u0161imtmet\u012f k\u016brybin\u0119 veikl\u0105 vystanti \u012fstaiga. 2000 m. Grigi\u0161ki\u0173 kult\u016bros centras tapo Vilniaus miesto savivaldyb\u0117s biud\u017eetin\u0119 \u012fstaiga. Grigi\u0161ki\u0173 kult\u016bros centras, \u012fsik\u016br\u0119s \u0161alia greitkelio Vilnius \u2013 Kaunas.&hellip;","og_url":"https:\/\/grigiskiukc.lt\/en\/veikla\/","og_site_name":"Grigi\u0161ki\u0173 kult\u016bros centras","article_publisher":"https:\/\/www.facebook.com\/GrigiskiuKC","article_modified_time":"2024-02-14T14:19:28+00:00","og_image":[{"width":2560,"height":1706,"url":"https:\/\/grigiskiukc.lt\/wp-content\/uploads\/revslider\/slider-1\/DJI_0078-scaled.jpg","type":"image\/jpeg"}],"twitter_card":"summary_large_image","twitter_misc":{"Estimated reading time":"2 minutes"},"schema":{"@context":"https:\/\/schema.org","@graph":[{"@type":"WebPage","@id":"https:\/\/grigiskiukc.lt\/veikla\/","url":"https:\/\/grigiskiukc.lt\/veikla\/","name":"Veikla &#8211; Grigi\u0161ki\u0173 kult\u016bros centras","isPartOf":{"@id":"https:\/\/grigiskiukc.lt\/#website"},"datePublished":"2024-01-15T17:20:12+00:00","dateModified":"2024-02-14T14:19:28+00:00","breadcrumb":{"@id":"https:\/\/grigiskiukc.lt\/veikla\/#breadcrumb"},"inLanguage":"en-GB","potentialAction":[{"@type":"ReadAction","target":["https:\/\/grigiskiukc.lt\/veikla\/"]}]},{"@type":"BreadcrumbList","@id":"https:\/\/grigiskiukc.lt\/veikla\/#breadcrumb","itemListElement":[{"@type":"ListItem","position":1,"name":"Pagrindinis","item":"https:\/\/grigiskiukc.lt\/"},{"@type":"ListItem","position":2,"name":"Veikla"}]},{"@type":"WebSite","@id":"https:\/\/grigiskiukc.lt\/#website","url":"https:\/\/grigiskiukc.lt\/","name":"Grigi\u0161ki\u0173 kult\u016bros centras","description":"","publisher":{"@id":"https:\/\/grigiskiukc.lt\/#organization"},"alternateName":"Grigi\u0161ki\u0173 kult\u016bros centras","potentialAction":[{"@type":"SearchAction","target":{"@type":"EntryPoint","urlTemplate":"https:\/\/grigiskiukc.lt\/?s={search_term_string}"},"query-input":{"@type":"PropertyValueSpecification","valueRequired":true,"valueName":"search_term_string"}}],"inLanguage":"en-GB"},{"@type":"Organization","@id":"https:\/\/grigiskiukc.lt\/#organization","name":"Grigi\u0161ki\u0173 kult\u016bros centras","url":"https:\/\/grigiskiukc.lt\/","logo":{"@type":"ImageObject","inLanguage":"en-GB","@id":"https:\/\/grigiskiukc.lt\/#\/schema\/logo\/image\/","url":"https:\/\/grigiskiukc.lt\/wp-content\/uploads\/2022\/09\/GKC-logo1.png","contentUrl":"https:\/\/grigiskiukc.lt\/wp-content\/uploads\/2022\/09\/GKC-logo1.png","width":702,"height":261,"caption":"Grigi\u0161ki\u0173 kult\u016bros centras"},"image":{"@id":"https:\/\/grigiskiukc.lt\/#\/schema\/logo\/image\/"},"sameAs":["https:\/\/www.facebook.com\/GrigiskiuKC"]}]}},"_links":{"self":[{"href":"https:\/\/grigiskiukc.lt\/en\/wp-json\/wp\/v2\/pages\/6525"}],"collection":[{"href":"https:\/\/grigiskiukc.lt\/en\/wp-json\/wp\/v2\/pages"}],"about":[{"href":"https:\/\/grigiskiukc.lt\/en\/wp-json\/wp\/v2\/types\/page"}],"author":[{"embeddable":true,"href":"https:\/\/grigiskiukc.lt\/en\/wp-json\/wp\/v2\/users\/1"}],"replies":[{"embeddable":true,"href":"https:\/\/grigiskiukc.lt\/en\/wp-json\/wp\/v2\/comments?post=6525"}],"version-history":[{"count":10,"href":"https:\/\/grigiskiukc.lt\/en\/wp-json\/wp\/v2\/pages\/6525\/revisions"}],"predecessor-version":[{"id":7177,"href":"https:\/\/grigiskiukc.lt\/en\/wp-json\/wp\/v2\/pages\/6525\/revisions\/7177"}],"wp:attachment":[{"href":"https:\/\/grigiskiukc.lt\/en\/wp-json\/wp\/v2\/media?parent=6525"}],"curies":[{"name":"wp","href":"https:\/\/api.w.org\/{rel}","templated":true}]}}