{"id":12714,"date":"2026-04-21T11:57:26","date_gmt":"2026-04-21T08:57:26","guid":{"rendered":"https:\/\/grigiskiukc.lt\/?page_id=12714"},"modified":"2026-04-21T12:44:44","modified_gmt":"2026-04-21T09:44:44","slug":"lengvai-suprantama-kalba","status":"publish","type":"page","link":"https:\/\/grigiskiukc.lt\/en\/lengvai-suprantama-kalba\/","title":{"rendered":"Lengvai suprantama kalba"},"content":{"rendered":"<div data-elementor-type=\"wp-page\" data-elementor-id=\"12714\" class=\"elementor elementor-12714\">\n\t\t\t\t\t\t<section class=\"elementor-section elementor-top-section elementor-element elementor-element-1e98c48 elementor-section-boxed elementor-section-height-default elementor-section-height-default sc_fly_static\" data-id=\"1e98c48\" data-element_type=\"section\">\n\t\t\t\t\t\t<div class=\"elementor-container elementor-column-gap-extended\">\n\t\t\t\t\t<div class=\"elementor-column elementor-col-100 elementor-top-column elementor-element elementor-element-adabda1 sc_content_align_inherit sc_layouts_column_icons_position_left sc_fly_static\" data-id=\"adabda1\" data-element_type=\"column\">\n\t\t\t<div class=\"elementor-widget-wrap elementor-element-populated\">\n\t\t\t\t\t\t<div class=\"elementor-element elementor-element-7d337cc sc_fly_static elementor-widget elementor-widget-text-editor\" data-id=\"7d337cc\" data-element_type=\"widget\" data-widget_type=\"text-editor.default\">\n\t\t\t\t<div class=\"elementor-widget-container\">\n\t\t\t\t\t\t\t\t\t<h5><span style=\"color: #003366;\">Informacija ruo\u0161iama.<\/span><\/h5><p><img decoding=\"async\" class=\"alignnone  wp-image-12717\" src=\"http:\/\/grigiskiukc.lt\/wp-content\/uploads\/2026\/04\/image001-300x297.png\" alt=\"\" width=\"110\" height=\"109\" srcset=\"https:\/\/grigiskiukc.lt\/wp-content\/uploads\/2026\/04\/image001-300x300.png 300w, https:\/\/grigiskiukc.lt\/wp-content\/uploads\/2026\/04\/image001-150x150.png 150w, https:\/\/grigiskiukc.lt\/wp-content\/uploads\/2026\/04\/image001.png 331w, https:\/\/grigiskiukc.lt\/wp-content\/uploads\/2026\/04\/image001-12x12.png 12w, https:\/\/grigiskiukc.lt\/wp-content\/uploads\/2026\/04\/image001-120x120.png 120w, https:\/\/grigiskiukc.lt\/wp-content\/uploads\/2026\/04\/image001-200x198.png 200w\" sizes=\"(max-width: 110px) 100vw, 110px\" \/><\/p>\t\t\t\t\t\t\t\t<\/div>\n\t\t\t\t<\/div>\n\t\t\t\t\t<\/div>\n\t\t<\/div>\n\t\t\t\t\t<\/div>\n\t\t<\/section>\n\t\t\t\t<\/div>","protected":false},"excerpt":{"rendered":"<p>Informacija ruo\u0161iama.<\/p>","protected":false},"author":9,"featured_media":0,"parent":0,"menu_order":0,"comment_status":"closed","ping_status":"closed","template":"","meta":{"footnotes":""},"yoast_head":"<!-- This site is optimized with the Yoast SEO plugin v24.5 - https:\/\/yoast.com\/wordpress\/plugins\/seo\/ -->\n<title>Lengvai suprantama kalba &#8211; Grigi\u0161ki\u0173 kult\u016bros centras<\/title>\n<meta name=\"robots\" content=\"index, follow, max-snippet:-1, max-image-preview:large, max-video-preview:-1\" \/>\n<link rel=\"canonical\" href=\"https:\/\/grigiskiukc.lt\/en\/lengvai-suprantama-kalba\/\" \/>\n<meta property=\"og:locale\" content=\"en_GB\" \/>\n<meta property=\"og:type\" content=\"article\" \/>\n<meta property=\"og:title\" content=\"Lengvai suprantama kalba &#8211; Grigi\u0161ki\u0173 kult\u016bros centras\" \/>\n<meta property=\"og:description\" content=\"Informacija ruo\u0161iama.\" \/>\n<meta property=\"og:url\" content=\"https:\/\/grigiskiukc.lt\/en\/lengvai-suprantama-kalba\/\" \/>\n<meta property=\"og:site_name\" content=\"Grigi\u0161ki\u0173 kult\u016bros centras\" \/>\n<meta property=\"article:publisher\" content=\"https:\/\/www.facebook.com\/GrigiskiuKC\" \/>\n<meta property=\"article:modified_time\" content=\"2026-04-21T09:44:44+00:00\" \/>\n<meta property=\"og:image\" content=\"https:\/\/grigiskiukc.lt\/wp-content\/uploads\/2026\/04\/image001.png\" \/>\n\t<meta property=\"og:image:width\" content=\"331\" \/>\n\t<meta property=\"og:image:height\" content=\"328\" \/>\n\t<meta property=\"og:image:type\" content=\"image\/png\" \/>\n<meta name=\"twitter:card\" content=\"summary_large_image\" \/>\n<meta name=\"twitter:label1\" content=\"Estimated reading time\" \/>\n\t<meta name=\"twitter:data1\" content=\"1 minute\" \/>\n<script type=\"application\/ld+json\" class=\"yoast-schema-graph\">{\"@context\":\"https:\/\/schema.org\",\"@graph\":[{\"@type\":\"WebPage\",\"@id\":\"https:\/\/grigiskiukc.lt\/lengvai-suprantama-kalba\/\",\"url\":\"https:\/\/grigiskiukc.lt\/lengvai-suprantama-kalba\/\",\"name\":\"Lengvai suprantama kalba &#8211; Grigi\u0161ki\u0173 kult\u016bros centras\",\"isPartOf\":{\"@id\":\"https:\/\/grigiskiukc.lt\/#website\"},\"primaryImageOfPage\":{\"@id\":\"https:\/\/grigiskiukc.lt\/lengvai-suprantama-kalba\/#primaryimage\"},\"image\":{\"@id\":\"https:\/\/grigiskiukc.lt\/lengvai-suprantama-kalba\/#primaryimage\"},\"thumbnailUrl\":\"http:\/\/grigiskiukc.lt\/wp-content\/uploads\/2026\/04\/image001-300x297.png\",\"datePublished\":\"2026-04-21T08:57:26+00:00\",\"dateModified\":\"2026-04-21T09:44:44+00:00\",\"breadcrumb\":{\"@id\":\"https:\/\/grigiskiukc.lt\/lengvai-suprantama-kalba\/#breadcrumb\"},\"inLanguage\":\"en-GB\",\"potentialAction\":[{\"@type\":\"ReadAction\",\"target\":[\"https:\/\/grigiskiukc.lt\/lengvai-suprantama-kalba\/\"]}]},{\"@type\":\"ImageObject\",\"inLanguage\":\"en-GB\",\"@id\":\"https:\/\/grigiskiukc.lt\/lengvai-suprantama-kalba\/#primaryimage\",\"url\":\"http:\/\/grigiskiukc.lt\/wp-content\/uploads\/2026\/04\/image001-300x297.png\",\"contentUrl\":\"http:\/\/grigiskiukc.lt\/wp-content\/uploads\/2026\/04\/image001-300x297.png\"},{\"@type\":\"BreadcrumbList\",\"@id\":\"https:\/\/grigiskiukc.lt\/lengvai-suprantama-kalba\/#breadcrumb\",\"itemListElement\":[{\"@type\":\"ListItem\",\"position\":1,\"name\":\"Pagrindinis\",\"item\":\"https:\/\/grigiskiukc.lt\/\"},{\"@type\":\"ListItem\",\"position\":2,\"name\":\"Lengvai suprantama kalba\"}]},{\"@type\":\"WebSite\",\"@id\":\"https:\/\/grigiskiukc.lt\/#website\",\"url\":\"https:\/\/grigiskiukc.lt\/\",\"name\":\"Grigi\u0161ki\u0173 kult\u016bros centras\",\"description\":\"\",\"publisher\":{\"@id\":\"https:\/\/grigiskiukc.lt\/#organization\"},\"alternateName\":\"Grigi\u0161ki\u0173 kult\u016bros centras\",\"potentialAction\":[{\"@type\":\"SearchAction\",\"target\":{\"@type\":\"EntryPoint\",\"urlTemplate\":\"https:\/\/grigiskiukc.lt\/?s={search_term_string}\"},\"query-input\":{\"@type\":\"PropertyValueSpecification\",\"valueRequired\":true,\"valueName\":\"search_term_string\"}}],\"inLanguage\":\"en-GB\"},{\"@type\":\"Organization\",\"@id\":\"https:\/\/grigiskiukc.lt\/#organization\",\"name\":\"Grigi\u0161ki\u0173 kult\u016bros centras\",\"url\":\"https:\/\/grigiskiukc.lt\/\",\"logo\":{\"@type\":\"ImageObject\",\"inLanguage\":\"en-GB\",\"@id\":\"https:\/\/grigiskiukc.lt\/#\/schema\/logo\/image\/\",\"url\":\"https:\/\/grigiskiukc.lt\/wp-content\/uploads\/2022\/09\/GKC-logo1.png\",\"contentUrl\":\"https:\/\/grigiskiukc.lt\/wp-content\/uploads\/2022\/09\/GKC-logo1.png\",\"width\":702,\"height\":261,\"caption\":\"Grigi\u0161ki\u0173 kult\u016bros centras\"},\"image\":{\"@id\":\"https:\/\/grigiskiukc.lt\/#\/schema\/logo\/image\/\"},\"sameAs\":[\"https:\/\/www.facebook.com\/GrigiskiuKC\"]}]}<\/script>\n<!-- \/ Yoast SEO plugin. -->","yoast_head_json":{"title":"Lengvai suprantama kalba &#8211; Grigi\u0161ki\u0173 kult\u016bros centras","robots":{"index":"index","follow":"follow","max-snippet":"max-snippet:-1","max-image-preview":"max-image-preview:large","max-video-preview":"max-video-preview:-1"},"canonical":"https:\/\/grigiskiukc.lt\/en\/lengvai-suprantama-kalba\/","og_locale":"en_GB","og_type":"article","og_title":"Lengvai suprantama kalba &#8211; Grigi\u0161ki\u0173 kult\u016bros centras","og_description":"Informacija ruo\u0161iama.","og_url":"https:\/\/grigiskiukc.lt\/en\/lengvai-suprantama-kalba\/","og_site_name":"Grigi\u0161ki\u0173 kult\u016bros centras","article_publisher":"https:\/\/www.facebook.com\/GrigiskiuKC","article_modified_time":"2026-04-21T09:44:44+00:00","og_image":[{"width":331,"height":328,"url":"https:\/\/grigiskiukc.lt\/wp-content\/uploads\/2026\/04\/image001.png","type":"image\/png"}],"twitter_card":"summary_large_image","twitter_misc":{"Estimated reading time":"1 minute"},"schema":{"@context":"https:\/\/schema.org","@graph":[{"@type":"WebPage","@id":"https:\/\/grigiskiukc.lt\/lengvai-suprantama-kalba\/","url":"https:\/\/grigiskiukc.lt\/lengvai-suprantama-kalba\/","name":"Lengvai suprantama kalba &#8211; Grigi\u0161ki\u0173 kult\u016bros centras","isPartOf":{"@id":"https:\/\/grigiskiukc.lt\/#website"},"primaryImageOfPage":{"@id":"https:\/\/grigiskiukc.lt\/lengvai-suprantama-kalba\/#primaryimage"},"image":{"@id":"https:\/\/grigiskiukc.lt\/lengvai-suprantama-kalba\/#primaryimage"},"thumbnailUrl":"http:\/\/grigiskiukc.lt\/wp-content\/uploads\/2026\/04\/image001-300x297.png","datePublished":"2026-04-21T08:57:26+00:00","dateModified":"2026-04-21T09:44:44+00:00","breadcrumb":{"@id":"https:\/\/grigiskiukc.lt\/lengvai-suprantama-kalba\/#breadcrumb"},"inLanguage":"en-GB","potentialAction":[{"@type":"ReadAction","target":["https:\/\/grigiskiukc.lt\/lengvai-suprantama-kalba\/"]}]},{"@type":"ImageObject","inLanguage":"en-GB","@id":"https:\/\/grigiskiukc.lt\/lengvai-suprantama-kalba\/#primaryimage","url":"http:\/\/grigiskiukc.lt\/wp-content\/uploads\/2026\/04\/image001-300x297.png","contentUrl":"http:\/\/grigiskiukc.lt\/wp-content\/uploads\/2026\/04\/image001-300x297.png"},{"@type":"BreadcrumbList","@id":"https:\/\/grigiskiukc.lt\/lengvai-suprantama-kalba\/#breadcrumb","itemListElement":[{"@type":"ListItem","position":1,"name":"Pagrindinis","item":"https:\/\/grigiskiukc.lt\/"},{"@type":"ListItem","position":2,"name":"Lengvai suprantama kalba"}]},{"@type":"WebSite","@id":"https:\/\/grigiskiukc.lt\/#website","url":"https:\/\/grigiskiukc.lt\/","name":"Grigi\u0161ki\u0173 kult\u016bros centras","description":"","publisher":{"@id":"https:\/\/grigiskiukc.lt\/#organization"},"alternateName":"Grigi\u0161ki\u0173 kult\u016bros centras","potentialAction":[{"@type":"SearchAction","target":{"@type":"EntryPoint","urlTemplate":"https:\/\/grigiskiukc.lt\/?s={search_term_string}"},"query-input":{"@type":"PropertyValueSpecification","valueRequired":true,"valueName":"search_term_string"}}],"inLanguage":"en-GB"},{"@type":"Organization","@id":"https:\/\/grigiskiukc.lt\/#organization","name":"Grigi\u0161ki\u0173 kult\u016bros centras","url":"https:\/\/grigiskiukc.lt\/","logo":{"@type":"ImageObject","inLanguage":"en-GB","@id":"https:\/\/grigiskiukc.lt\/#\/schema\/logo\/image\/","url":"https:\/\/grigiskiukc.lt\/wp-content\/uploads\/2022\/09\/GKC-logo1.png","contentUrl":"https:\/\/grigiskiukc.lt\/wp-content\/uploads\/2022\/09\/GKC-logo1.png","width":702,"height":261,"caption":"Grigi\u0161ki\u0173 kult\u016bros centras"},"image":{"@id":"https:\/\/grigiskiukc.lt\/#\/schema\/logo\/image\/"},"sameAs":["https:\/\/www.facebook.com\/GrigiskiuKC"]}]}},"_links":{"self":[{"href":"https:\/\/grigiskiukc.lt\/en\/wp-json\/wp\/v2\/pages\/12714"}],"collection":[{"href":"https:\/\/grigiskiukc.lt\/en\/wp-json\/wp\/v2\/pages"}],"about":[{"href":"https:\/\/grigiskiukc.lt\/en\/wp-json\/wp\/v2\/types\/page"}],"author":[{"embeddable":true,"href":"https:\/\/grigiskiukc.lt\/en\/wp-json\/wp\/v2\/users\/9"}],"replies":[{"embeddable":true,"href":"https:\/\/grigiskiukc.lt\/en\/wp-json\/wp\/v2\/comments?post=12714"}],"version-history":[{"count":13,"href":"https:\/\/grigiskiukc.lt\/en\/wp-json\/wp\/v2\/pages\/12714\/revisions"}],"predecessor-version":[{"id":12775,"href":"https:\/\/grigiskiukc.lt\/en\/wp-json\/wp\/v2\/pages\/12714\/revisions\/12775"}],"wp:attachment":[{"href":"https:\/\/grigiskiukc.lt\/en\/wp-json\/wp\/v2\/media?parent=12714"}],"curies":[{"name":"wp","href":"https:\/\/api.w.org\/{rel}","templated":true}]}}