{"id":12413,"date":"2026-04-17T14:42:06","date_gmt":"2026-04-17T11:42:06","guid":{"rendered":"https:\/\/grigiskiukc.lt\/?page_id=12413"},"modified":"2026-04-17T15:12:28","modified_gmt":"2026-04-17T12:12:28","slug":"pareigybes-del-kuriu-teikiamas-prasymas-stt","status":"publish","type":"page","link":"https:\/\/grigiskiukc.lt\/en\/pareigybes-del-kuriu-teikiamas-prasymas-stt\/","title":{"rendered":"Pareigyb\u0117s, d\u0117l kuri\u0173 teikiamas pra\u0161ymas STT"},"content":{"rendered":"<div data-elementor-type=\"wp-page\" data-elementor-id=\"12413\" class=\"elementor elementor-12413\">\n\t\t\t\t\t\t<section class=\"elementor-section-with-custom-width elementor-section elementor-top-section elementor-element elementor-element-0e7213f elementor-section-boxed elementor-section-height-default elementor-section-height-default sc_fly_static\" data-id=\"0e7213f\" data-element_type=\"section\">\n\t\t\t\t\t\t<div class=\"elementor-container elementor-column-gap-extended\">\n\t\t\t\t\t<div class=\"elementor-column elementor-col-50 elementor-top-column elementor-element elementor-element-0c75fc2 sc_content_align_inherit sc_layouts_column_icons_position_left sc_fly_static\" data-id=\"0c75fc2\" data-element_type=\"column\">\n\t\t\t<div class=\"elementor-widget-wrap elementor-element-populated\">\n\t\t\t\t\t\t<div class=\"elementor-element elementor-element-17b8065 sc_fly_static elementor-widget elementor-widget-image\" data-id=\"17b8065\" data-element_type=\"widget\" data-widget_type=\"image.default\">\n\t\t\t\t<div class=\"elementor-widget-container\">\n\t\t\t\t\t\t\t\t\t\t\t\t\t\t\t<img fetchpriority=\"high\" decoding=\"async\" width=\"250\" height=\"250\" src=\"https:\/\/grigiskiukc.lt\/wp-content\/uploads\/2026\/04\/site_logo_share.png\" class=\"attachment-thumbrelated size-thumbrelated wp-image-12416\" alt=\"\" srcset=\"https:\/\/grigiskiukc.lt\/wp-content\/uploads\/2026\/04\/site_logo_share.png 250w, https:\/\/grigiskiukc.lt\/wp-content\/uploads\/2026\/04\/site_logo_share-150x150.png 150w, https:\/\/grigiskiukc.lt\/wp-content\/uploads\/2026\/04\/site_logo_share-12x12.png 12w, https:\/\/grigiskiukc.lt\/wp-content\/uploads\/2026\/04\/site_logo_share-120x120.png 120w, https:\/\/grigiskiukc.lt\/wp-content\/uploads\/2026\/04\/site_logo_share-200x200.png 200w\" sizes=\"(max-width: 250px) 100vw, 250px\" \/>\t\t\t\t\t\t\t\t\t\t\t\t\t\t\t<\/div>\n\t\t\t\t<\/div>\n\t\t\t\t\t<\/div>\n\t\t<\/div>\n\t\t\t\t<div class=\"elementor-column elementor-col-50 elementor-top-column elementor-element elementor-element-9b24028 sc_content_align_inherit sc_layouts_column_icons_position_left sc_fly_static\" data-id=\"9b24028\" data-element_type=\"column\">\n\t\t\t<div class=\"elementor-widget-wrap elementor-element-populated\">\n\t\t\t\t\t\t<div class=\"elementor-element elementor-element-3a79465 elementor-widget-tablet__width-initial sc_fly_static elementor-widget elementor-widget-text-editor\" data-id=\"3a79465\" data-element_type=\"widget\" data-widget_type=\"text-editor.default\">\n\t\t\t\t<div class=\"elementor-widget-container\">\n\t\t\t\t\t\t\t\t\t<p>Vilniaus miesto savivaldyb\u0117s Grigi\u0161ki\u0173 kult\u016bros centro\u00a0 \u00a0darbuotojo pareigyb\u0117, d\u0117l kurios, vadovaujantis Korupcijos prevencijos \u012fstatymo 17 straipsnio 5 dalimi, kreipiamasi ra\u0161ytini\u0173 pra\u0161ymu \u012f speciali\u0173j\u0173 tyrim\u0173 tarnyb\u0105 pateikti informacij\u0105:<\/p><p><span style=\"color: #ff0000;\">\u00a01. Direktoriaus pavaduotojas.<\/span><\/p>\t\t\t\t\t\t\t\t<\/div>\n\t\t\t\t<\/div>\n\t\t\t\t\t<\/div>\n\t\t<\/div>\n\t\t\t\t\t<\/div>\n\t\t<\/section>\n\t\t\t\t<section class=\"elementor-section-with-custom-width elementor-section elementor-top-section elementor-element elementor-element-19432b1 elementor-section-stretched elementor-section-boxed elementor-section-height-default elementor-section-height-default sc_fly_static\" data-id=\"19432b1\" data-element_type=\"section\" data-settings=\"{&quot;stretch_section&quot;:&quot;section-stretched&quot;}\">\n\t\t\t\t\t\t\t<div class=\"elementor-background-overlay\"><\/div>\n\t\t\t\t\t\t\t<div class=\"elementor-container elementor-column-gap-default\">\n\t\t\t\t\t<div class=\"elementor-column elementor-col-100 elementor-top-column elementor-element elementor-element-fcec58b sc_content_align_inherit sc_layouts_column_icons_position_left sc_fly_static\" data-id=\"fcec58b\" data-element_type=\"column\" data-settings=\"{&quot;background_background&quot;:&quot;classic&quot;}\">\n\t\t\t<div class=\"elementor-widget-wrap elementor-element-populated\">\n\t\t\t\t\t\t<div class=\"elementor-element elementor-element-00107d7 elementor-widget-tablet__width-initial sc_fly_static elementor-widget elementor-widget-heading\" data-id=\"00107d7\" data-element_type=\"widget\" data-widget_type=\"heading.default\">\n\t\t\t\t<div class=\"elementor-widget-container\">\n\t\t\t\t\t<h6 class=\"elementor-heading-title elementor-size-default\"><a href=\"http:\/\/grigiskiukc.lt\/wp-content\/uploads\/2026\/04\/Del-pareigybes-del-kurios-teikiamas-prasymas-stt.pdf\">2026 m. baland\u017eio 1 d.  \u012fsak. Nr. V-17<\/a><\/h6>\t\t\t\t<\/div>\n\t\t\t\t<\/div>\n\t\t\t\t\t<\/div>\n\t\t<\/div>\n\t\t\t\t\t<\/div>\n\t\t<\/section>\n\t\t\t\t<\/div>","protected":false},"excerpt":{"rendered":"<p>Vilniaus miesto savivaldyb\u0117s Grigi\u0161ki\u0173 kult\u016bros centro\u00a0 \u00a0darbuotojo pareigyb\u0117, d\u0117l kurios, vadovaujantis Korupcijos prevencijos \u012fstatymo 17 straipsnio 5 dalimi, kreipiamasi ra\u0161ytini\u0173 pra\u0161ymu \u012f speciali\u0173j\u0173 tyrim\u0173 tarnyb\u0105 pateikti informacij\u0105: \u00a01. Direktoriaus pavaduotojas.&hellip;<\/p>","protected":false},"author":9,"featured_media":0,"parent":0,"menu_order":0,"comment_status":"closed","ping_status":"closed","template":"","meta":{"footnotes":""},"yoast_head":"<!-- This site is optimized with the Yoast SEO plugin v24.5 - https:\/\/yoast.com\/wordpress\/plugins\/seo\/ -->\n<title>Pareigyb\u0117s, d\u0117l kuri\u0173 teikiamas pra\u0161ymas STT &#8211; Grigi\u0161ki\u0173 kult\u016bros centras<\/title>\n<meta name=\"robots\" content=\"index, follow, max-snippet:-1, max-image-preview:large, max-video-preview:-1\" \/>\n<link rel=\"canonical\" href=\"https:\/\/grigiskiukc.lt\/en\/pareigybes-del-kuriu-teikiamas-prasymas-stt\/\" \/>\n<meta property=\"og:locale\" content=\"en_GB\" \/>\n<meta property=\"og:type\" content=\"article\" \/>\n<meta property=\"og:title\" content=\"Pareigyb\u0117s, d\u0117l kuri\u0173 teikiamas pra\u0161ymas STT &#8211; Grigi\u0161ki\u0173 kult\u016bros centras\" \/>\n<meta property=\"og:description\" content=\"Vilniaus miesto savivaldyb\u0117s Grigi\u0161ki\u0173 kult\u016bros centro\u00a0 \u00a0darbuotojo pareigyb\u0117, d\u0117l kurios, vadovaujantis Korupcijos prevencijos \u012fstatymo 17 straipsnio 5 dalimi, kreipiamasi ra\u0161ytini\u0173 pra\u0161ymu \u012f speciali\u0173j\u0173 tyrim\u0173 tarnyb\u0105 pateikti informacij\u0105: \u00a01. Direktoriaus pavaduotojas.&hellip;\" \/>\n<meta property=\"og:url\" content=\"https:\/\/grigiskiukc.lt\/en\/pareigybes-del-kuriu-teikiamas-prasymas-stt\/\" \/>\n<meta property=\"og:site_name\" content=\"Grigi\u0161ki\u0173 kult\u016bros centras\" \/>\n<meta property=\"article:publisher\" content=\"https:\/\/www.facebook.com\/GrigiskiuKC\" \/>\n<meta property=\"article:modified_time\" content=\"2026-04-17T12:12:28+00:00\" \/>\n<meta property=\"og:image\" content=\"https:\/\/grigiskiukc.lt\/wp-content\/uploads\/2026\/04\/site_logo_share.png\" \/>\n\t<meta property=\"og:image:width\" content=\"250\" \/>\n\t<meta property=\"og:image:height\" content=\"250\" \/>\n\t<meta property=\"og:image:type\" content=\"image\/png\" \/>\n<meta name=\"twitter:card\" content=\"summary_large_image\" \/>\n<meta name=\"twitter:label1\" content=\"Estimated reading time\" \/>\n\t<meta name=\"twitter:data1\" content=\"1 minute\" \/>\n<script type=\"application\/ld+json\" class=\"yoast-schema-graph\">{\"@context\":\"https:\/\/schema.org\",\"@graph\":[{\"@type\":\"WebPage\",\"@id\":\"https:\/\/grigiskiukc.lt\/pareigybes-del-kuriu-teikiamas-prasymas-stt\/\",\"url\":\"https:\/\/grigiskiukc.lt\/pareigybes-del-kuriu-teikiamas-prasymas-stt\/\",\"name\":\"Pareigyb\u0117s, d\u0117l kuri\u0173 teikiamas pra\u0161ymas STT &#8211; Grigi\u0161ki\u0173 kult\u016bros centras\",\"isPartOf\":{\"@id\":\"https:\/\/grigiskiukc.lt\/#website\"},\"primaryImageOfPage\":{\"@id\":\"https:\/\/grigiskiukc.lt\/pareigybes-del-kuriu-teikiamas-prasymas-stt\/#primaryimage\"},\"image\":{\"@id\":\"https:\/\/grigiskiukc.lt\/pareigybes-del-kuriu-teikiamas-prasymas-stt\/#primaryimage\"},\"thumbnailUrl\":\"http:\/\/grigiskiukc.lt\/wp-content\/uploads\/2026\/04\/site_logo_share.png\",\"datePublished\":\"2026-04-17T11:42:06+00:00\",\"dateModified\":\"2026-04-17T12:12:28+00:00\",\"breadcrumb\":{\"@id\":\"https:\/\/grigiskiukc.lt\/pareigybes-del-kuriu-teikiamas-prasymas-stt\/#breadcrumb\"},\"inLanguage\":\"en-GB\",\"potentialAction\":[{\"@type\":\"ReadAction\",\"target\":[\"https:\/\/grigiskiukc.lt\/pareigybes-del-kuriu-teikiamas-prasymas-stt\/\"]}]},{\"@type\":\"ImageObject\",\"inLanguage\":\"en-GB\",\"@id\":\"https:\/\/grigiskiukc.lt\/pareigybes-del-kuriu-teikiamas-prasymas-stt\/#primaryimage\",\"url\":\"http:\/\/grigiskiukc.lt\/wp-content\/uploads\/2026\/04\/site_logo_share.png\",\"contentUrl\":\"http:\/\/grigiskiukc.lt\/wp-content\/uploads\/2026\/04\/site_logo_share.png\"},{\"@type\":\"BreadcrumbList\",\"@id\":\"https:\/\/grigiskiukc.lt\/pareigybes-del-kuriu-teikiamas-prasymas-stt\/#breadcrumb\",\"itemListElement\":[{\"@type\":\"ListItem\",\"position\":1,\"name\":\"Pagrindinis\",\"item\":\"https:\/\/grigiskiukc.lt\/\"},{\"@type\":\"ListItem\",\"position\":2,\"name\":\"Pareigyb\u0117s, d\u0117l kuri\u0173 teikiamas pra\u0161ymas STT\"}]},{\"@type\":\"WebSite\",\"@id\":\"https:\/\/grigiskiukc.lt\/#website\",\"url\":\"https:\/\/grigiskiukc.lt\/\",\"name\":\"Grigi\u0161ki\u0173 kult\u016bros centras\",\"description\":\"\",\"publisher\":{\"@id\":\"https:\/\/grigiskiukc.lt\/#organization\"},\"alternateName\":\"Grigi\u0161ki\u0173 kult\u016bros centras\",\"potentialAction\":[{\"@type\":\"SearchAction\",\"target\":{\"@type\":\"EntryPoint\",\"urlTemplate\":\"https:\/\/grigiskiukc.lt\/?s={search_term_string}\"},\"query-input\":{\"@type\":\"PropertyValueSpecification\",\"valueRequired\":true,\"valueName\":\"search_term_string\"}}],\"inLanguage\":\"en-GB\"},{\"@type\":\"Organization\",\"@id\":\"https:\/\/grigiskiukc.lt\/#organization\",\"name\":\"Grigi\u0161ki\u0173 kult\u016bros centras\",\"url\":\"https:\/\/grigiskiukc.lt\/\",\"logo\":{\"@type\":\"ImageObject\",\"inLanguage\":\"en-GB\",\"@id\":\"https:\/\/grigiskiukc.lt\/#\/schema\/logo\/image\/\",\"url\":\"https:\/\/grigiskiukc.lt\/wp-content\/uploads\/2022\/09\/GKC-logo1.png\",\"contentUrl\":\"https:\/\/grigiskiukc.lt\/wp-content\/uploads\/2022\/09\/GKC-logo1.png\",\"width\":702,\"height\":261,\"caption\":\"Grigi\u0161ki\u0173 kult\u016bros centras\"},\"image\":{\"@id\":\"https:\/\/grigiskiukc.lt\/#\/schema\/logo\/image\/\"},\"sameAs\":[\"https:\/\/www.facebook.com\/GrigiskiuKC\"]}]}<\/script>\n<!-- \/ Yoast SEO plugin. -->","yoast_head_json":{"title":"Pareigyb\u0117s, d\u0117l kuri\u0173 teikiamas pra\u0161ymas STT &#8211; Grigi\u0161ki\u0173 kult\u016bros centras","robots":{"index":"index","follow":"follow","max-snippet":"max-snippet:-1","max-image-preview":"max-image-preview:large","max-video-preview":"max-video-preview:-1"},"canonical":"https:\/\/grigiskiukc.lt\/en\/pareigybes-del-kuriu-teikiamas-prasymas-stt\/","og_locale":"en_GB","og_type":"article","og_title":"Pareigyb\u0117s, d\u0117l kuri\u0173 teikiamas pra\u0161ymas STT &#8211; Grigi\u0161ki\u0173 kult\u016bros centras","og_description":"Vilniaus miesto savivaldyb\u0117s Grigi\u0161ki\u0173 kult\u016bros centro\u00a0 \u00a0darbuotojo pareigyb\u0117, d\u0117l kurios, vadovaujantis Korupcijos prevencijos \u012fstatymo 17 straipsnio 5 dalimi, kreipiamasi ra\u0161ytini\u0173 pra\u0161ymu \u012f speciali\u0173j\u0173 tyrim\u0173 tarnyb\u0105 pateikti informacij\u0105: \u00a01. Direktoriaus pavaduotojas.&hellip;","og_url":"https:\/\/grigiskiukc.lt\/en\/pareigybes-del-kuriu-teikiamas-prasymas-stt\/","og_site_name":"Grigi\u0161ki\u0173 kult\u016bros centras","article_publisher":"https:\/\/www.facebook.com\/GrigiskiuKC","article_modified_time":"2026-04-17T12:12:28+00:00","og_image":[{"width":250,"height":250,"url":"https:\/\/grigiskiukc.lt\/wp-content\/uploads\/2026\/04\/site_logo_share.png","type":"image\/png"}],"twitter_card":"summary_large_image","twitter_misc":{"Estimated reading time":"1 minute"},"schema":{"@context":"https:\/\/schema.org","@graph":[{"@type":"WebPage","@id":"https:\/\/grigiskiukc.lt\/pareigybes-del-kuriu-teikiamas-prasymas-stt\/","url":"https:\/\/grigiskiukc.lt\/pareigybes-del-kuriu-teikiamas-prasymas-stt\/","name":"Pareigyb\u0117s, d\u0117l kuri\u0173 teikiamas pra\u0161ymas STT &#8211; Grigi\u0161ki\u0173 kult\u016bros centras","isPartOf":{"@id":"https:\/\/grigiskiukc.lt\/#website"},"primaryImageOfPage":{"@id":"https:\/\/grigiskiukc.lt\/pareigybes-del-kuriu-teikiamas-prasymas-stt\/#primaryimage"},"image":{"@id":"https:\/\/grigiskiukc.lt\/pareigybes-del-kuriu-teikiamas-prasymas-stt\/#primaryimage"},"thumbnailUrl":"http:\/\/grigiskiukc.lt\/wp-content\/uploads\/2026\/04\/site_logo_share.png","datePublished":"2026-04-17T11:42:06+00:00","dateModified":"2026-04-17T12:12:28+00:00","breadcrumb":{"@id":"https:\/\/grigiskiukc.lt\/pareigybes-del-kuriu-teikiamas-prasymas-stt\/#breadcrumb"},"inLanguage":"en-GB","potentialAction":[{"@type":"ReadAction","target":["https:\/\/grigiskiukc.lt\/pareigybes-del-kuriu-teikiamas-prasymas-stt\/"]}]},{"@type":"ImageObject","inLanguage":"en-GB","@id":"https:\/\/grigiskiukc.lt\/pareigybes-del-kuriu-teikiamas-prasymas-stt\/#primaryimage","url":"http:\/\/grigiskiukc.lt\/wp-content\/uploads\/2026\/04\/site_logo_share.png","contentUrl":"http:\/\/grigiskiukc.lt\/wp-content\/uploads\/2026\/04\/site_logo_share.png"},{"@type":"BreadcrumbList","@id":"https:\/\/grigiskiukc.lt\/pareigybes-del-kuriu-teikiamas-prasymas-stt\/#breadcrumb","itemListElement":[{"@type":"ListItem","position":1,"name":"Pagrindinis","item":"https:\/\/grigiskiukc.lt\/"},{"@type":"ListItem","position":2,"name":"Pareigyb\u0117s, d\u0117l kuri\u0173 teikiamas pra\u0161ymas STT"}]},{"@type":"WebSite","@id":"https:\/\/grigiskiukc.lt\/#website","url":"https:\/\/grigiskiukc.lt\/","name":"Grigi\u0161ki\u0173 kult\u016bros centras","description":"","publisher":{"@id":"https:\/\/grigiskiukc.lt\/#organization"},"alternateName":"Grigi\u0161ki\u0173 kult\u016bros centras","potentialAction":[{"@type":"SearchAction","target":{"@type":"EntryPoint","urlTemplate":"https:\/\/grigiskiukc.lt\/?s={search_term_string}"},"query-input":{"@type":"PropertyValueSpecification","valueRequired":true,"valueName":"search_term_string"}}],"inLanguage":"en-GB"},{"@type":"Organization","@id":"https:\/\/grigiskiukc.lt\/#organization","name":"Grigi\u0161ki\u0173 kult\u016bros centras","url":"https:\/\/grigiskiukc.lt\/","logo":{"@type":"ImageObject","inLanguage":"en-GB","@id":"https:\/\/grigiskiukc.lt\/#\/schema\/logo\/image\/","url":"https:\/\/grigiskiukc.lt\/wp-content\/uploads\/2022\/09\/GKC-logo1.png","contentUrl":"https:\/\/grigiskiukc.lt\/wp-content\/uploads\/2022\/09\/GKC-logo1.png","width":702,"height":261,"caption":"Grigi\u0161ki\u0173 kult\u016bros centras"},"image":{"@id":"https:\/\/grigiskiukc.lt\/#\/schema\/logo\/image\/"},"sameAs":["https:\/\/www.facebook.com\/GrigiskiuKC"]}]}},"_links":{"self":[{"href":"https:\/\/grigiskiukc.lt\/en\/wp-json\/wp\/v2\/pages\/12413"}],"collection":[{"href":"https:\/\/grigiskiukc.lt\/en\/wp-json\/wp\/v2\/pages"}],"about":[{"href":"https:\/\/grigiskiukc.lt\/en\/wp-json\/wp\/v2\/types\/page"}],"author":[{"embeddable":true,"href":"https:\/\/grigiskiukc.lt\/en\/wp-json\/wp\/v2\/users\/9"}],"replies":[{"embeddable":true,"href":"https:\/\/grigiskiukc.lt\/en\/wp-json\/wp\/v2\/comments?post=12413"}],"version-history":[{"count":82,"href":"https:\/\/grigiskiukc.lt\/en\/wp-json\/wp\/v2\/pages\/12413\/revisions"}],"predecessor-version":[{"id":12498,"href":"https:\/\/grigiskiukc.lt\/en\/wp-json\/wp\/v2\/pages\/12413\/revisions\/12498"}],"wp:attachment":[{"href":"https:\/\/grigiskiukc.lt\/en\/wp-json\/wp\/v2\/media?parent=12413"}],"curies":[{"name":"wp","href":"https:\/\/api.w.org\/{rel}","templated":true}]}}