{"id":12396,"date":"2026-04-17T14:30:20","date_gmt":"2026-04-17T11:30:20","guid":{"rendered":"https:\/\/grigiskiukc.lt\/?page_id=12396"},"modified":"2026-04-17T14:39:42","modified_gmt":"2026-04-17T11:39:42","slug":"tvarkos-aprasai","status":"publish","type":"page","link":"https:\/\/grigiskiukc.lt\/en\/tvarkos-aprasai\/","title":{"rendered":"Kult\u016bros centro dokumentai"},"content":{"rendered":"<div data-elementor-type=\"wp-page\" data-elementor-id=\"12396\" class=\"elementor elementor-12396\">\n\t\t\t\t\t\t<section class=\"elementor-section-with-custom-width elementor-section elementor-top-section elementor-element elementor-element-cb52782 elementor-section-boxed elementor-section-height-default elementor-section-height-default sc_fly_static\" data-id=\"cb52782\" data-element_type=\"section\">\n\t\t\t\t\t\t<div class=\"elementor-container elementor-column-gap-extended\">\n\t\t\t\t\t<div class=\"elementor-column elementor-col-100 elementor-top-column elementor-element elementor-element-d13bbb0 sc_content_align_inherit sc_layouts_column_icons_position_left sc_fly_static\" data-id=\"d13bbb0\" data-element_type=\"column\" data-settings=\"{&quot;background_background&quot;:&quot;classic&quot;}\">\n\t\t\t<div class=\"elementor-widget-wrap elementor-element-populated\">\n\t\t\t\t\t\t<div class=\"elementor-element elementor-element-692d073 elementor-widget__width-auto sc_fly_static elementor-widget elementor-widget-heading\" data-id=\"692d073\" data-element_type=\"widget\" data-widget_type=\"heading.default\">\n\t\t\t\t<div class=\"elementor-widget-container\">\n\t\t\t\t\t<h5 class=\"elementor-heading-title elementor-size-default\">DARBUOTOJ\u0172 DARBO APMOK\u0116JIMO SISTEMOS APRA\u0160AS<\/h5>\t\t\t\t<\/div>\n\t\t\t\t<\/div>\n\t\t\t\t<div class=\"elementor-element elementor-element-e1f9d14 elementor-widget__width-auto sc_fly_static elementor-widget elementor-widget-button\" data-id=\"e1f9d14\" data-element_type=\"widget\" data-widget_type=\"button.default\">\n\t\t\t\t<div class=\"elementor-widget-container\">\n\t\t\t\t\t\t\t\t\t<div class=\"elementor-button-wrapper\">\n\t\t\t\t\t<a class=\"elementor-button elementor-button-link elementor-size-sm\" href=\"http:\/\/grigiskiukc.lt\/wp-content\/uploads\/2026\/04\/Grigiskiu-kulturos-centro-darbuotoju-darbo-apmokejimo-sistema.pdf\" target=\"_blank\">\n\t\t\t\t\t\t<span class=\"elementor-button-content-wrapper\">\n\t\t\t\t\t\t<span class=\"elementor-button-icon\">\n\t\t\t\t<i aria-hidden=\"true\" class=\"fas fa-download\"><\/i>\t\t\t<\/span>\n\t\t\t\t\t\t\t\t\t<span class=\"elementor-button-text\">Atsisi\u0173sti <\/span>\n\t\t\t\t\t<\/span>\n\t\t\t\t\t<\/a>\n\t\t\t\t<\/div>\n\t\t\t\t\t\t\t\t<\/div>\n\t\t\t\t<\/div>\n\t\t\t\t\t<\/div>\n\t\t<\/div>\n\t\t\t\t\t<\/div>\n\t\t<\/section>\n\t\t\t\t<\/div>","protected":false},"excerpt":{"rendered":"<p>DARBUOTOJ\u0172 DARBO APMOK\u0116JIMO SISTEMOS APRA\u0160AS Atsisi\u0173sti<\/p>","protected":false},"author":9,"featured_media":0,"parent":0,"menu_order":0,"comment_status":"closed","ping_status":"closed","template":"","meta":{"footnotes":""},"yoast_head":"<!-- This site is optimized with the Yoast SEO plugin v24.5 - https:\/\/yoast.com\/wordpress\/plugins\/seo\/ -->\n<title>Kult\u016bros centro dokumentai &#8211; Grigi\u0161ki\u0173 kult\u016bros centras<\/title>\n<meta name=\"robots\" content=\"index, follow, max-snippet:-1, max-image-preview:large, max-video-preview:-1\" \/>\n<link rel=\"canonical\" href=\"https:\/\/grigiskiukc.lt\/en\/tvarkos-aprasai\/\" \/>\n<meta property=\"og:locale\" content=\"en_GB\" \/>\n<meta property=\"og:type\" content=\"article\" \/>\n<meta property=\"og:title\" content=\"Kult\u016bros centro dokumentai &#8211; Grigi\u0161ki\u0173 kult\u016bros centras\" \/>\n<meta property=\"og:description\" content=\"DARBUOTOJ\u0172 DARBO APMOK\u0116JIMO SISTEMOS APRA\u0160AS Atsisi\u0173sti\" \/>\n<meta property=\"og:url\" content=\"https:\/\/grigiskiukc.lt\/en\/tvarkos-aprasai\/\" \/>\n<meta property=\"og:site_name\" content=\"Grigi\u0161ki\u0173 kult\u016bros centras\" \/>\n<meta property=\"article:publisher\" content=\"https:\/\/www.facebook.com\/GrigiskiuKC\" \/>\n<meta property=\"article:modified_time\" content=\"2026-04-17T11:39:42+00:00\" \/>\n<meta property=\"og:image\" content=\"https:\/\/grigiskiukc.lt\/wp-content\/uploads\/revslider\/slider-1\/DJI_0078-scaled.jpg\" \/>\n\t<meta property=\"og:image:width\" content=\"2560\" \/>\n\t<meta property=\"og:image:height\" content=\"1706\" \/>\n\t<meta property=\"og:image:type\" content=\"image\/jpeg\" \/>\n<meta name=\"twitter:card\" content=\"summary_large_image\" \/>\n<meta name=\"twitter:label1\" content=\"Estimated reading time\" \/>\n\t<meta name=\"twitter:data1\" content=\"1 minute\" \/>\n<script type=\"application\/ld+json\" class=\"yoast-schema-graph\">{\"@context\":\"https:\/\/schema.org\",\"@graph\":[{\"@type\":\"WebPage\",\"@id\":\"https:\/\/grigiskiukc.lt\/tvarkos-aprasai\/\",\"url\":\"https:\/\/grigiskiukc.lt\/tvarkos-aprasai\/\",\"name\":\"Kult\u016bros centro dokumentai &#8211; Grigi\u0161ki\u0173 kult\u016bros centras\",\"isPartOf\":{\"@id\":\"https:\/\/grigiskiukc.lt\/#website\"},\"datePublished\":\"2026-04-17T11:30:20+00:00\",\"dateModified\":\"2026-04-17T11:39:42+00:00\",\"breadcrumb\":{\"@id\":\"https:\/\/grigiskiukc.lt\/tvarkos-aprasai\/#breadcrumb\"},\"inLanguage\":\"en-GB\",\"potentialAction\":[{\"@type\":\"ReadAction\",\"target\":[\"https:\/\/grigiskiukc.lt\/tvarkos-aprasai\/\"]}]},{\"@type\":\"BreadcrumbList\",\"@id\":\"https:\/\/grigiskiukc.lt\/tvarkos-aprasai\/#breadcrumb\",\"itemListElement\":[{\"@type\":\"ListItem\",\"position\":1,\"name\":\"Pagrindinis\",\"item\":\"https:\/\/grigiskiukc.lt\/\"},{\"@type\":\"ListItem\",\"position\":2,\"name\":\"Kult\u016bros centro dokumentai\"}]},{\"@type\":\"WebSite\",\"@id\":\"https:\/\/grigiskiukc.lt\/#website\",\"url\":\"https:\/\/grigiskiukc.lt\/\",\"name\":\"Grigi\u0161ki\u0173 kult\u016bros centras\",\"description\":\"\",\"publisher\":{\"@id\":\"https:\/\/grigiskiukc.lt\/#organization\"},\"alternateName\":\"Grigi\u0161ki\u0173 kult\u016bros centras\",\"potentialAction\":[{\"@type\":\"SearchAction\",\"target\":{\"@type\":\"EntryPoint\",\"urlTemplate\":\"https:\/\/grigiskiukc.lt\/?s={search_term_string}\"},\"query-input\":{\"@type\":\"PropertyValueSpecification\",\"valueRequired\":true,\"valueName\":\"search_term_string\"}}],\"inLanguage\":\"en-GB\"},{\"@type\":\"Organization\",\"@id\":\"https:\/\/grigiskiukc.lt\/#organization\",\"name\":\"Grigi\u0161ki\u0173 kult\u016bros centras\",\"url\":\"https:\/\/grigiskiukc.lt\/\",\"logo\":{\"@type\":\"ImageObject\",\"inLanguage\":\"en-GB\",\"@id\":\"https:\/\/grigiskiukc.lt\/#\/schema\/logo\/image\/\",\"url\":\"https:\/\/grigiskiukc.lt\/wp-content\/uploads\/2022\/09\/GKC-logo1.png\",\"contentUrl\":\"https:\/\/grigiskiukc.lt\/wp-content\/uploads\/2022\/09\/GKC-logo1.png\",\"width\":702,\"height\":261,\"caption\":\"Grigi\u0161ki\u0173 kult\u016bros centras\"},\"image\":{\"@id\":\"https:\/\/grigiskiukc.lt\/#\/schema\/logo\/image\/\"},\"sameAs\":[\"https:\/\/www.facebook.com\/GrigiskiuKC\"]}]}<\/script>\n<!-- \/ Yoast SEO plugin. -->","yoast_head_json":{"title":"Kult\u016bros centro dokumentai &#8211; Grigi\u0161ki\u0173 kult\u016bros centras","robots":{"index":"index","follow":"follow","max-snippet":"max-snippet:-1","max-image-preview":"max-image-preview:large","max-video-preview":"max-video-preview:-1"},"canonical":"https:\/\/grigiskiukc.lt\/en\/tvarkos-aprasai\/","og_locale":"en_GB","og_type":"article","og_title":"Kult\u016bros centro dokumentai &#8211; Grigi\u0161ki\u0173 kult\u016bros centras","og_description":"DARBUOTOJ\u0172 DARBO APMOK\u0116JIMO SISTEMOS APRA\u0160AS Atsisi\u0173sti","og_url":"https:\/\/grigiskiukc.lt\/en\/tvarkos-aprasai\/","og_site_name":"Grigi\u0161ki\u0173 kult\u016bros centras","article_publisher":"https:\/\/www.facebook.com\/GrigiskiuKC","article_modified_time":"2026-04-17T11:39:42+00:00","og_image":[{"width":2560,"height":1706,"url":"https:\/\/grigiskiukc.lt\/wp-content\/uploads\/revslider\/slider-1\/DJI_0078-scaled.jpg","type":"image\/jpeg"}],"twitter_card":"summary_large_image","twitter_misc":{"Estimated reading time":"1 minute"},"schema":{"@context":"https:\/\/schema.org","@graph":[{"@type":"WebPage","@id":"https:\/\/grigiskiukc.lt\/tvarkos-aprasai\/","url":"https:\/\/grigiskiukc.lt\/tvarkos-aprasai\/","name":"Kult\u016bros centro dokumentai &#8211; Grigi\u0161ki\u0173 kult\u016bros centras","isPartOf":{"@id":"https:\/\/grigiskiukc.lt\/#website"},"datePublished":"2026-04-17T11:30:20+00:00","dateModified":"2026-04-17T11:39:42+00:00","breadcrumb":{"@id":"https:\/\/grigiskiukc.lt\/tvarkos-aprasai\/#breadcrumb"},"inLanguage":"en-GB","potentialAction":[{"@type":"ReadAction","target":["https:\/\/grigiskiukc.lt\/tvarkos-aprasai\/"]}]},{"@type":"BreadcrumbList","@id":"https:\/\/grigiskiukc.lt\/tvarkos-aprasai\/#breadcrumb","itemListElement":[{"@type":"ListItem","position":1,"name":"Pagrindinis","item":"https:\/\/grigiskiukc.lt\/"},{"@type":"ListItem","position":2,"name":"Kult\u016bros centro dokumentai"}]},{"@type":"WebSite","@id":"https:\/\/grigiskiukc.lt\/#website","url":"https:\/\/grigiskiukc.lt\/","name":"Grigi\u0161ki\u0173 kult\u016bros centras","description":"","publisher":{"@id":"https:\/\/grigiskiukc.lt\/#organization"},"alternateName":"Grigi\u0161ki\u0173 kult\u016bros centras","potentialAction":[{"@type":"SearchAction","target":{"@type":"EntryPoint","urlTemplate":"https:\/\/grigiskiukc.lt\/?s={search_term_string}"},"query-input":{"@type":"PropertyValueSpecification","valueRequired":true,"valueName":"search_term_string"}}],"inLanguage":"en-GB"},{"@type":"Organization","@id":"https:\/\/grigiskiukc.lt\/#organization","name":"Grigi\u0161ki\u0173 kult\u016bros centras","url":"https:\/\/grigiskiukc.lt\/","logo":{"@type":"ImageObject","inLanguage":"en-GB","@id":"https:\/\/grigiskiukc.lt\/#\/schema\/logo\/image\/","url":"https:\/\/grigiskiukc.lt\/wp-content\/uploads\/2022\/09\/GKC-logo1.png","contentUrl":"https:\/\/grigiskiukc.lt\/wp-content\/uploads\/2022\/09\/GKC-logo1.png","width":702,"height":261,"caption":"Grigi\u0161ki\u0173 kult\u016bros centras"},"image":{"@id":"https:\/\/grigiskiukc.lt\/#\/schema\/logo\/image\/"},"sameAs":["https:\/\/www.facebook.com\/GrigiskiuKC"]}]}},"_links":{"self":[{"href":"https:\/\/grigiskiukc.lt\/en\/wp-json\/wp\/v2\/pages\/12396"}],"collection":[{"href":"https:\/\/grigiskiukc.lt\/en\/wp-json\/wp\/v2\/pages"}],"about":[{"href":"https:\/\/grigiskiukc.lt\/en\/wp-json\/wp\/v2\/types\/page"}],"author":[{"embeddable":true,"href":"https:\/\/grigiskiukc.lt\/en\/wp-json\/wp\/v2\/users\/9"}],"replies":[{"embeddable":true,"href":"https:\/\/grigiskiukc.lt\/en\/wp-json\/wp\/v2\/comments?post=12396"}],"version-history":[{"count":14,"href":"https:\/\/grigiskiukc.lt\/en\/wp-json\/wp\/v2\/pages\/12396\/revisions"}],"predecessor-version":[{"id":12412,"href":"https:\/\/grigiskiukc.lt\/en\/wp-json\/wp\/v2\/pages\/12396\/revisions\/12412"}],"wp:attachment":[{"href":"https:\/\/grigiskiukc.lt\/en\/wp-json\/wp\/v2\/media?parent=12396"}],"curies":[{"name":"wp","href":"https:\/\/api.w.org\/{rel}","templated":true}]}}