{"id":12315,"date":"2026-04-14T12:25:21","date_gmt":"2026-04-14T09:25:21","guid":{"rendered":"https:\/\/grigiskiukc.lt\/?page_id=12315"},"modified":"2026-04-14T13:35:49","modified_gmt":"2026-04-14T10:35:49","slug":"gestu-kalba","status":"publish","type":"page","link":"https:\/\/grigiskiukc.lt\/en\/gestu-kalba\/","title":{"rendered":"Informacija lietuvi\u0173 gest\u0173 kalba"},"content":{"rendered":"<div data-elementor-type=\"wp-page\" data-elementor-id=\"12315\" class=\"elementor elementor-12315\">\n\t\t\t\t\t\t<section class=\"elementor-section elementor-top-section elementor-element elementor-element-0a8dde9 elementor-section-boxed elementor-section-height-default elementor-section-height-default sc_fly_static\" data-id=\"0a8dde9\" data-element_type=\"section\">\n\t\t\t\t\t\t<div class=\"elementor-container elementor-column-gap-extended\">\n\t\t\t\t\t<div class=\"elementor-column elementor-col-100 elementor-top-column elementor-element elementor-element-abc0ff9 sc_content_align_inherit sc_layouts_column_icons_position_left sc_fly_static\" data-id=\"abc0ff9\" data-element_type=\"column\">\n\t\t\t<div class=\"elementor-widget-wrap elementor-element-populated\">\n\t\t\t\t\t\t<div class=\"elementor-element elementor-element-61fb0dc sc_fly_static elementor-widget elementor-widget-heading\" data-id=\"61fb0dc\" data-element_type=\"widget\" data-widget_type=\"heading.default\">\n\t\t\t\t<div class=\"elementor-widget-container\">\n\t\t\t\t\t<h5 class=\"elementor-heading-title elementor-size-default\">Informacija ruo\u0161iama.<\/h5>\t\t\t\t<\/div>\n\t\t\t\t<\/div>\n\t\t\t\t\t<\/div>\n\t\t<\/div>\n\t\t\t\t\t<\/div>\n\t\t<\/section>\n\t\t\t\t<section class=\"elementor-section elementor-top-section elementor-element elementor-element-aa1478d elementor-section-boxed elementor-section-height-default elementor-section-height-default sc_fly_static\" data-id=\"aa1478d\" data-element_type=\"section\">\n\t\t\t\t\t\t<div class=\"elementor-container elementor-column-gap-extended\">\n\t\t\t\t\t<div class=\"elementor-column elementor-col-100 elementor-top-column elementor-element elementor-element-789cda8 sc_content_align_inherit sc_layouts_column_icons_position_left sc_fly_static\" data-id=\"789cda8\" data-element_type=\"column\">\n\t\t\t<div class=\"elementor-widget-wrap elementor-element-populated\">\n\t\t\t\t\t\t<div class=\"elementor-element elementor-element-df5a443 sc_fly_static elementor-widget elementor-widget-image\" data-id=\"df5a443\" data-element_type=\"widget\" data-widget_type=\"image.default\">\n\t\t\t\t<div class=\"elementor-widget-container\">\n\t\t\t\t\t\t\t\t\t\t\t\t\t\t\t<img fetchpriority=\"high\" decoding=\"async\" width=\"225\" height=\"225\" src=\"https:\/\/grigiskiukc.lt\/wp-content\/uploads\/2023\/01\/Background.svg\" class=\"attachment-medium size-medium wp-image-12299\" alt=\"\" \/>\t\t\t\t\t\t\t\t\t\t\t\t\t\t\t<\/div>\n\t\t\t\t<\/div>\n\t\t\t\t\t<\/div>\n\t\t<\/div>\n\t\t\t\t\t<\/div>\n\t\t<\/section>\n\t\t\t\t<\/div>","protected":false},"excerpt":{"rendered":"<p>Informacija ruo\u0161iama.<\/p>","protected":false},"author":9,"featured_media":0,"parent":0,"menu_order":0,"comment_status":"closed","ping_status":"closed","template":"","meta":{"footnotes":""},"yoast_head":"<!-- This site is optimized with the Yoast SEO plugin v24.5 - https:\/\/yoast.com\/wordpress\/plugins\/seo\/ -->\n<title>Informacija lietuvi\u0173 gest\u0173 kalba &#8211; Grigi\u0161ki\u0173 kult\u016bros centras<\/title>\n<meta name=\"robots\" content=\"index, follow, max-snippet:-1, max-image-preview:large, max-video-preview:-1\" \/>\n<link rel=\"canonical\" href=\"https:\/\/grigiskiukc.lt\/en\/gestu-kalba\/\" \/>\n<meta property=\"og:locale\" content=\"en_GB\" \/>\n<meta property=\"og:type\" content=\"article\" \/>\n<meta property=\"og:title\" content=\"Informacija lietuvi\u0173 gest\u0173 kalba &#8211; Grigi\u0161ki\u0173 kult\u016bros centras\" \/>\n<meta property=\"og:description\" content=\"Informacija ruo\u0161iama.\" \/>\n<meta property=\"og:url\" content=\"https:\/\/grigiskiukc.lt\/en\/gestu-kalba\/\" \/>\n<meta property=\"og:site_name\" content=\"Grigi\u0161ki\u0173 kult\u016bros centras\" \/>\n<meta property=\"article:publisher\" content=\"https:\/\/www.facebook.com\/GrigiskiuKC\" \/>\n<meta property=\"article:modified_time\" content=\"2026-04-14T10:35:49+00:00\" \/>\n<meta property=\"og:image\" content=\"http:\/\/grigiskiukc.lt\/wp-content\/uploads\/2023\/01\/Background.svg\" \/>\n<meta name=\"twitter:card\" content=\"summary_large_image\" \/>\n<meta name=\"twitter:label1\" content=\"Estimated reading time\" \/>\n\t<meta name=\"twitter:data1\" content=\"1 minute\" \/>\n<script type=\"application\/ld+json\" class=\"yoast-schema-graph\">{\"@context\":\"https:\/\/schema.org\",\"@graph\":[{\"@type\":\"WebPage\",\"@id\":\"https:\/\/grigiskiukc.lt\/gestu-kalba\/\",\"url\":\"https:\/\/grigiskiukc.lt\/gestu-kalba\/\",\"name\":\"Informacija lietuvi\u0173 gest\u0173 kalba &#8211; Grigi\u0161ki\u0173 kult\u016bros centras\",\"isPartOf\":{\"@id\":\"https:\/\/grigiskiukc.lt\/#website\"},\"primaryImageOfPage\":{\"@id\":\"https:\/\/grigiskiukc.lt\/gestu-kalba\/#primaryimage\"},\"image\":{\"@id\":\"https:\/\/grigiskiukc.lt\/gestu-kalba\/#primaryimage\"},\"thumbnailUrl\":\"http:\/\/grigiskiukc.lt\/wp-content\/uploads\/2023\/01\/Background.svg\",\"datePublished\":\"2026-04-14T09:25:21+00:00\",\"dateModified\":\"2026-04-14T10:35:49+00:00\",\"breadcrumb\":{\"@id\":\"https:\/\/grigiskiukc.lt\/gestu-kalba\/#breadcrumb\"},\"inLanguage\":\"en-GB\",\"potentialAction\":[{\"@type\":\"ReadAction\",\"target\":[\"https:\/\/grigiskiukc.lt\/gestu-kalba\/\"]}]},{\"@type\":\"ImageObject\",\"inLanguage\":\"en-GB\",\"@id\":\"https:\/\/grigiskiukc.lt\/gestu-kalba\/#primaryimage\",\"url\":\"http:\/\/grigiskiukc.lt\/wp-content\/uploads\/2023\/01\/Background.svg\",\"contentUrl\":\"http:\/\/grigiskiukc.lt\/wp-content\/uploads\/2023\/01\/Background.svg\"},{\"@type\":\"BreadcrumbList\",\"@id\":\"https:\/\/grigiskiukc.lt\/gestu-kalba\/#breadcrumb\",\"itemListElement\":[{\"@type\":\"ListItem\",\"position\":1,\"name\":\"Pagrindinis\",\"item\":\"https:\/\/grigiskiukc.lt\/\"},{\"@type\":\"ListItem\",\"position\":2,\"name\":\"Informacija lietuvi\u0173 gest\u0173 kalba\"}]},{\"@type\":\"WebSite\",\"@id\":\"https:\/\/grigiskiukc.lt\/#website\",\"url\":\"https:\/\/grigiskiukc.lt\/\",\"name\":\"Grigi\u0161ki\u0173 kult\u016bros centras\",\"description\":\"\",\"publisher\":{\"@id\":\"https:\/\/grigiskiukc.lt\/#organization\"},\"alternateName\":\"Grigi\u0161ki\u0173 kult\u016bros centras\",\"potentialAction\":[{\"@type\":\"SearchAction\",\"target\":{\"@type\":\"EntryPoint\",\"urlTemplate\":\"https:\/\/grigiskiukc.lt\/?s={search_term_string}\"},\"query-input\":{\"@type\":\"PropertyValueSpecification\",\"valueRequired\":true,\"valueName\":\"search_term_string\"}}],\"inLanguage\":\"en-GB\"},{\"@type\":\"Organization\",\"@id\":\"https:\/\/grigiskiukc.lt\/#organization\",\"name\":\"Grigi\u0161ki\u0173 kult\u016bros centras\",\"url\":\"https:\/\/grigiskiukc.lt\/\",\"logo\":{\"@type\":\"ImageObject\",\"inLanguage\":\"en-GB\",\"@id\":\"https:\/\/grigiskiukc.lt\/#\/schema\/logo\/image\/\",\"url\":\"https:\/\/grigiskiukc.lt\/wp-content\/uploads\/2022\/09\/GKC-logo1.png\",\"contentUrl\":\"https:\/\/grigiskiukc.lt\/wp-content\/uploads\/2022\/09\/GKC-logo1.png\",\"width\":702,\"height\":261,\"caption\":\"Grigi\u0161ki\u0173 kult\u016bros centras\"},\"image\":{\"@id\":\"https:\/\/grigiskiukc.lt\/#\/schema\/logo\/image\/\"},\"sameAs\":[\"https:\/\/www.facebook.com\/GrigiskiuKC\"]}]}<\/script>\n<!-- \/ Yoast SEO plugin. -->","yoast_head_json":{"title":"Informacija lietuvi\u0173 gest\u0173 kalba &#8211; Grigi\u0161ki\u0173 kult\u016bros centras","robots":{"index":"index","follow":"follow","max-snippet":"max-snippet:-1","max-image-preview":"max-image-preview:large","max-video-preview":"max-video-preview:-1"},"canonical":"https:\/\/grigiskiukc.lt\/en\/gestu-kalba\/","og_locale":"en_GB","og_type":"article","og_title":"Informacija lietuvi\u0173 gest\u0173 kalba &#8211; Grigi\u0161ki\u0173 kult\u016bros centras","og_description":"Informacija ruo\u0161iama.","og_url":"https:\/\/grigiskiukc.lt\/en\/gestu-kalba\/","og_site_name":"Grigi\u0161ki\u0173 kult\u016bros centras","article_publisher":"https:\/\/www.facebook.com\/GrigiskiuKC","article_modified_time":"2026-04-14T10:35:49+00:00","og_image":[{"url":"http:\/\/grigiskiukc.lt\/wp-content\/uploads\/2023\/01\/Background.svg","type":"","width":"","height":""}],"twitter_card":"summary_large_image","twitter_misc":{"Estimated reading time":"1 minute"},"schema":{"@context":"https:\/\/schema.org","@graph":[{"@type":"WebPage","@id":"https:\/\/grigiskiukc.lt\/gestu-kalba\/","url":"https:\/\/grigiskiukc.lt\/gestu-kalba\/","name":"Informacija lietuvi\u0173 gest\u0173 kalba &#8211; Grigi\u0161ki\u0173 kult\u016bros centras","isPartOf":{"@id":"https:\/\/grigiskiukc.lt\/#website"},"primaryImageOfPage":{"@id":"https:\/\/grigiskiukc.lt\/gestu-kalba\/#primaryimage"},"image":{"@id":"https:\/\/grigiskiukc.lt\/gestu-kalba\/#primaryimage"},"thumbnailUrl":"http:\/\/grigiskiukc.lt\/wp-content\/uploads\/2023\/01\/Background.svg","datePublished":"2026-04-14T09:25:21+00:00","dateModified":"2026-04-14T10:35:49+00:00","breadcrumb":{"@id":"https:\/\/grigiskiukc.lt\/gestu-kalba\/#breadcrumb"},"inLanguage":"en-GB","potentialAction":[{"@type":"ReadAction","target":["https:\/\/grigiskiukc.lt\/gestu-kalba\/"]}]},{"@type":"ImageObject","inLanguage":"en-GB","@id":"https:\/\/grigiskiukc.lt\/gestu-kalba\/#primaryimage","url":"http:\/\/grigiskiukc.lt\/wp-content\/uploads\/2023\/01\/Background.svg","contentUrl":"http:\/\/grigiskiukc.lt\/wp-content\/uploads\/2023\/01\/Background.svg"},{"@type":"BreadcrumbList","@id":"https:\/\/grigiskiukc.lt\/gestu-kalba\/#breadcrumb","itemListElement":[{"@type":"ListItem","position":1,"name":"Pagrindinis","item":"https:\/\/grigiskiukc.lt\/"},{"@type":"ListItem","position":2,"name":"Informacija lietuvi\u0173 gest\u0173 kalba"}]},{"@type":"WebSite","@id":"https:\/\/grigiskiukc.lt\/#website","url":"https:\/\/grigiskiukc.lt\/","name":"Grigi\u0161ki\u0173 kult\u016bros centras","description":"","publisher":{"@id":"https:\/\/grigiskiukc.lt\/#organization"},"alternateName":"Grigi\u0161ki\u0173 kult\u016bros centras","potentialAction":[{"@type":"SearchAction","target":{"@type":"EntryPoint","urlTemplate":"https:\/\/grigiskiukc.lt\/?s={search_term_string}"},"query-input":{"@type":"PropertyValueSpecification","valueRequired":true,"valueName":"search_term_string"}}],"inLanguage":"en-GB"},{"@type":"Organization","@id":"https:\/\/grigiskiukc.lt\/#organization","name":"Grigi\u0161ki\u0173 kult\u016bros centras","url":"https:\/\/grigiskiukc.lt\/","logo":{"@type":"ImageObject","inLanguage":"en-GB","@id":"https:\/\/grigiskiukc.lt\/#\/schema\/logo\/image\/","url":"https:\/\/grigiskiukc.lt\/wp-content\/uploads\/2022\/09\/GKC-logo1.png","contentUrl":"https:\/\/grigiskiukc.lt\/wp-content\/uploads\/2022\/09\/GKC-logo1.png","width":702,"height":261,"caption":"Grigi\u0161ki\u0173 kult\u016bros centras"},"image":{"@id":"https:\/\/grigiskiukc.lt\/#\/schema\/logo\/image\/"},"sameAs":["https:\/\/www.facebook.com\/GrigiskiuKC"]}]}},"_links":{"self":[{"href":"https:\/\/grigiskiukc.lt\/en\/wp-json\/wp\/v2\/pages\/12315"}],"collection":[{"href":"https:\/\/grigiskiukc.lt\/en\/wp-json\/wp\/v2\/pages"}],"about":[{"href":"https:\/\/grigiskiukc.lt\/en\/wp-json\/wp\/v2\/types\/page"}],"author":[{"embeddable":true,"href":"https:\/\/grigiskiukc.lt\/en\/wp-json\/wp\/v2\/users\/9"}],"replies":[{"embeddable":true,"href":"https:\/\/grigiskiukc.lt\/en\/wp-json\/wp\/v2\/comments?post=12315"}],"version-history":[{"count":18,"href":"https:\/\/grigiskiukc.lt\/en\/wp-json\/wp\/v2\/pages\/12315\/revisions"}],"predecessor-version":[{"id":12387,"href":"https:\/\/grigiskiukc.lt\/en\/wp-json\/wp\/v2\/pages\/12315\/revisions\/12387"}],"wp:attachment":[{"href":"https:\/\/grigiskiukc.lt\/en\/wp-json\/wp\/v2\/media?parent=12315"}],"curies":[{"name":"wp","href":"https:\/\/api.w.org\/{rel}","templated":true}]}}